{"id":40055,"date":"2018-11-19T11:49:59","date_gmt":"2018-11-19T09:50:01","guid":{"rendered":"https:\/\/www.customeeple.com\/?post_type=product&#038;p=40055"},"modified":"2018-11-23T12:18:18","modified_gmt":"2018-11-23T10:18:18","slug":"keyforge-compatible-deluxe-stone-token-pack10-units","status":"publish","type":"product","link":"https:\/\/www.customeeple.com\/es\/producto\/keyforge-compatible-deluxe-stone-token-pack10-units\/","title":{"rendered":"Keyforge compatible Stone token V2 (10 Units)"},"content":{"rendered":"<p>Estos tokens son perfectos para marcar las piedras de poder que vas ganando en juegos como\u00a0<strong><a href=\"https:\/\/www.fantasyflightgames.com\/en\/products\/keyforge\/\">Keyforge<\/a><\/strong><\/p>\n<p>El pack incluye:<\/p>\n<ul>\n<li>7: Piedras valor 1<\/li>\n<li>2: Piedras valor 3<\/li>\n<li>1: Piedra valor 5<\/li>\n<\/ul>\n<p>Todas las piezas son compatibles con\u00a0\u00a0<strong><a href=\"https:\/\/www.fantasyflightgames.com\/en\/products\/keyforge\/\">Keyforge<\/a><\/strong><\/p>\n<p><strong>Material:<\/strong>\u00a0 Metacrilato amarillo<\/p>\n<div class=\"moreinfo\">\n<p><strong>Tama\u00f1o:\u00a0<\/strong>var\u00eda<\/p>\n<p><strong>Espesor:<\/strong>\u00a03 mm<\/p>\n<p><strong>Cantidad :<\/strong>\u00a010 Unidades<\/p>\n<p><strong>Uso: <\/strong>Piezas para juegos<\/p>\n<\/div>\n<p><strong><a href=\"https:\/\/www.fantasyflightgames.com\/en\/products\/keyforge\/\">Keyforge<\/a> <\/strong>es un juego publicado por\u00a0<a href=\"http:\/\/www.fantasyflightgames.com\/\"><strong>Fantasy Flight Publishing Inc<\/strong><\/a>. <strong>Customeeple<\/strong>\u00a0no mantiene ninguna relaci\u00f3n con esa compa\u00f1\u00eda y este producto no est\u00e1 de ninguna manera patrocinado por ellos.<\/p>\n","protected":false},"excerpt":{"rendered":"<p>Tokens compatible with <strong><a href=\"https:\/\/www.fantasyflightgames.com\/en\/products\/keyforge\/\">Keyforge<\/a><\/strong><\/p>\n","protected":false},"featured_media":40051,"template":"","meta":{"_acf_changed":false},"product_brand":[],"product_cat":[191,1370,1449,78],"product_tag":[1450],"class_list":{"0":"post-40055","1":"product","2":"type-product","3":"status-publish","4":"has-post-thumbnail","6":"product_cat-accesorios","7":"product_cat-customeeple-es","8":"product_cat-keyforge-es","9":"product_cat-meeple-2","10":"product_tag-keyforge-es","12":"first","13":"instock","14":"taxable","15":"shipping-taxable","16":"purchasable","17":"product-type-simple"},"exclude_global_add_ons":[],"addons":[],"acf":[],"_links":{"self":[{"href":"https:\/\/www.customeeple.com\/es\/wp-json\/wp\/v2\/product\/40055","targetHints":{"allow":["GET"]}}],"collection":[{"href":"https:\/\/www.customeeple.com\/es\/wp-json\/wp\/v2\/product"}],"about":[{"href":"https:\/\/www.customeeple.com\/es\/wp-json\/wp\/v2\/types\/product"}],"wp:featuredmedia":[{"embeddable":true,"href":"https:\/\/www.customeeple.com\/es\/wp-json\/wp\/v2\/media\/40051"}],"wp:attachment":[{"href":"https:\/\/www.customeeple.com\/es\/wp-json\/wp\/v2\/media?parent=40055"}],"wp:term":[{"taxonomy":"product_brand","embeddable":true,"href":"https:\/\/www.customeeple.com\/es\/wp-json\/wp\/v2\/product_brand?post=40055"},{"taxonomy":"product_cat","embeddable":true,"href":"https:\/\/www.customeeple.com\/es\/wp-json\/wp\/v2\/product_cat?post=40055"},{"taxonomy":"product_tag","embeddable":true,"href":"https:\/\/www.customeeple.com\/es\/wp-json\/wp\/v2\/product_tag?post=40055"}],"curies":[{"name":"wp","href":"https:\/\/api.w.org\/{rel}","templated":true}]}}