{"id":39696,"date":"2018-10-18T16:03:37","date_gmt":"2018-10-18T14:03:38","guid":{"rendered":"https:\/\/www.customeeple.com\/?post_type=product&#038;p=39696"},"modified":"2018-10-22T13:32:56","modified_gmt":"2018-10-22T11:32:56","slug":"aristeia-expositor-equipo","status":"publish","type":"product","link":"https:\/\/www.customeeple.com\/es\/producto\/aristeia-expositor-equipo\/","title":{"rendered":"Aristeia! expositor de equipo"},"content":{"rendered":"<div class=\"add-top p_collection\">\n<p><strong>Aristeia! es el nuevo juego de deportes de Corvus Belli, un juego de mesa estilo MOBA que permite a dos jugadores asumir el papel de los jefes de equipo en el espect\u00e1culo visual m\u00e1s grandioso de la Esfera Humana.<\/strong><\/p>\n<\/div>\n<p>Un producto perfecto para tus equipos de\u00a0\u00a0<b><a href=\"https:\/\/aristeiathegame.com\/\">Aristeia!<\/a><\/b>Nuestro expositor de equipo te permite tener organizadas tus miniaturas mientras no est\u00e9n en juego dejandolas en un ambiente perfecto. Cada bandeja tiene espacios para los 8 <strong>Aristos<\/strong> de tu equipo.<\/p>\n<p>El espacio de las bases incluye un hueco para un im\u00e1n de 8 mm\u00a0 as\u00ed puedes imantar\u00a0 tus minis haciendo la bandeja perfecta para usar en torneos y mover facilmente tu equipo de mesa en mesa.<\/p>\n<p><strong>Nota: <\/strong>El disco trasero esta pensado para que coloques el logo de tu equipo. Se deja intencionadamente en blanco de manera que puedas pintarlo o pegarle una pegatine. Si quieres que dise\u00f1emos para ti una plantilla de estarcido para pintarlo m\u00e1s f\u00e1cilmente <a href=\"\/?page_id=641\"><strong>contacta con nosotros.<\/strong><\/a><\/p>\n<div class=\"add-top p_collection\">\n<p>Este producto ha sido realizado en colaboraci\u00f3n con\u00a0\u00a0<strong><a href=\"http:\/\/www.corvusbelli.com\/\">Corvus Belli<\/a><\/strong>\u00a0para ser totalmente compatible con\u00a0 <b><a href=\"https:\/\/aristeiathegame.com\/\">Aristeia! the game<\/a>.<\/b><\/p>\n<\/div>\n<div class=\"moreinfo\">\n<p><strong>Material:<\/strong>\u00a0MDF +metacrilato<\/p>\n<p dir=\"ltr\"><strong>Espesor:<\/strong>\u00a03 mm<\/p>\n<p dir=\"ltr\"><strong>Tama\u00f1o: <\/strong>22 x 11 x 7 cm<strong><br \/>\n<\/strong><\/p>\n<\/div>\n<div class=\"infopreorder\"><strong>\u00a0Cantidad: <\/strong>\u00a01 bandeja<\/div>\n<div><\/div>\n<div class=\"infopreorder\"><strong>Nota:<\/strong>\u00a0El producto se vende sin montar ni pintar, necesitar\u00e1s pegamento para ensamablarlo. Logo y minis no incluidos<\/div>\n","protected":false},"excerpt":{"rendered":"<p>Bandeja para exponer<a href=\"https:\/\/aristeiathegame.com\/\"><b>\u00a0Aristeia!<\/b><\/a><\/p>\n","protected":false},"featured_media":39661,"template":"","meta":{"_acf_changed":false},"product_brand":[],"product_cat":[1323,1371,1370,1372],"product_tag":[1324],"class_list":{"0":"post-39696","1":"product","2":"type-product","3":"status-publish","4":"has-post-thumbnail","6":"product_cat-aristeia-es","7":"product_cat-aristeia-es-2","8":"product_cat-customeeple-es","9":"product_cat-sci-fi-es","10":"product_tag-aristeia-es","12":"first","13":"instock","14":"taxable","15":"shipping-taxable","16":"purchasable","17":"product-type-simple"},"exclude_global_add_ons":[],"addons":[],"acf":[],"_links":{"self":[{"href":"https:\/\/www.customeeple.com\/es\/wp-json\/wp\/v2\/product\/39696","targetHints":{"allow":["GET"]}}],"collection":[{"href":"https:\/\/www.customeeple.com\/es\/wp-json\/wp\/v2\/product"}],"about":[{"href":"https:\/\/www.customeeple.com\/es\/wp-json\/wp\/v2\/types\/product"}],"wp:featuredmedia":[{"embeddable":true,"href":"https:\/\/www.customeeple.com\/es\/wp-json\/wp\/v2\/media\/39661"}],"wp:attachment":[{"href":"https:\/\/www.customeeple.com\/es\/wp-json\/wp\/v2\/media?parent=39696"}],"wp:term":[{"taxonomy":"product_brand","embeddable":true,"href":"https:\/\/www.customeeple.com\/es\/wp-json\/wp\/v2\/product_brand?post=39696"},{"taxonomy":"product_cat","embeddable":true,"href":"https:\/\/www.customeeple.com\/es\/wp-json\/wp\/v2\/product_cat?post=39696"},{"taxonomy":"product_tag","embeddable":true,"href":"https:\/\/www.customeeple.com\/es\/wp-json\/wp\/v2\/product_tag?post=39696"}],"curies":[{"name":"wp","href":"https:\/\/api.w.org\/{rel}","templated":true}]}}