{"id":39691,"date":"2018-10-18T15:18:15","date_gmt":"2018-10-18T13:18:16","guid":{"rendered":"https:\/\/www.customeeple.com\/?post_type=product&#038;p=39691"},"modified":"2018-10-22T13:33:19","modified_gmt":"2018-10-22T11:33:19","slug":"aristeia-visi-pantalla","status":"publish","type":"product","link":"https:\/\/www.customeeple.com\/es\/producto\/aristeia-visi-pantalla\/","title":{"rendered":"Aristeia! Visi-pantallas para el Hexadome (2 Uds)"},"content":{"rendered":"<div class=\"add-top p_collection\">\n<p><strong>Aristeia! es el nuevo juego de deportes de Corvus Belli, un juego de mesa estilo MOBA que permite a dos jugadores asumir el papel de los jefes de equipo en el espect\u00e1culo visual m\u00e1s grandioso de la Esfera Humana.<\/strong><\/p>\n<p>Cansado de las cartas extra de las expansiones de <b><a href=\"https:\/\/aristeiathegame.com\/\">Aristeia!<\/a><\/b>\u00a0 No sabes que hacer con ellas, est\u00e1n en idiomas que no comprendes&#8230; aqui est\u00e1 nuestra soluci\u00f3n para ellas rompelas&#8230;<\/p>\n<\/div>\n<p>&#8230;para poder utilizarlas en nuestras visi-pantallas.<\/p>\n<p>Este pack contiene dos escenograf\u00edas de terreno bloqueado: una de 3 y otra de 4 espacios. Los muros est\u00e1n dise\u00f1ados de manera que tienen una ranura en la parte superior en la que puedes insertar las cartas sobrantes de las expansiones (previamente recortadas) Usa las im\u00e1genes de tu Aristo preferido para decortar tu hexadome.<\/p>\n<div class=\"add-top p_collection\">\n<p>Este producto ha sido realizado en colaboraci\u00f3n con\u00a0\u00a0<strong><a href=\"http:\/\/www.corvusbelli.com\/\">Corvus Belli<\/a><\/strong>\u00a0para ser totalmente compatible con\u00a0 <b><a href=\"https:\/\/aristeiathegame.com\/\">Aristeia! the game<\/a>.<\/b><\/p>\n<\/div>\n<div class=\"moreinfo\">\n<p><strong>Material:<\/strong>\u00a0MDF +metacrilato<\/p>\n<p dir=\"ltr\"><strong>Espesor:<\/strong>\u00a03 y 2,5mm<\/p>\n<p dir=\"ltr\"><strong>Tama\u00f1o: <\/strong>8,5 x 4 x 6 cm \/ 4,5 x 11,5 x 6 cm<strong><br \/>\n<\/strong><\/p>\n<\/div>\n<div class=\"infopreorder\"><strong>\u00a0Cantidad: <\/strong>\u00a02 piezas<\/div>\n<div><\/div>\n<div class=\"infopreorder\"><strong>Nota:<\/strong>El color de las piezas de metacrilato puede variar ligeramente del de las fotos. El producto se vende sin montar ni pintar, necesitar\u00e1s pegamento para ensamablarlo. Minis y cartas no incluidas.<\/div>\n","protected":false},"excerpt":{"rendered":"<p>Escenograf\u00eda para Aristeia!<\/p>\n","protected":false},"featured_media":39655,"template":"","meta":{"_acf_changed":false},"product_brand":[],"product_cat":[1323,1371,1370,1372],"product_tag":[1324],"class_list":{"0":"post-39691","1":"product","2":"type-product","3":"status-publish","4":"has-post-thumbnail","6":"product_cat-aristeia-es","7":"product_cat-aristeia-es-2","8":"product_cat-customeeple-es","9":"product_cat-sci-fi-es","10":"product_tag-aristeia-es","12":"first","13":"instock","14":"taxable","15":"shipping-taxable","16":"purchasable","17":"product-type-simple"},"exclude_global_add_ons":[],"addons":[],"acf":[],"_links":{"self":[{"href":"https:\/\/www.customeeple.com\/es\/wp-json\/wp\/v2\/product\/39691","targetHints":{"allow":["GET"]}}],"collection":[{"href":"https:\/\/www.customeeple.com\/es\/wp-json\/wp\/v2\/product"}],"about":[{"href":"https:\/\/www.customeeple.com\/es\/wp-json\/wp\/v2\/types\/product"}],"wp:featuredmedia":[{"embeddable":true,"href":"https:\/\/www.customeeple.com\/es\/wp-json\/wp\/v2\/media\/39655"}],"wp:attachment":[{"href":"https:\/\/www.customeeple.com\/es\/wp-json\/wp\/v2\/media?parent=39691"}],"wp:term":[{"taxonomy":"product_brand","embeddable":true,"href":"https:\/\/www.customeeple.com\/es\/wp-json\/wp\/v2\/product_brand?post=39691"},{"taxonomy":"product_cat","embeddable":true,"href":"https:\/\/www.customeeple.com\/es\/wp-json\/wp\/v2\/product_cat?post=39691"},{"taxonomy":"product_tag","embeddable":true,"href":"https:\/\/www.customeeple.com\/es\/wp-json\/wp\/v2\/product_tag?post=39691"}],"curies":[{"name":"wp","href":"https:\/\/api.w.org\/{rel}","templated":true}]}}