{"id":39543,"date":"2018-10-10T15:40:17","date_gmt":"2018-10-10T14:40:17","guid":{"rendered":"https:\/\/www.customeeple.com\/?post_type=product&#038;p=39543"},"modified":"2019-07-24T13:34:43","modified_gmt":"2019-07-24T11:34:43","slug":"whu-box-insert-1-unit-es","status":"publish","type":"product","link":"https:\/\/www.customeeple.com\/es\/producto\/whu-box-insert-1-unit-es\/","title":{"rendered":"WHU Box Insert (1 Uds"},"content":{"rendered":"<p>Un inserto para la caja de\u00a0\u00a0<strong><a href=\"https:\/\/www.games-workshop.com\/en-GB\/Thorns-of-the-Briar-Queen-Collection-2018-eng\">Warhammer\u00ae Underworlds: Nightvault&#x2122;<\/a>\u00a0<\/strong><\/p>\n<div id=\"gt-src-c\" class=\"g-unit\">\n<div id=\"gt-src-p\">\n<div id=\"gt-src-wrap\" class=\"\">\n<div>\n<div class=\"_1BN1N Kzi1t MoE_1 _2DJZN\">\n<div class=\"_1HjH7\">\n<div class=\"_3qe6h\" title=\"Protected by Grammarly\">Tiene espacio suficiente para almacenar gran numero de cartas, incluyendo: 8 espacios peque\u00f1os ideales\u00a0 las cartas espec\u00edficas de cada banda y 6 espacios m\u00e1s grandes perfectos para almacenar las cartas gen\u00e9ricas, lideres y marcadores o dados.<\/div>\n<\/div>\n<\/div>\n<\/div>\n<\/div>\n<\/div>\n<\/div>\n<div id=\"gt-res-c\" class=\"g-unit\">\n<div id=\"gt-res-p\">\n<div id=\"gt-res-data\">\n<div id=\"gt-res-wrap\">\n<div id=\"gt-res-content\">\n<div id=\"gt-res-dir-ctr\" class=\"trans-verified-button-small\" dir=\"ltr\">\n<p><span class=\"\">Nuestro <strong>WHU BOX INSERT<\/strong> separa la caja en 2 columnas de 9,2 cm, para que pueda guardar la cartas horizontalmente.<\/span><\/p>\n<p><span class=\"\">Incluimos 6 separadores dobles perfectamente compatibles con el inserto.<\/span><\/p>\n<\/div>\n<\/div>\n<\/div>\n<\/div>\n<\/div>\n<\/div>\n<p>Este producto es compatible con el juego <strong><a href=\"https:\/\/www.games-workshop.com\/en-GB\/Thorns-of-the-Briar-Queen-Collection-2018-eng\">Warhammer\u00ae Underworlds: Nightvault&#x2122;<\/a><\/strong><\/p>\n<div class=\"moreinfo\">\n<p><strong>Material:<\/strong> MDF<\/p>\n<p dir=\"ltr\"><strong>Cantidad: <\/strong>1 inserto<\/p>\n<\/div>\n<div class=\"infopreorder\">\n<div>* Compatible con <strong><a href=\"https:\/\/www.games-workshop.com\/en-GB\/Thorns-of-the-Briar-Queen-Collection-2018-eng\">Warhammer\u00ae Underworlds: Nightvault&#x2122;<\/a><\/strong>. Warhammer Underworlds es una marca registrada de <a href=\"https:\/\/www.games-workshop.com\/en-GB\/Home\"><strong>Games Workshop<\/strong><\/a>. Customeeple no est\u00e1 afiliado a Games Workshop Limited y estos productos no est\u00e1n respaldados por ellos.<\/div>\n<\/div>\n","protected":false},"excerpt":{"rendered":"<p>Inserto perfecto para\u00a0 <strong><a href=\"https:\/\/www.games-workshop.com\/en-GB\/Thorns-of-the-Briar-Queen-Collection-2018-eng\">Warhammer\u00ae Underworlds: Nightvault<\/a><\/strong><\/p>\n","protected":false},"featured_media":39527,"template":"","meta":{"_acf_changed":false},"product_brand":[],"product_cat":[1370,1400,1395,1391,1349,1426],"product_tag":[1264,1280,1595,786],"class_list":{"0":"post-39543","1":"product","2":"type-product","3":"status-publish","4":"has-post-thumbnail","6":"product_cat-customeeple-es","7":"product_cat-fantasia","8":"product_cat-insertos","9":"product_cat-deck-holders-es","10":"product_cat-warhammer-shadespire-es","11":"product_cat-whu-spire-es","12":"product_tag-boardgame-es","13":"product_tag-juego-de-mesa-es","14":"product_tag-shadespire-es","15":"product_tag-warhammer-es-2","17":"first","18":"instock","19":"taxable","20":"shipping-taxable","21":"purchasable","22":"product-type-simple"},"exclude_global_add_ons":[],"addons":[],"acf":[],"_links":{"self":[{"href":"https:\/\/www.customeeple.com\/es\/wp-json\/wp\/v2\/product\/39543","targetHints":{"allow":["GET"]}}],"collection":[{"href":"https:\/\/www.customeeple.com\/es\/wp-json\/wp\/v2\/product"}],"about":[{"href":"https:\/\/www.customeeple.com\/es\/wp-json\/wp\/v2\/types\/product"}],"wp:featuredmedia":[{"embeddable":true,"href":"https:\/\/www.customeeple.com\/es\/wp-json\/wp\/v2\/media\/39527"}],"wp:attachment":[{"href":"https:\/\/www.customeeple.com\/es\/wp-json\/wp\/v2\/media?parent=39543"}],"wp:term":[{"taxonomy":"product_brand","embeddable":true,"href":"https:\/\/www.customeeple.com\/es\/wp-json\/wp\/v2\/product_brand?post=39543"},{"taxonomy":"product_cat","embeddable":true,"href":"https:\/\/www.customeeple.com\/es\/wp-json\/wp\/v2\/product_cat?post=39543"},{"taxonomy":"product_tag","embeddable":true,"href":"https:\/\/www.customeeple.com\/es\/wp-json\/wp\/v2\/product_tag?post=39543"}],"curies":[{"name":"wp","href":"https:\/\/api.w.org\/{rel}","templated":true}]}}