{"id":39465,"date":"2018-10-03T13:44:04","date_gmt":"2018-10-03T11:44:04","guid":{"rendered":"https:\/\/www.customeeple.com\/?post_type=product&#038;p=39465"},"modified":"2018-10-08T15:56:55","modified_gmt":"2018-10-08T13:56:55","slug":"keyforge-compatible-powerup-marker-5-units","status":"publish","type":"product","link":"https:\/\/www.customeeple.com\/es\/producto\/keyforge-compatible-powerup-marker-5-units\/","title":{"rendered":"Keyforge compatible Powerup token (5 Units)"},"content":{"rendered":"<p>Estos tokens son perfectos para marcar cuando tus cartas tienen est\u00e1n en Power up en\u00a0 juegos como\u00a0\u00a0<strong><a href=\"https:\/\/www.fantasyflightgames.com\/en\/products\/keyforge\/\">Keyforge<\/a><\/strong><\/p>\n<p>Todas las piezas de este set son compatibles con el juego\u00a0<strong><a href=\"https:\/\/www.fantasyflightgames.com\/en\/products\/keyforge\/\">Keyforge<\/a><\/strong><\/p>\n<p><strong>Material:<\/strong>\u00a0 Metacrilato rojo<\/p>\n<div class=\"moreinfo\">\n<p><strong>Tama\u00f1o:\u00a0<\/strong>32 x 32mm<\/p>\n<p><strong>Espesor:<\/strong>\u00a03 mm<\/p>\n<p><strong>Cantidad :\u00a0<\/strong>5 Unidades<\/p>\n<p>&nbsp;<\/p>\n<\/div>\n<p><strong><a href=\"https:\/\/www.fantasyflightgames.com\/en\/products\/keyforge\/\">Keyforge<\/a> <\/strong>es un juego publicado por\u00a0<a href=\"http:\/\/www.fantasyflightgames.com\/\"><strong>Fantasy Flight Publishing Inc<\/strong><\/a>. <strong>Customeeple<\/strong>\u00a0no mantiene ninguna relaci\u00f3n con esa compa\u00f1\u00eda y este producto no est\u00e1 de ninguna manera patrocinado por ellos.<\/p>\n","protected":false},"excerpt":{"rendered":"<p>tokens compatible with <strong><a href=\"https:\/\/www.fantasyflightgames.com\/en\/products\/keyforge\/\">Keyforge<\/a><\/strong><\/p>\n","protected":false},"featured_media":39471,"template":"","meta":{"_acf_changed":false},"product_brand":[],"product_cat":[191,1370,1449,78],"product_tag":[1450],"class_list":{"0":"post-39465","1":"product","2":"type-product","3":"status-publish","4":"has-post-thumbnail","6":"product_cat-accesorios","7":"product_cat-customeeple-es","8":"product_cat-keyforge-es","9":"product_cat-meeple-2","10":"product_tag-keyforge-es","12":"first","13":"instock","14":"taxable","15":"shipping-taxable","16":"purchasable","17":"product-type-simple"},"exclude_global_add_ons":[],"addons":[],"acf":[],"_links":{"self":[{"href":"https:\/\/www.customeeple.com\/es\/wp-json\/wp\/v2\/product\/39465","targetHints":{"allow":["GET"]}}],"collection":[{"href":"https:\/\/www.customeeple.com\/es\/wp-json\/wp\/v2\/product"}],"about":[{"href":"https:\/\/www.customeeple.com\/es\/wp-json\/wp\/v2\/types\/product"}],"wp:featuredmedia":[{"embeddable":true,"href":"https:\/\/www.customeeple.com\/es\/wp-json\/wp\/v2\/media\/39471"}],"wp:attachment":[{"href":"https:\/\/www.customeeple.com\/es\/wp-json\/wp\/v2\/media?parent=39465"}],"wp:term":[{"taxonomy":"product_brand","embeddable":true,"href":"https:\/\/www.customeeple.com\/es\/wp-json\/wp\/v2\/product_brand?post=39465"},{"taxonomy":"product_cat","embeddable":true,"href":"https:\/\/www.customeeple.com\/es\/wp-json\/wp\/v2\/product_cat?post=39465"},{"taxonomy":"product_tag","embeddable":true,"href":"https:\/\/www.customeeple.com\/es\/wp-json\/wp\/v2\/product_tag?post=39465"}],"curies":[{"name":"wp","href":"https:\/\/api.w.org\/{rel}","templated":true}]}}