{"id":39361,"date":"2018-09-25T12:28:34","date_gmt":"2018-09-25T10:28:34","guid":{"rendered":"https:\/\/www.customeeple.com\/?post_type=product&#038;p=39361"},"modified":"2022-11-28T10:53:15","modified_gmt":"2022-11-28T09:53:15","slug":"x-wing-v2-kit-conversion-imperio-galactico-esp","status":"publish","type":"product","link":"https:\/\/www.customeeple.com\/es\/producto\/x-wing-v2-kit-conversion-imperio-galactico-esp\/","title":{"rendered":"X-Wing V2 Kit Conversi\u00f3n \u00abImperio Gal\u00e1ctico\u00bb (ESP)"},"content":{"rendered":"<div class=\"p_collection\">\n<p>Ordena que despeguen todos los cazas y lidera tu escuadr\u00f3n hacia el futuro de\u00a0<strong><em>Star Wars: X-Wing<\/em><\/strong>\u00a0con el\u00a0<strong><em>Kit de Conversi\u00f3n Imperio Gal\u00e1ctico<\/em><\/strong>. Contiene los componentes (como cartas de Piloto, indicadores de Nave y cartas de Mejora) para actualizar a la Segunda Edici\u00f3n del juego tu colecci\u00f3n de naves de la facci\u00f3n Imperial de la Primera Edici\u00f3n.<\/p>\n<p>Se incluyen selectores de maniobras para desplegar las siguientes naves:<\/p>\n<ul>\n<li>Ala Estelar clase Alfa (2)<\/li>\n<li>Bombardero TIE (3)<\/li>\n<li>Castigador TIE (2)<\/li>\n<li>Caza TIE (4)<\/li>\n<li>Defensor TIE (2)<\/li>\n<li>Fustigador TIE (3)<\/li>\n<li>Interceptor TIE (3)<\/li>\n<li>Lanzadera clase Lambda (2)<\/li>\n<li>TIE Agresor (3)<\/li>\n<li>TIE avanzado (2)<\/li>\n<li>TIE del Inquisidor (3)<\/li>\n<li>TIE Fantasma (2)<\/li>\n<li>VT-49 Diezmador (3)<\/li>\n<\/ul>\n<\/div>\n<div class=\"product_components double-top\">\n<div class=\"color_grey_medium capitalize bold\">CONTENIDO<\/div>\n<hr \/>\n<div>2 peanas de pl\u00e1stico de nave mediana, 2 clavijas de pl\u00e1stico medianas, 48 indicadores de Nave, 34 selectores de maniobras, 21 fichas de Identificaci\u00f3n de selector, 93 cartas de Nave, 153 cartas de Mejora, 2 cartas de Estado, 6 indicadores de Arco de torreta y 41 fichas diversas.<\/div>\n<\/div>\n<div class=\"product_components add-top\">\n<div class=\"color_grey_medium capitalize bold\">NOTAS<\/div>\n<hr \/>\n<div>Este producto no es un juego completo. Para jugar se necesita una caja b\u00e1sica de la segunda edici\u00f3n de X-Wing adem\u00e1s de miniaturas y peanas de naves de la primera o segunda edici\u00f3n.<\/div>\n<\/div>\n","protected":false},"excerpt":{"rendered":"<p>Kit de conversi\u00f3n X-Wing V.2<\/p>\n","protected":false},"featured_media":39363,"template":"","meta":{"_acf_changed":false},"product_brand":[],"product_cat":[1180,1411],"product_tag":[],"class_list":{"0":"post-39361","1":"product","2":"type-product","3":"status-publish","4":"has-post-thumbnail","6":"product_cat-retail-products-es","7":"product_cat-star-wars-x-wing-es","9":"first","10":"outofstock","11":"taxable","12":"shipping-taxable","13":"purchasable","14":"product-type-simple"},"exclude_global_add_ons":[],"addons":[],"acf":[],"_links":{"self":[{"href":"https:\/\/www.customeeple.com\/es\/wp-json\/wp\/v2\/product\/39361","targetHints":{"allow":["GET"]}}],"collection":[{"href":"https:\/\/www.customeeple.com\/es\/wp-json\/wp\/v2\/product"}],"about":[{"href":"https:\/\/www.customeeple.com\/es\/wp-json\/wp\/v2\/types\/product"}],"wp:featuredmedia":[{"embeddable":true,"href":"https:\/\/www.customeeple.com\/es\/wp-json\/wp\/v2\/media\/39363"}],"wp:attachment":[{"href":"https:\/\/www.customeeple.com\/es\/wp-json\/wp\/v2\/media?parent=39361"}],"wp:term":[{"taxonomy":"product_brand","embeddable":true,"href":"https:\/\/www.customeeple.com\/es\/wp-json\/wp\/v2\/product_brand?post=39361"},{"taxonomy":"product_cat","embeddable":true,"href":"https:\/\/www.customeeple.com\/es\/wp-json\/wp\/v2\/product_cat?post=39361"},{"taxonomy":"product_tag","embeddable":true,"href":"https:\/\/www.customeeple.com\/es\/wp-json\/wp\/v2\/product_tag?post=39361"}],"curies":[{"name":"wp","href":"https:\/\/api.w.org\/{rel}","templated":true}]}}