{"id":39187,"date":"2018-09-20T10:38:05","date_gmt":"2018-09-20T09:38:05","guid":{"rendered":"https:\/\/www.customeeple.com\/?post_type=product&#038;p=39187"},"modified":"2021-01-30T17:10:53","modified_gmt":"2021-01-30T16:10:53","slug":"azul-esp","status":"publish","type":"product","link":"https:\/\/www.customeeple.com\/es\/producto\/azul-esp\/","title":{"rendered":"Azul (ESP)"},"content":{"rendered":"<div class=\"p_collection\">\n<div id=\"primary_block\" class=\"clearfix\">\n<div class=\"add-top p_collection\">\n<p>Decora el Palacio de la forma m\u00e1s bella posible.<\/p>\n<p>Cuando Manuel I el Afortunado, rey de Portugal, visit\u00f3 el Palacio de la Alhambra, qued\u00f3 cautivado por la imponente belleza de la decoraci\u00f3n, formada por losetas de cer\u00e1mica de procedencia \u00e1rabe a las que llamaban \u201cazulejos\u201d. A\u00fan fascinado por el esplendor del interior de la Alhambra, a su regreso a Portugal orden\u00f3 inmediatamente que las paredes de su palacio en \u00c9vora fueran decoradas del mismo modo.<\/p>\n<p>Por ello, debes convertirte en el artista preferido del rey para embellecer las paredes de su palacio. Elige tu estrategia con cuidado y acierta con las combinaciones.<\/p>\n<p><strong>Contenido<\/strong>: 100 losetas de resina, 4 tableros individuales, 9 Expositores de f\u00e1brica, 4 marcadores de puntos, 1 marcador de jugador inicial, 1 bolsa de lino, 1 libro de reglas.<\/p>\n<\/div>\n<\/div>\n<\/div>\n<div class=\"product_components double-top add-border\">\n<div>\n<p><strong>Cantidad de jugadores<\/strong>: 2 a 4 jugadores<\/p>\n<p><strong>Duraci\u00f3n<\/strong>: 30-45 minutos<\/p>\n<p><strong>Edad<\/strong>: +8 a\u00f1os<\/p>\n<p><strong>Idioma<\/strong>: Espa\u00f1ol<\/p>\n<\/div>\n<div><\/div>\n<\/div>\n","protected":false},"excerpt":{"rendered":"<p>Boardgame.<\/p>\n","protected":false},"featured_media":70806,"template":"","meta":{"_acf_changed":false},"product_brand":[],"product_cat":[1561,1653,1556,1180],"product_tag":[1264,1280],"class_list":{"0":"post-39187","1":"product","2":"type-product","3":"status-publish","4":"has-post-thumbnail","6":"product_cat-familiar-es","7":"product_cat-boardgames","8":"product_cat-board-games-es","9":"product_cat-retail-products-es","10":"product_tag-boardgame-es","11":"product_tag-juego-de-mesa-es","13":"first","14":"instock","15":"sale","16":"taxable","17":"shipping-taxable","18":"purchasable","19":"product-type-simple"},"exclude_global_add_ons":[],"addons":[],"acf":[],"_links":{"self":[{"href":"https:\/\/www.customeeple.com\/es\/wp-json\/wp\/v2\/product\/39187","targetHints":{"allow":["GET"]}}],"collection":[{"href":"https:\/\/www.customeeple.com\/es\/wp-json\/wp\/v2\/product"}],"about":[{"href":"https:\/\/www.customeeple.com\/es\/wp-json\/wp\/v2\/types\/product"}],"wp:featuredmedia":[{"embeddable":true,"href":"https:\/\/www.customeeple.com\/es\/wp-json\/wp\/v2\/media\/70806"}],"wp:attachment":[{"href":"https:\/\/www.customeeple.com\/es\/wp-json\/wp\/v2\/media?parent=39187"}],"wp:term":[{"taxonomy":"product_brand","embeddable":true,"href":"https:\/\/www.customeeple.com\/es\/wp-json\/wp\/v2\/product_brand?post=39187"},{"taxonomy":"product_cat","embeddable":true,"href":"https:\/\/www.customeeple.com\/es\/wp-json\/wp\/v2\/product_cat?post=39187"},{"taxonomy":"product_tag","embeddable":true,"href":"https:\/\/www.customeeple.com\/es\/wp-json\/wp\/v2\/product_tag?post=39187"}],"curies":[{"name":"wp","href":"https:\/\/api.w.org\/{rel}","templated":true}]}}