{"id":39155,"date":"2014-02-20T10:30:10","date_gmt":"2014-02-20T09:30:10","guid":{"rendered":"https:\/\/www.customeeple.com\/?post_type=product&#038;p=39155"},"modified":"2020-09-15T08:57:25","modified_gmt":"2020-09-15T07:57:25","slug":"bases-fluorescentes-para-miniaturas-los","status":"publish","type":"product","link":"https:\/\/www.customeeple.com\/es\/producto\/bases-fluorescentes-para-miniaturas-los\/","title":{"rendered":"Bases fluorescentes para miniaturas con linea de visi\u00f3n"},"content":{"rendered":"<p>Un pack de bases de metacrilato fluorescente. Perfectas para resaltar que algunas miniaturas son del mismo cuerpo o ejercito o para que encajen con la combinaci\u00f3n de colores que hayas usado para pintarlas. Adem\u00e1s estas bases vienen marcadas con una marca de linea de visi\u00f3n utiles para muchos juegos.<\/p>\n<p>Puedes elegir entre 5 colores diferentes (Magenta \/ Azul \/ Amarillo \/ Verde \/ Naranja) Su llamativo color las hace perfectas para ser usadas con miniaturas futuristas o en ambientes de ciencia ficci\u00f3n. Si no estas seguro de cual es el color id\u00f3neo para tus piezas puedes consultar nuestra p\u00e1gina de <em><a href=\"\/?page_id=8154\"><strong>materiales<\/strong> <\/a><\/em><\/p>\n<p>&nbsp;<\/p>\n<div class=\"moreinfo\">\n<p><strong style=\"font-size: 13px;\">Material: <\/strong><span style=\"font-size: 13px;\">Metacrilato fluorescente\u00a0<\/span><\/p>\n<p><strong>Espesor:<\/strong> 3 mm<\/p>\n<p><strong>Tama\u00f1o:<\/strong> Varia<\/p>\n<p><strong>Cantidad:<\/strong>\u00a01 a 5 bases del color de tu elecci\u00f3n (Magenta\/Azul\/Amarillas\/Verdes\/Naranjas)<\/p>\n<p><strong>Uso: <\/strong> Como bases para tus miniaturas<\/p>\n<\/div>\n","protected":false},"excerpt":{"rendered":"<p>C\u00edrculos en\u00a0metacrilato fluorescente para usar como bases de miniaturas.<\/p>\n","protected":false},"featured_media":37948,"template":"","meta":{"_acf_changed":false},"product_brand":[],"product_cat":[304,1370,1394],"product_tag":[],"class_list":{"0":"post-39155","1":"product","2":"type-product","3":"status-publish","4":"has-post-thumbnail","6":"product_cat-bases-es","7":"product_cat-customeeple-es","8":"product_cat-infinity-es","9":"pa_methacrylate-colors-azul-fluor-mfbl-es","10":"pa_methacrylate-colors-naranja-fluor-mfor-es","11":"pa_methacrylate-colors-verde-fluor-mfgr","12":"pa_methacrylate-colors-amarill-fluor-mfye","13":"pa_methacrylate-colors-magenta-fluor-mfma-es","15":"first","16":"instock","17":"taxable","18":"shipping-taxable","19":"purchasable","20":"product-type-variable"},"exclude_global_add_ons":[],"addons":[],"acf":[],"_links":{"self":[{"href":"https:\/\/www.customeeple.com\/es\/wp-json\/wp\/v2\/product\/39155","targetHints":{"allow":["GET"]}}],"collection":[{"href":"https:\/\/www.customeeple.com\/es\/wp-json\/wp\/v2\/product"}],"about":[{"href":"https:\/\/www.customeeple.com\/es\/wp-json\/wp\/v2\/types\/product"}],"wp:featuredmedia":[{"embeddable":true,"href":"https:\/\/www.customeeple.com\/es\/wp-json\/wp\/v2\/media\/37948"}],"wp:attachment":[{"href":"https:\/\/www.customeeple.com\/es\/wp-json\/wp\/v2\/media?parent=39155"}],"wp:term":[{"taxonomy":"product_brand","embeddable":true,"href":"https:\/\/www.customeeple.com\/es\/wp-json\/wp\/v2\/product_brand?post=39155"},{"taxonomy":"product_cat","embeddable":true,"href":"https:\/\/www.customeeple.com\/es\/wp-json\/wp\/v2\/product_cat?post=39155"},{"taxonomy":"product_tag","embeddable":true,"href":"https:\/\/www.customeeple.com\/es\/wp-json\/wp\/v2\/product_tag?post=39155"}],"curies":[{"name":"wp","href":"https:\/\/api.w.org\/{rel}","templated":true}]}}