{"id":39055,"date":"2018-09-18T12:12:45","date_gmt":"2018-09-18T10:12:46","guid":{"rendered":"https:\/\/www.customeeple.com\/?post_type=product&#038;p=39055"},"modified":"2018-10-10T12:07:20","modified_gmt":"2018-10-10T10:07:20","slug":"xwing-compatible-fichas-de-set","status":"publish","type":"product","link":"https:\/\/www.customeeple.com\/es\/producto\/xwing-compatible-fichas-de-set\/","title":{"rendered":"Set de fichas compatible con Xwing (37 Uds)"},"content":{"rendered":"<p>Nuestra linea de\u00a0 fichas\u00a0\u00a0<strong><a href=\"\/?product_cat=customeeple\/space-fight\">Space fight<\/a>\u00a0<\/strong>son perfectas para marcar cualquier tipo de situaci\u00f3n en juegos de batallas gal\u00e1cticas.<\/p>\n<p>Todas las fichas son fabricadas en metacrilato fluorescente y grabadas con s\u00edmbolos indicativos. El set completo contiene:<\/p>\n<ul>\n<li><em><strong>5 Fichas de evasi\u00f3n<\/strong><\/em><\/li>\n<li><em><strong>5 Fichas de concentraci\u00f3n<\/strong><\/em><\/li>\n<li><em><strong>5 Fichas de escudo<\/strong><\/em><\/li>\n<li><em><strong>5 Ficha de estres<\/strong><\/em><\/li>\n<li><strong><em>5 Fichas de baterias cargadas<\/em><\/strong><\/li>\n<li><strong><em>2 Fichas de fuerza\u00a0<\/em><\/strong><\/li>\n<li><em><strong>3 Fichas de energia ionica<\/strong><\/em><\/li>\n<li><em><strong>1\u00a0Fichas de armas neutralizadas<\/strong><\/em><\/li>\n<li><em><strong>6 Fichas de objetivo del 1 al 6<\/strong><\/em><\/li>\n<\/ul>\n<p>Las piezas de este set son compatibles con el juego\u00a0<a href=\"https:\/\/www.fantasyflightgames.com\/en\/products\/x-wing-second-edition\/\"><strong>Star Wars X-Wing (Segunda edici\u00f3n)<\/strong><\/a><\/p>\n<p><strong>Material:<\/strong>\u00a0 Metacrilato rojo<\/p>\n<div class=\"moreinfo\">\n<p><strong>Tama\u00f1o:\u00a0<\/strong>1,7 x 1,7 cm<\/p>\n<p><strong>Espesor:<\/strong>\u00a03 mm<\/p>\n<p><strong>Cantidad :<\/strong> 37 Unidades<\/p>\n<p><strong>Uso: <\/strong>Piezas para marcar maniobras espaciales<\/p>\n<\/div>\n<p>&nbsp;<\/p>\n<p><strong><a href=\"https:\/\/www.fantasyflightgames.com\/en\/products\/x-wing-second-edition\/\">Star Wars X-Wing (Second Edition)<\/a><\/strong>\u00a0es un juego publciado por\u00a0<a href=\"http:\/\/www.fantasyflightgames.com\/\"><strong>Fantasy Flight Publishing Inc<\/strong><\/a>. <strong>Customeeple<\/strong>\u00a0no mantiene ninguna relaci\u00f3n con esa compa\u00f1\u00eda y este producto no est\u00e1 de ninguna manera patrocinado por ellos.<\/p>\n","protected":false},"excerpt":{"rendered":"<p>Un set de completo de fichas para\u00a0\u00a0<a href=\"http:\/\/boardgamegeek.com\/boardgame\/103885\/star-wars-x-wing-miniatures-game\"><strong>Star Wars X-Wing<\/strong><\/a><\/p>\n","protected":false},"featured_media":39354,"template":"","meta":{"_acf_changed":false},"product_brand":[],"product_cat":[191,1370,78,1372,816,1411],"product_tag":[645],"class_list":{"0":"post-39055","1":"product","2":"type-product","3":"status-publish","4":"has-post-thumbnail","6":"product_cat-accesorios","7":"product_cat-customeeple-es","8":"product_cat-meeple-2","9":"product_cat-sci-fi-es","10":"product_cat-space-fight-es","11":"product_cat-star-wars-x-wing-es","12":"product_tag-x-wing-es-2","14":"first","15":"instock","16":"taxable","17":"shipping-taxable","18":"purchasable","19":"product-type-simple"},"exclude_global_add_ons":[],"addons":[],"acf":[],"_links":{"self":[{"href":"https:\/\/www.customeeple.com\/es\/wp-json\/wp\/v2\/product\/39055","targetHints":{"allow":["GET"]}}],"collection":[{"href":"https:\/\/www.customeeple.com\/es\/wp-json\/wp\/v2\/product"}],"about":[{"href":"https:\/\/www.customeeple.com\/es\/wp-json\/wp\/v2\/types\/product"}],"wp:featuredmedia":[{"embeddable":true,"href":"https:\/\/www.customeeple.com\/es\/wp-json\/wp\/v2\/media\/39354"}],"wp:attachment":[{"href":"https:\/\/www.customeeple.com\/es\/wp-json\/wp\/v2\/media?parent=39055"}],"wp:term":[{"taxonomy":"product_brand","embeddable":true,"href":"https:\/\/www.customeeple.com\/es\/wp-json\/wp\/v2\/product_brand?post=39055"},{"taxonomy":"product_cat","embeddable":true,"href":"https:\/\/www.customeeple.com\/es\/wp-json\/wp\/v2\/product_cat?post=39055"},{"taxonomy":"product_tag","embeddable":true,"href":"https:\/\/www.customeeple.com\/es\/wp-json\/wp\/v2\/product_tag?post=39055"}],"curies":[{"name":"wp","href":"https:\/\/api.w.org\/{rel}","templated":true}]}}