{"id":38975,"date":"2022-07-18T11:49:47","date_gmt":"2022-07-18T10:49:47","guid":{"rendered":"http:\/\/www.customeeple.com\/?post_type=product&#038;p=38975"},"modified":"2022-07-18T11:49:47","modified_gmt":"2022-07-18T10:49:47","slug":"indonesia-resources","status":"publish","type":"product","link":"https:\/\/www.customeeple.com\/es\/producto\/indonesia-resources\/","title":{"rendered":"Fichas de recurso compatibles con Indonesia (150 Uds)"},"content":{"rendered":"<p>Un pack de fichas en metacrilato para remplazar las del juego\u00a0<a href=\"https:\/\/www.splottershop.com\/ProductDetails.asp?ProductCode=INDO\"><strong>Indonesia\u00a0<\/strong><\/a><\/p>\n<p>El set contiene 30 fichas de cada recurso: grano, especias, petroleo&#8230; las piezas han sido fabricadas en metacrilato excepto las de grano que son en DM y tienen el tama\u00f1o adecuado para entrar en el tablero.<\/p>\n<p>Alternativamente si quieres usar los recursos para indicar las entregar a las ciudades puedes comprar el set con un marca de entrega grabada en una de las caras.<\/p>\n<div class=\"moreinfo\">\n<p><strong>Material:<\/strong> metacrilato y DM<\/p>\n<p dir=\"ltr\"><strong>Tama\u00f1o: <\/strong>8 mm<strong><br \/>\n<\/strong><\/p>\n<p dir=\"ltr\"><strong>Cantidad: <\/strong>150 Unidades<\/p>\n<\/div>\n<div class=\"infopreorder\">*<a href=\"https:\/\/www.splottershop.com\/ProductDetails.asp?ProductCode=INDO\"><strong>Indonesia <\/strong><\/a>es un juego publicado por\u00a0<a href=\"http:\/\/www.splottershop.com\/default.asp\"><strong>Splotter Spellen<\/strong><\/a>. <strong>Customeeple<\/strong> no mantiene ninguna relaci\u00f3n con esa compa\u00f1\u00eda y este producto no est\u00e1 de ninguna manera patrocinado por ellos.<\/div>\n","protected":false},"excerpt":{"rendered":"<p>Piezas personalidas para\u00a0\u00a0<a href=\"https:\/\/www.splottershop.com\/ProductDetails.asp?ProductCode=INDO\"><strong>Indonesia\u00a0<\/strong><\/a><\/p>\n","protected":false},"featured_media":39018,"template":"","meta":{"_acf_changed":false},"product_brand":[],"product_cat":[1370],"product_tag":[1264,1445,1280],"class_list":{"0":"post-38975","1":"product","2":"type-product","3":"status-publish","4":"has-post-thumbnail","6":"product_cat-customeeple-es","7":"product_tag-boardgame-es","8":"product_tag-indonesia-es","9":"product_tag-juego-de-mesa-es","11":"first","12":"instock","13":"taxable","14":"shipping-taxable","15":"purchasable","16":"product-type-variable"},"exclude_global_add_ons":[],"addons":[],"acf":[],"_links":{"self":[{"href":"https:\/\/www.customeeple.com\/es\/wp-json\/wp\/v2\/product\/38975","targetHints":{"allow":["GET"]}}],"collection":[{"href":"https:\/\/www.customeeple.com\/es\/wp-json\/wp\/v2\/product"}],"about":[{"href":"https:\/\/www.customeeple.com\/es\/wp-json\/wp\/v2\/types\/product"}],"wp:featuredmedia":[{"embeddable":true,"href":"https:\/\/www.customeeple.com\/es\/wp-json\/wp\/v2\/media\/39018"}],"wp:attachment":[{"href":"https:\/\/www.customeeple.com\/es\/wp-json\/wp\/v2\/media?parent=38975"}],"wp:term":[{"taxonomy":"product_brand","embeddable":true,"href":"https:\/\/www.customeeple.com\/es\/wp-json\/wp\/v2\/product_brand?post=38975"},{"taxonomy":"product_cat","embeddable":true,"href":"https:\/\/www.customeeple.com\/es\/wp-json\/wp\/v2\/product_cat?post=38975"},{"taxonomy":"product_tag","embeddable":true,"href":"https:\/\/www.customeeple.com\/es\/wp-json\/wp\/v2\/product_tag?post=38975"}],"curies":[{"name":"wp","href":"https:\/\/api.w.org\/{rel}","templated":true}]}}