{"id":38974,"date":"2022-12-18T11:17:31","date_gmt":"2020-02-20T14:49:14","guid":{"rendered":"http:\/\/www.customeeple.com\/?post_type=product&#038;p=38974"},"modified":"2020-05-25T17:34:12","modified_gmt":"2020-05-25T16:34:12","slug":"cc-compatible","status":"publish","type":"product","link":"https:\/\/www.customeeple.com\/es\/producto\/cc-compatible\/","title":{"rendered":"Dados compatibles con Command &#038; Colors (5 Uds)"},"content":{"rendered":"<p>Un pack de dados compatibles con el juego\u00a0\u00a0<strong><a href=\"https:\/\/www.gmtgames.com\/p-627-commands-colors-ancients-6th-printing.aspx\">Command &amp; Colors Ancients<\/a><\/strong><\/p>\n<p>El set contiene 5 dados, cada dado esta gravado y pintado a mano.<\/p>\n<div class=\"moreinfo\">\n<p><strong>Material:<\/strong>\u00a0dado de pl\u00e1stico sin pvc.<\/p>\n<p dir=\"ltr\"><strong>Tama\u00f1o: <\/strong>1,6 cm<strong><br \/>\n<\/strong><\/p>\n<p dir=\"ltr\"><strong>Cantidad: <\/strong>5\u00a0dados<\/p>\n<\/div>\n<div class=\"infopreorder\"><strong><a href=\"https:\/\/www.gmtgames.com\/p-627-commands-colors-ancients-6th-printing.aspx\">Command &amp; Colors Ancients <\/a><\/strong>es un juego de<a href=\"https:\/\/boardgamegeek.com\/boardgamedesigner\/25\/richard-borg\"><strong>Richard Borg<\/strong><\/a> publicado por<a href=\"https:\/\/www.gmtgames.com\/\"><strong> GMT games<\/strong><\/a>. <strong>Customeeple<\/strong> no mantiene ninguna relaci\u00f3n con esa compa\u00f1\u00eda y este producto no est\u00e1 de ninguna manera patrocinado por ellos.<\/div>\n","protected":false},"excerpt":{"rendered":"<p>Dados de combate personalizados<\/p>\n","protected":false},"featured_media":66077,"template":"","meta":{"_acf_changed":false},"product_brand":[],"product_cat":[191,1370,1392],"product_tag":[1264,1444,1639,1280],"class_list":{"0":"post-38974","1":"product","2":"type-product","3":"status-publish","4":"has-post-thumbnail","6":"product_cat-accesorios","7":"product_cat-customeeple-es","8":"product_cat-dados","9":"product_tag-boardgame-es","10":"product_tag-command-colors-es","11":"product_tag-gmt-es","12":"product_tag-juego-de-mesa-es","14":"first","15":"instock","16":"taxable","17":"shipping-taxable","18":"purchasable","19":"product-type-variable"},"exclude_global_add_ons":[],"addons":[],"acf":[],"_links":{"self":[{"href":"https:\/\/www.customeeple.com\/es\/wp-json\/wp\/v2\/product\/38974","targetHints":{"allow":["GET"]}}],"collection":[{"href":"https:\/\/www.customeeple.com\/es\/wp-json\/wp\/v2\/product"}],"about":[{"href":"https:\/\/www.customeeple.com\/es\/wp-json\/wp\/v2\/types\/product"}],"wp:featuredmedia":[{"embeddable":true,"href":"https:\/\/www.customeeple.com\/es\/wp-json\/wp\/v2\/media\/66077"}],"wp:attachment":[{"href":"https:\/\/www.customeeple.com\/es\/wp-json\/wp\/v2\/media?parent=38974"}],"wp:term":[{"taxonomy":"product_brand","embeddable":true,"href":"https:\/\/www.customeeple.com\/es\/wp-json\/wp\/v2\/product_brand?post=38974"},{"taxonomy":"product_cat","embeddable":true,"href":"https:\/\/www.customeeple.com\/es\/wp-json\/wp\/v2\/product_cat?post=38974"},{"taxonomy":"product_tag","embeddable":true,"href":"https:\/\/www.customeeple.com\/es\/wp-json\/wp\/v2\/product_tag?post=38974"}],"curies":[{"name":"wp","href":"https:\/\/api.w.org\/{rel}","templated":true}]}}