{"id":38969,"date":"2018-09-13T10:23:55","date_gmt":"2018-09-18T14:08:41","guid":{"rendered":"http:\/\/www.customeeple.com\/?post_type=product&#038;p=38969"},"modified":"2021-06-10T15:20:41","modified_gmt":"2021-06-10T14:20:41","slug":"xwing-movement-templates","status":"publish","type":"product","link":"https:\/\/www.customeeple.com\/es\/producto\/xwing-movement-templates\/","title":{"rendered":"Xwing compatible plantillas de movimiento (12 Uds)"},"content":{"rendered":"<p>Un completo set de plantillas de movimiento perfectas para juegos de combates espaciales. Todas las piezas est\u00e1n fabricadas en metacrilato grabado lo que les da un aspecto visual mejorado, adem\u00e1s de que pueden ser utilizadas para remplazar plantillas perdidas o deterioradas<\/p>\n<p>Este set incluye 11 plantillas diferentes para marcar movimientos rectos curvos o giros repentino en diferentes distancias. Tambi\u00e9n incluimos un marcador de posici\u00f3n para indicar donde estaba tu nave en caso de que tengas que moverla del tablero.<\/p>\n<p>Puedes elegir el color de las piezas de metacrilato. Recuerda que si no estas seguro de cual es el color id\u00f3neo para tus piezas puedes consultar nuestra p\u00e1gina de <em><strong><a href=\"\/?page_id=8154\">materiales<\/a>. <\/strong><\/em>Adem\u00e1s tambi\u00e9n puedes personalizar mas las plantillas grabando tu nick o nombre de escuadr\u00f3n.\u00a0Advierte que nuestras plantillas estan s\u00f3lo grabadas no pintadas.<\/p>\n<div class=\"infopreorder\"><strong>Nota: <\/strong>Debido al proceso de fabricaci\u00f3n del cart\u00f3n algunas de las reglas pueden presentar variaciones minimas de set a set. Las nuestras usan unas medidas standar. Pero esto no deber\u00eda afectar de ning\u00fan modo el juego competitivo ya que en torneos se anima a ambos jugadores a utilizar el mismo set de reglas.<\/div>\n<p>Las piezas de este set son compatibles con el juego\u00a0<a href=\"https:\/\/www.fantasyflightgames.com\/en\/products\/x-wing-second-edition\/\"><strong>Star Wars X-Wing (Segunda edici\u00f3n)<\/strong><\/a><\/p>\n<p><strong>Material:<\/strong>\u00a0 Metacrilato verde<\/p>\n<div class=\"moreinfo\">\n<p><strong>Tama\u00f1o:\u00a0<\/strong>varia<\/p>\n<p><strong>Espesor:<\/strong>\u00a03 mm<\/p>\n<p><strong>Cantidad :<\/strong> 12 Unidades<\/p>\n<p><strong>Uso: <\/strong>Piezas para marcar maniobras espaciales<\/p>\n<\/div>\n<p><strong>Opcion personalizada: <\/strong>Por un m\u00f3dico precio puedes incluir en tus plantillas el nombre de tu escuadron o nick (m\u00e1ximo 12 caracteres)<\/p>\n<p><strong><a href=\"https:\/\/www.fantasyflightgames.com\/en\/products\/x-wing-second-edition\/\">Star Wars X-Wing (Second Edition)<\/a><\/strong>\u00a0es un juego publciado por\u00a0<a href=\"http:\/\/www.fantasyflightgames.com\/\"><strong>Fantasy Flight Publishing Inc<\/strong><\/a>. <strong>Customeeple<\/strong>\u00a0no mantiene ninguna relaci\u00f3n con esa compa\u00f1\u00eda y este producto no est\u00e1 de ninguna manera patrocinado por ellos.<\/p>\n","protected":false},"excerpt":{"rendered":"<p>Pack de plantillas de movimiento compatibles con\u00a0\u00a0<a href=\"http:\/\/boardgamegeek.com\/boardgame\/103885\/star-wars-x-wing-miniatures-game\"><strong>Star Wars X-Wing<\/strong><\/a><\/p>\n","protected":false},"featured_media":39106,"template":"","meta":{"_acf_changed":false},"product_brand":[],"product_cat":[191,1370,78,1372,816,1411],"product_tag":[645],"class_list":{"0":"post-38969","1":"product","2":"type-product","3":"status-publish","4":"has-post-thumbnail","6":"product_cat-accesorios","7":"product_cat-customeeple-es","8":"product_cat-meeple-2","9":"product_cat-sci-fi-es","10":"product_cat-space-fight-es","11":"product_cat-star-wars-x-wing-es","12":"product_tag-x-wing-es-2","13":"pa_methacrylate-colors-azul-fluor-mfbl-es","14":"pa_methacrylate-colors-naranja-fluor-mfor-es","15":"pa_methacrylate-colors-verde-fluor-mfgr","16":"pa_methacrylate-colors-amarill-fluor-mfye","17":"pa_methacrylate-colors-rojotrans-mtre","18":"pa_methacrylate-colors-azul-trans-mtbl","19":"pa_methacrylate-colors-magenta-fluor-mfma-es","20":"pa_methacrylate-colors-naranja-trans-mtor","21":"pa_methacrylate-colors-rojo-more","22":"pa_methacrylate-colors-transparente-mttr","23":"pa_methacrylate-colors-verde-trans-mtgr","24":"pa_methacrylate-colors-humo-trans-mtsm","25":"pa_methacrylate-colors-azul-mobl","26":"pa_methacrylate-colors-verde-mogr","27":"pa_methacrylate-colors-violeta-movi","28":"pa_methacrylate-colors-amarillo-moye","29":"pa_methacrylate-colors-negro-moba","30":"pa_methacrylate-colors-balnco-mowh","32":"first","33":"instock","34":"taxable","35":"shipping-taxable","36":"purchasable","37":"product-type-variable"},"exclude_global_add_ons":false,"addons":[{"name":"Nick\/Name","type":"heading","position":0,"required":false,"title_format":"label","default":"","description_enable":false,"description":"","placeholder_enable":false,"placeholder":"","display":"select","restrictions_type":"any_text","adjust_price":false,"price":"","price_type":"flat_fee","restrictions":false,"min":"0","max":"0","options":[]},{"name":"Nick\/Name","type":"custom_text","position":1,"required":false,"title_format":"hide","default":"","description_enable":false,"description":"","placeholder_enable":false,"placeholder":"","display":"select","restrictions_type":"any_text","adjust_price":true,"price":"2.00","price_type":"quantity_based","restrictions":true,"min":"5","max":"12","options":[]}],"acf":[],"_links":{"self":[{"href":"https:\/\/www.customeeple.com\/es\/wp-json\/wp\/v2\/product\/38969","targetHints":{"allow":["GET"]}}],"collection":[{"href":"https:\/\/www.customeeple.com\/es\/wp-json\/wp\/v2\/product"}],"about":[{"href":"https:\/\/www.customeeple.com\/es\/wp-json\/wp\/v2\/types\/product"}],"wp:featuredmedia":[{"embeddable":true,"href":"https:\/\/www.customeeple.com\/es\/wp-json\/wp\/v2\/media\/39106"}],"wp:attachment":[{"href":"https:\/\/www.customeeple.com\/es\/wp-json\/wp\/v2\/media?parent=38969"}],"wp:term":[{"taxonomy":"product_brand","embeddable":true,"href":"https:\/\/www.customeeple.com\/es\/wp-json\/wp\/v2\/product_brand?post=38969"},{"taxonomy":"product_cat","embeddable":true,"href":"https:\/\/www.customeeple.com\/es\/wp-json\/wp\/v2\/product_cat?post=38969"},{"taxonomy":"product_tag","embeddable":true,"href":"https:\/\/www.customeeple.com\/es\/wp-json\/wp\/v2\/product_tag?post=38969"}],"curies":[{"name":"wp","href":"https:\/\/api.w.org\/{rel}","templated":true}]}}