{"id":38961,"date":"2018-09-15T18:53:23","date_gmt":"2018-10-10T10:12:17","guid":{"rendered":"http:\/\/www.customeeple.com\/?post_type=product&#038;p=38961"},"modified":"2021-06-22T12:49:38","modified_gmt":"2021-06-22T11:49:38","slug":"xwing-compatible-fire-templates","status":"publish","type":"product","link":"https:\/\/www.customeeple.com\/es\/producto\/xwing-compatible-fire-templates\/","title":{"rendered":"Xwing compatible plantillas de disparo (3 Uds)"},"content":{"rendered":"<p>Un pack de 3 plantillas de disparo para calcular el alcance de tus disparos. Todas las piezas est\u00e1n fabricadas en metacrilato fluorescente lo que les da un mejorado aspecto espacial. Est\u00e1n especialmente indicadas para remplazar plantillas deterioradas o perdidas.<\/p>\n<p>El pack incluye 3 plantillas diferentes para marcar diversos alcances: corto, medio o extremo.<\/p>\n<p>Puedes elegir el color de las piezas de metacrilato. Recuerda que si no estas seguro de c\u00faal es el color id\u00f3neo para tus piezas puedes consultar nuestra p\u00e1gina de <em><strong><a href=\"\/?page_id=8154\">materiales<\/a>. <\/strong><\/em>Advierte que nuestras plantillas estan s\u00f3lo grabadas no pintadas.<\/p>\n<div class=\"infopreorder\"><strong>Nota: <\/strong> Debido al proceso de fabricaci\u00f3n del cart\u00f3n algunas de las reglas pueden presentar variaciones m\u00ednimas de set a set. Las nuestras usan unas medidas standar. Esto no deber\u00eda afectar de ning\u00fan modo el juego competitivo ya que en torneos se anima a ambos jugadores a utilizar el mismo set de reglas.<\/div>\n<p>Las piezas de este set son compatibles con el juego\u00a0<a href=\"https:\/\/www.fantasyflightgames.com\/en\/products\/x-wing-second-edition\/\"><strong>Star Wars X-Wing (Segunda edici\u00f3n)<\/strong><\/a><\/p>\n<p><strong>Material:<\/strong>\u00a0 Metacrilato verde<\/p>\n<div class=\"moreinfo\">\n<p><strong>Tama\u00f1o:\u00a0<\/strong>varia<\/p>\n<p><strong>Espesor:<\/strong>\u00a03 mm<\/p>\n<p><strong>Cantidad :<\/strong> 3 Unidades<\/p>\n<p><strong>Uso: <\/strong>plantillas de disparo para juegos espaciales<\/p>\n<\/div>\n<p>&nbsp;<\/p>\n<p><strong><a href=\"https:\/\/www.fantasyflightgames.com\/en\/products\/x-wing-second-edition\/\">Star Wars X-Wing (Second Edition)<\/a><\/strong>\u00a0es un juego publciado por\u00a0<a href=\"http:\/\/www.fantasyflightgames.com\/\"><strong>Fantasy Flight Publishing Inc<\/strong><\/a>. <strong>Customeeple<\/strong>\u00a0no mantiene ninguna relaci\u00f3n con esa compa\u00f1\u00eda y este producto no est\u00e1 de ninguna manera patrocinado por ellos.<\/p>\n","protected":false},"excerpt":{"rendered":"<p>Un set de plantillas compatible con\u00a0\u00a0<a href=\"http:\/\/boardgamegeek.com\/boardgame\/103885\/star-wars-x-wing-miniatures-game\"><strong>Star Wars X-Wing<\/strong><\/a><\/p>\n","protected":false},"featured_media":39104,"template":"","meta":{"_acf_changed":false},"product_brand":[],"product_cat":[191,1370,78,1372,816,1411],"product_tag":[645],"class_list":{"0":"post-38961","1":"product","2":"type-product","3":"status-publish","4":"has-post-thumbnail","6":"product_cat-accesorios","7":"product_cat-customeeple-es","8":"product_cat-meeple-2","9":"product_cat-sci-fi-es","10":"product_cat-space-fight-es","11":"product_cat-star-wars-x-wing-es","12":"product_tag-x-wing-es-2","13":"pa_methacrylate-colors-amarill-fluor-mfye","14":"pa_methacrylate-colors-amarillo-moye","15":"pa_methacrylate-colors-azul-mobl","16":"pa_methacrylate-colors-azul-fluor-mfbl-es","17":"pa_methacrylate-colors-azul-trans-mtbl","18":"pa_methacrylate-colors-blancohielo-mtiw","19":"pa_methacrylate-colors-balnco-mowh","20":"pa_methacrylate-colors-humo-trans-mtsm","21":"pa_methacrylate-colors-gris-mogy","22":"pa_methacrylate-colors-naranja-fluor-mfor-es","23":"pa_methacrylate-colors-naranja-trans-mtor","24":"pa_methacrylate-colors-negro-moba","25":"pa_methacrylate-colors-rojo-more","26":"pa_methacrylate-colors-rojotrans-mtre","27":"pa_methacrylate-colors-magenta-fluor-mfma-es","28":"pa_methacrylate-colors-verde-trans-mtgr","29":"pa_methacrylate-colors-transparente-mttr","30":"pa_methacrylate-colors-verde-fluor-mfgr","31":"pa_methacrylate-colors-verde-mogr","32":"pa_methacrylate-colors-violeta-movi","34":"first","35":"instock","36":"taxable","37":"shipping-taxable","38":"purchasable","39":"product-type-variable"},"exclude_global_add_ons":false,"addons":[{"name":"Nick\/Name","type":"heading","position":0,"required":false,"title_format":"label","default":"","description_enable":false,"description":"","placeholder_enable":false,"placeholder":"","display":"select","restrictions_type":"any_text","adjust_price":false,"price":"","price_type":"flat_fee","restrictions":false,"min":"0","max":"0","options":[]},{"name":"Nick\/Name","type":"custom_text","position":1,"required":false,"title_format":"hide","default":"","description_enable":false,"description":"","placeholder_enable":false,"placeholder":"","display":"select","restrictions_type":"any_text","adjust_price":true,"price":"2.00","price_type":"quantity_based","restrictions":true,"min":"5","max":"12","options":[]}],"acf":[],"_links":{"self":[{"href":"https:\/\/www.customeeple.com\/es\/wp-json\/wp\/v2\/product\/38961","targetHints":{"allow":["GET"]}}],"collection":[{"href":"https:\/\/www.customeeple.com\/es\/wp-json\/wp\/v2\/product"}],"about":[{"href":"https:\/\/www.customeeple.com\/es\/wp-json\/wp\/v2\/types\/product"}],"wp:featuredmedia":[{"embeddable":true,"href":"https:\/\/www.customeeple.com\/es\/wp-json\/wp\/v2\/media\/39104"}],"wp:attachment":[{"href":"https:\/\/www.customeeple.com\/es\/wp-json\/wp\/v2\/media?parent=38961"}],"wp:term":[{"taxonomy":"product_brand","embeddable":true,"href":"https:\/\/www.customeeple.com\/es\/wp-json\/wp\/v2\/product_brand?post=38961"},{"taxonomy":"product_cat","embeddable":true,"href":"https:\/\/www.customeeple.com\/es\/wp-json\/wp\/v2\/product_cat?post=38961"},{"taxonomy":"product_tag","embeddable":true,"href":"https:\/\/www.customeeple.com\/es\/wp-json\/wp\/v2\/product_tag?post=38961"}],"curies":[{"name":"wp","href":"https:\/\/api.w.org\/{rel}","templated":true}]}}