{"id":38957,"date":"2018-10-10T12:10:42","date_gmt":"2018-10-10T10:10:42","guid":{"rendered":"http:\/\/www.customeeple.com\/?post_type=product&#038;p=38957"},"modified":"2018-10-10T12:10:42","modified_gmt":"2018-10-10T10:10:42","slug":"xwing-compatible-cloak","status":"publish","type":"product","link":"https:\/\/www.customeeple.com\/es\/producto\/xwing-compatible-cloak\/","title":{"rendered":"Xwing compatible fichas de ocultaci\u00f3n (5 Uds)"},"content":{"rendered":"<p>Nuestra linea de\u00a0 fichas\u00a0\u00a0<strong><a href=\"\/?product_cat=customeeple\/space-fight\">Space fight<\/a>\u00a0<\/strong>son perfectas para marcar cualquier tipo de situaci\u00f3n en juegos de batallas galacticas.<\/p>\n<p>Un set de 5 fichas para indicar cuando una nave esta en modo de ocultaci\u00f3n. Todas las piezas estan fabricadas en metacrilato azul y grabadas con un s\u00edmbolo reconocible.<\/p>\n<p>Las piezas de este set son compatibles con el juego\u00a0<a href=\"https:\/\/www.fantasyflightgames.com\/en\/products\/x-wing-second-edition\/\"><strong>Star Wars X-Wing (Segunda edici\u00f3n)<\/strong><\/a><\/p>\n<p><strong>Material:<\/strong>\u00a0 Metacrilato azul<\/p>\n<div class=\"moreinfo\">\n<p><strong>Tama\u00f1o:\u00a0<\/strong>1,7 x 1,7 cm<\/p>\n<p><strong>Espesor:<\/strong>\u00a03 mm<\/p>\n<p><strong>Cantidad :<\/strong> 5 Unidades<\/p>\n<p><strong>Uso: <\/strong>Piezas para marcar maniobras espaciales<\/p>\n<\/div>\n<p>&nbsp;<\/p>\n<p><strong><a href=\"https:\/\/www.fantasyflightgames.com\/en\/products\/x-wing-second-edition\/\">Star Wars X-Wing (Second Edition)<\/a><\/strong>\u00a0es un juego publciado por\u00a0<a href=\"http:\/\/www.fantasyflightgames.com\/\"><strong>Fantasy Flight Publishing Inc<\/strong><\/a>. <strong>Customeeple<\/strong>\u00a0no mantiene ninguna relaci\u00f3n con esa compa\u00f1\u00eda y este producto no est\u00e1 de ninguna manera patrocinado por ellos.<\/p>\n","protected":false},"excerpt":{"rendered":"<p>Fichas de ocultaci\u00f3n compatibles con\u00a0\u00a0<a href=\"http:\/\/boardgamegeek.com\/boardgame\/103885\/star-wars-x-wing-miniatures-game\"><strong>Star Wars X-Wing<\/strong><\/a><\/p>\n","protected":false},"featured_media":39350,"template":"","meta":{"_acf_changed":false},"product_brand":[],"product_cat":[191,1370,78,1372,816,1411],"product_tag":[645],"class_list":{"0":"post-38957","1":"product","2":"type-product","3":"status-publish","4":"has-post-thumbnail","6":"product_cat-accesorios","7":"product_cat-customeeple-es","8":"product_cat-meeple-2","9":"product_cat-sci-fi-es","10":"product_cat-space-fight-es","11":"product_cat-star-wars-x-wing-es","12":"product_tag-x-wing-es-2","14":"first","15":"instock","16":"taxable","17":"shipping-taxable","18":"purchasable","19":"product-type-simple"},"exclude_global_add_ons":[],"addons":[],"acf":[],"_links":{"self":[{"href":"https:\/\/www.customeeple.com\/es\/wp-json\/wp\/v2\/product\/38957","targetHints":{"allow":["GET"]}}],"collection":[{"href":"https:\/\/www.customeeple.com\/es\/wp-json\/wp\/v2\/product"}],"about":[{"href":"https:\/\/www.customeeple.com\/es\/wp-json\/wp\/v2\/types\/product"}],"wp:featuredmedia":[{"embeddable":true,"href":"https:\/\/www.customeeple.com\/es\/wp-json\/wp\/v2\/media\/39350"}],"wp:attachment":[{"href":"https:\/\/www.customeeple.com\/es\/wp-json\/wp\/v2\/media?parent=38957"}],"wp:term":[{"taxonomy":"product_brand","embeddable":true,"href":"https:\/\/www.customeeple.com\/es\/wp-json\/wp\/v2\/product_brand?post=38957"},{"taxonomy":"product_cat","embeddable":true,"href":"https:\/\/www.customeeple.com\/es\/wp-json\/wp\/v2\/product_cat?post=38957"},{"taxonomy":"product_tag","embeddable":true,"href":"https:\/\/www.customeeple.com\/es\/wp-json\/wp\/v2\/product_tag?post=38957"}],"curies":[{"name":"wp","href":"https:\/\/api.w.org\/{rel}","templated":true}]}}