{"id":38538,"date":"2019-09-09T13:37:48","date_gmt":"2018-08-30T11:38:06","guid":{"rendered":"http:\/\/www.customeeple.com\/?post_type=product&#038;p=38538"},"modified":"2021-04-29T12:43:32","modified_gmt":"2021-04-29T11:43:32","slug":"siluetas-de-camuflaje-individuales-noalineadas","status":"publish","type":"product","link":"https:\/\/www.customeeple.com\/es\/producto\/siluetas-de-camuflaje-individuales-noalineadas\/","title":{"rendered":"Siluetas de camuflaje individuales No alineadas"},"content":{"rendered":"<p>Nuestra silueta de camuflaje oficial para <strong> <a href=\"http:\/\/www.infinitythegame.com\/infinity\/en\">Infinity <\/a><\/strong>est\u00e1 pensada para ser empleada con las miniaturas de <a href=\"http:\/\/www.infinitythegame.com\/infinity\/en\"><strong>Infinity the game<\/strong><\/a> que pueden ocultarse dejando solo una lectura de radar.<\/p>\n<p>Con esta silueta podr\u00e1s representar una miniatura oculta de las facciones menores de\u00a0\u00a0<strong><a href=\"http:\/\/infinitythegame.com\/\" target=\"_blank\" rel=\"noopener noreferrer\">Infinity<\/a><\/strong>estan dise\u00f1adas partiendo de diferentes miniaturas :<strong><a href=\"http:\/\/www.infinitythegame.com\/infinity\/en\/category\/yujing\/\">Nakadai, Ryuken 9&#8230;<\/a><\/strong><\/p>\n<p>Son de su misma altura para que no tengas que cambiar el marcador, pero recuerda que cada silueta especifica no tiene por que substituir a la miniatura que representa. Una forma interesante de enga\u00f1ar a tu oponente.<\/p>\n<p>Tambi\u00e9n puedes elegir tanto el color de las siluetas.\u00a0Si no estas seguro de cual es el color id\u00f3neo para tus piezas puedes consultar nuestra p\u00e1gina de <em><a href=\"\/?page_id=8154\"><strong>materiales<\/strong><\/a><\/em><\/p>\n<p>Este producto viene con una base de metacrilato para usar con las siluetas (las piezas vienen sin montar)<\/p>\n<p>Todas nuestras fichas est\u00e1n dise\u00f1adas en colaboraci\u00f3n con <strong><a href=\"http:\/\/www.corvusbelli.com\/\">Corvus Belli<\/a><\/strong> para ser totalmente compatibles con <a href=\"http:\/\/infinitythegame.com\/\" target=\"_blank\" rel=\"noopener noreferrer\"><strong>Infinity the game <\/strong><\/a><\/p>\n<div class=\"moreinfo\">\n<p><strong>Material:<\/strong> Metacrilato fluorescente<\/p>\n<p><strong>Espesor:<\/strong> 3 mm<\/p>\n<p><strong>Tama\u00f1o:<\/strong> Varia seg\u00fan la miniatura que intenta representar<\/p>\n<p><strong>Cantidad:<\/strong> 1 silueta<\/p>\n<p><strong>Uso:<\/strong> Para marcar miniaturas ocultas en <a href=\"http:\/\/www.infinitythegame.com\/infinity\/en\"><b>Infinity the game<\/b><\/a><\/p>\n<\/div>\n<div class=\"infopreorder\"><strong>Nota:<\/strong>\u00a0Los colores de las piezas de metacrilato pueden variar ligeramente de las mostradas en la fotos<\/div>\n","protected":false},"excerpt":{"rendered":"<p>Siluetas de camuflaje para las facciones menores de <strong><strong><a href=\"http:\/\/www.infinitythegame.com\/infinity\/en\">Infinity the game<\/a><\/strong><\/strong><\/p>\n","protected":false},"featured_media":47031,"template":"","meta":{"_acf_changed":false},"product_brand":[],"product_cat":[291,347,78,345],"product_tag":[151,306],"class_list":{"0":"post-38538","1":"product","2":"type-product","3":"status-publish","4":"has-post-thumbnail","6":"product_cat-infinity-es-2","7":"product_cat-marcadores-es","8":"product_cat-meeple-2","9":"product_cat-siluetas","10":"product_tag-infinity-es","11":"product_tag-infinity-the-game-es-2","12":"pa_methacrylate-colors-amarill-fluor-mfye","13":"pa_methacrylate-colors-azul-fluor-mfbl-es","14":"pa_methacrylate-colors-naranja-fluor-mfor-es","15":"pa_methacrylate-colors-magenta-fluor-mfma-es","16":"pa_methacrylate-colors-verde-fluor-mfgr","18":"first","19":"instock","20":"taxable","21":"shipping-taxable","22":"purchasable","23":"product-type-variable","24":"has-default-attributes"},"exclude_global_add_ons":[],"addons":[],"acf":[],"_links":{"self":[{"href":"https:\/\/www.customeeple.com\/es\/wp-json\/wp\/v2\/product\/38538","targetHints":{"allow":["GET"]}}],"collection":[{"href":"https:\/\/www.customeeple.com\/es\/wp-json\/wp\/v2\/product"}],"about":[{"href":"https:\/\/www.customeeple.com\/es\/wp-json\/wp\/v2\/types\/product"}],"wp:featuredmedia":[{"embeddable":true,"href":"https:\/\/www.customeeple.com\/es\/wp-json\/wp\/v2\/media\/47031"}],"wp:attachment":[{"href":"https:\/\/www.customeeple.com\/es\/wp-json\/wp\/v2\/media?parent=38538"}],"wp:term":[{"taxonomy":"product_brand","embeddable":true,"href":"https:\/\/www.customeeple.com\/es\/wp-json\/wp\/v2\/product_brand?post=38538"},{"taxonomy":"product_cat","embeddable":true,"href":"https:\/\/www.customeeple.com\/es\/wp-json\/wp\/v2\/product_cat?post=38538"},{"taxonomy":"product_tag","embeddable":true,"href":"https:\/\/www.customeeple.com\/es\/wp-json\/wp\/v2\/product_tag?post=38538"}],"curies":[{"name":"wp","href":"https:\/\/api.w.org\/{rel}","templated":true}]}}