{"id":38408,"date":"2018-08-21T16:43:59","date_gmt":"2018-08-21T15:43:59","guid":{"rendered":"http:\/\/www.customeeple.com\/?post_type=product&#038;p=38408"},"modified":"2022-07-19T13:24:51","modified_gmt":"2022-07-19T12:24:51","slug":"cubierta-de-base-yu-ying-mk-ii-giraldez-copy","status":"publish","type":"product","link":"https:\/\/www.customeeple.com\/es\/producto\/cubierta-de-base-yu-ying-mk-ii-giraldez-copy\/","title":{"rendered":"Infinity Bases Neoterra"},"content":{"rendered":"<div class=\"infopreorder\">Por lo general, el tama\u00f1o de la base de una miniatura es diferente al tama\u00f1o de la parte superior de la base, por ejemplo, una base de 30 mm de M2E Malifaux tiene 25 mm dentro del hueco, por lo que si no est\u00e1 seguro de lo que necesita, puedes verificar el tama\u00f1o de correlaci\u00f3n de base con la parte superior de la base<a href=\"http:\/\/www.customeeple.com\/base-top-size-guide\/\">\u00a0aqu\u00ed.<\/a><\/div>\n<p>Nuestras bases son perfectas para mejorar el aspecto de tus miniaturas de\u00a0<strong><a href=\"http:\/\/infinitythegame.com\/\" target=\"_blank\" rel=\"noopener\">Infinity<\/a><\/strong><\/p>\n<p>Este set incluye un pack de finas bases de Cart\u00f3n de alta densidad pensadas para ser pegadas encima de bases fluorescentes y resaltarlas. El resultado final es perfecto para reflejar el tecnopaisaje de\u00a0<strong><a href=\"https:\/\/catalog.infinitythegame.com\/neoterra\/\">Neoterra<\/a><\/strong>. Adem\u00e1s las bases fluor vienen grabadas con el arco de visi\u00f3n.<\/p>\n<p>Todas las piezas han sido dise\u00f1adas en colaboraci\u00f3n con\u00a0<strong><a href=\"http:\/\/www.corvusbelli.com\/\">Corvus Belli<\/a><\/strong>\u00a0\u00a0para ser totalmente compatibles con<strong>\u00a0<a href=\"http:\/\/infinitythegame.com\/\" target=\"_blank\" rel=\"noopener\"><strong>Infinity the game<\/strong><\/a>.<\/strong><\/p>\n<div class=\"moreinfo\">\n<p><strong>Material:<\/strong>\u00a0Cart\u00f3n de alta densidad y metacrilato<\/p>\n<p><strong>Espesor: <\/strong>3\u00a0mm<strong><br \/>\n<\/strong><\/p>\n<p><strong>Tama\u00f1o:\u00a0<\/strong>Varia<\/p>\n<p><strong>Cantidad:\u00a0<\/strong>2 0 5 bases<\/p>\n<p><strong>Uso: E<\/strong>lemento decorativo para hacer bases personalizadas para las miniaturas de <strong><a href=\"https:\/\/catalog.infinitythegame.com\/neoterra\/\">Neoterra<\/a>\u00a0<\/strong><b><a href=\"http:\/\/www.infinitythegame.com\/infinity\/es\/category\/pano\/\">\u00a0<\/a>\u00a0<\/b>para\u00a0<strong><strong><a href=\"http:\/\/www.infinitythegame.com\/infinity\/en\">Infinity<\/a><\/strong><\/strong><\/p>\n<\/div>\n<p>&nbsp;<\/p>\n<p><strong>Nota:\u00a0<\/strong>Este producto se vende sin pintar ni montar. El pintado\u00a0de la foto es s\u00f3lo una sugerencia de pintado.<\/p>\n","protected":false},"excerpt":{"rendered":"<p>Bases para personalizar las miniaturas de\u00a0<strong><a href=\"https:\/\/catalog.infinitythegame.com\/neoterra\/\">Neoterra<\/a>\u00a0<\/strong><strong>\u00a0<\/strong>para\u00a0\u00a0<a href=\"http:\/\/infinitythegame.com\/\" target=\"_blank\" rel=\"noopener\"><strong>Infinity the game<\/strong><\/a><\/p>\n","protected":false},"featured_media":38575,"template":"","meta":{"_acf_changed":false},"product_brand":[],"product_cat":[881,304,350,1370,291,1394,2360,1372],"product_tag":[646,306],"class_list":{"0":"post-38408","1":"product","2":"type-product","3":"status-publish","4":"has-post-thumbnail","6":"product_cat-angiraldez","7":"product_cat-bases-es","8":"product_cat-bases-es-infinity-es-2","9":"product_cat-customeeple-es","10":"product_cat-infinity-es-2","11":"product_cat-infinity-es","12":"product_cat-productos-oficiales","13":"product_cat-sci-fi-es","14":"product_tag-infinity-es-2","15":"product_tag-infinity-the-game-es-2","16":"pa_bsize-25mm","17":"pa_bsize-50s","18":"pa_methacrylate-colors-azul-fluor-mfbl-es","19":"pa_methacrylate-colors-naranja-fluor-mfor-es","20":"pa_methacrylate-colors-verde-fluor-mfgr","21":"pa_methacrylate-colors-amarill-fluor-mfye","22":"pa_methacrylate-colors-magenta-fluor-mfma-es","23":"pa_methacrylate-colors-transparente-mttr","24":"pa_methacrylate-colors-violeta-movi","26":"first","27":"instock","28":"taxable","29":"shipping-taxable","30":"purchasable","31":"product-type-variable"},"exclude_global_add_ons":[],"addons":[],"acf":[],"_links":{"self":[{"href":"https:\/\/www.customeeple.com\/es\/wp-json\/wp\/v2\/product\/38408","targetHints":{"allow":["GET"]}}],"collection":[{"href":"https:\/\/www.customeeple.com\/es\/wp-json\/wp\/v2\/product"}],"about":[{"href":"https:\/\/www.customeeple.com\/es\/wp-json\/wp\/v2\/types\/product"}],"wp:featuredmedia":[{"embeddable":true,"href":"https:\/\/www.customeeple.com\/es\/wp-json\/wp\/v2\/media\/38575"}],"wp:attachment":[{"href":"https:\/\/www.customeeple.com\/es\/wp-json\/wp\/v2\/media?parent=38408"}],"wp:term":[{"taxonomy":"product_brand","embeddable":true,"href":"https:\/\/www.customeeple.com\/es\/wp-json\/wp\/v2\/product_brand?post=38408"},{"taxonomy":"product_cat","embeddable":true,"href":"https:\/\/www.customeeple.com\/es\/wp-json\/wp\/v2\/product_cat?post=38408"},{"taxonomy":"product_tag","embeddable":true,"href":"https:\/\/www.customeeple.com\/es\/wp-json\/wp\/v2\/product_tag?post=38408"}],"curies":[{"name":"wp","href":"https:\/\/api.w.org\/{rel}","templated":true}]}}