{"id":38397,"date":"2018-08-21T16:41:05","date_gmt":"2018-08-21T15:41:05","guid":{"rendered":"http:\/\/www.customeeple.com\/?post_type=product&#038;p=38397"},"modified":"2021-08-06T10:24:58","modified_gmt":"2021-08-06T09:24:58","slug":"bases-panal","status":"publish","type":"product","link":"https:\/\/www.customeeple.com\/es\/producto\/bases-panal\/","title":{"rendered":"Infinity Bases de panal"},"content":{"rendered":"<div class=\"infopreorder\">Por lo general, el tama\u00f1o de la base de una miniatura es diferente al tama\u00f1o de la parte superior de la base, por ejemplo, una base de 30 mm de M2E Malifaux tiene 25 mm dentro del hueco, por lo que si no est\u00e1 seguro de lo que necesita, puedes verificar el tama\u00f1o de correlaci\u00f3n de base con la parte superior de la base<a href=\"http:\/\/www.customeeple.com\/base-top-size-guide\/\">\u00a0aqu\u00ed.<\/a><\/div>\n<p>Nuestras bases son perfectas para mejorar el aspecto de tus miniaturas de\u00a0<strong><a href=\"http:\/\/infinitythegame.com\/\" target=\"_blank\" rel=\"noopener\">Infinity<\/a><\/strong><\/p>\n<p>Este set incluye bases de DM grabadas con un patron hexagonal, algunas de las celdas pueden quitarse y remplazadas por piezas de metacrilato fluorescente.<\/p>\n<p>Todas las piezas han sido dise\u00f1adas en colaboraci\u00f3n con\u00a0<strong><a href=\"http:\/\/www.corvusbelli.com\/\">Corvus Belli<\/a><\/strong>\u00a0\u00a0para ser totalmente compatibles con<strong>\u00a0<a href=\"http:\/\/infinitythegame.com\/\" target=\"_blank\" rel=\"noopener\"><strong>Infinity the game<\/strong><\/a>.<\/strong><\/p>\n<div class=\"moreinfo\">\n<p><strong>Material:<\/strong>\u00a0Dm y metacrilato<\/p>\n<p><strong>Espesor:\u00a0<\/strong>2,5 mm<strong><br \/>\n<\/strong><\/p>\n<p><strong>Tama\u00f1o:\u00a0<\/strong>Varia<\/p>\n<p><strong>Cantidad:\u00a0<\/strong>2 0 5 bases<\/p>\n<p><strong>Uso: <\/strong>Bases decorativas<\/p>\n<\/div>\n<p>&nbsp;<\/p>\n<p><strong>Nota:\u00a0<\/strong>Este producto se vende sin pintar ni montar. El pintado\u00a0de la foto es s\u00f3lo una sugerencia de pintado.<\/p>\n","protected":false},"excerpt":{"rendered":"<p>Nuevas bases para decorar tus miniaturas de <a href=\"http:\/\/infinitythegame.com\/\" target=\"_blank\" rel=\"noopener\"><strong>Infinity the game<\/strong><\/a><\/p>\n","protected":false},"featured_media":38573,"template":"","meta":{"_acf_changed":false},"product_brand":[],"product_cat":[350,304,1370,291,1394,2360,1372],"product_tag":[646,306],"class_list":{"0":"post-38397","1":"product","2":"type-product","3":"status-publish","4":"has-post-thumbnail","6":"product_cat-bases-es-infinity-es-2","7":"product_cat-bases-es","8":"product_cat-customeeple-es","9":"product_cat-infinity-es-2","10":"product_cat-infinity-es","11":"product_cat-productos-oficiales","12":"product_cat-sci-fi-es","13":"product_tag-infinity-es-2","14":"product_tag-infinity-the-game-es-2","15":"pa_bsize-24mm","16":"pa_bsize-1082","17":"pa_bsize-567","18":"pa_bsize-963","19":"pa_methacrylate-colors-azul-fluor-mfbl-es","20":"pa_methacrylate-colors-blancohielo-mtiw","21":"pa_methacrylate-colors-naranja-fluor-mfor-es","22":"pa_methacrylate-colors-verde-fluor-mfgr","23":"pa_methacrylate-colors-amarill-fluor-mfye","24":"pa_methacrylate-colors-magenta-fluor-mfma-es","25":"pa_methacrylate-colors-transparente-mttr","26":"pa_methacrylate-colors-azul-mobl","27":"pa_methacrylate-colors-violeta-movi","29":"first","30":"instock","31":"taxable","32":"shipping-taxable","33":"purchasable","34":"product-type-variable"},"exclude_global_add_ons":[],"addons":[],"acf":[],"_links":{"self":[{"href":"https:\/\/www.customeeple.com\/es\/wp-json\/wp\/v2\/product\/38397","targetHints":{"allow":["GET"]}}],"collection":[{"href":"https:\/\/www.customeeple.com\/es\/wp-json\/wp\/v2\/product"}],"about":[{"href":"https:\/\/www.customeeple.com\/es\/wp-json\/wp\/v2\/types\/product"}],"wp:featuredmedia":[{"embeddable":true,"href":"https:\/\/www.customeeple.com\/es\/wp-json\/wp\/v2\/media\/38573"}],"wp:attachment":[{"href":"https:\/\/www.customeeple.com\/es\/wp-json\/wp\/v2\/media?parent=38397"}],"wp:term":[{"taxonomy":"product_brand","embeddable":true,"href":"https:\/\/www.customeeple.com\/es\/wp-json\/wp\/v2\/product_brand?post=38397"},{"taxonomy":"product_cat","embeddable":true,"href":"https:\/\/www.customeeple.com\/es\/wp-json\/wp\/v2\/product_cat?post=38397"},{"taxonomy":"product_tag","embeddable":true,"href":"https:\/\/www.customeeple.com\/es\/wp-json\/wp\/v2\/product_tag?post=38397"}],"curies":[{"name":"wp","href":"https:\/\/api.w.org\/{rel}","templated":true}]}}