{"id":38362,"date":"2018-08-21T16:18:21","date_gmt":"2018-08-21T15:18:21","guid":{"rendered":"http:\/\/www.customeeple.com\/?post_type=product&#038;p=38362"},"modified":"2018-08-31T11:15:23","modified_gmt":"2018-08-31T09:15:23","slug":"neon-city-ariadna","status":"publish","type":"product","link":"https:\/\/www.customeeple.com\/es\/producto\/neon-city-ariadna\/","title":{"rendered":"Neon City Ariadna S [Pack 2 Edificios peque\u00f1os]"},"content":{"rendered":"<p>Un pack de dos edificios modulares&nbsp;compatible con <strong><a href=\"http:\/\/infinitythegame.com\/\" target=\"_blank\" rel=\"noopener\" data-mce-href=\"http:\/\/infinitythegame.com\/\">Infinity the game<\/a>.<\/strong><\/p>\n<p>Todos nuestros productos&nbsp;<strong>NEON CITY<\/strong>&nbsp;&nbsp;tienen una estructura similar, f\u00e1cil de montar, que puedes construir con diferentes configuraciones, pudiendo combinar las piezas para construir nuevos y espectaculares edificios.<\/p>\n<p>Adem\u00e1s todos los edificios son apilables para que puedas combinarlos creando estructuras de varias plantas, ampliando tu ciudad no s\u00f3lo en horizontal, sino en sentido vertical.<\/p>\n<p>Construye tu propio barrio y a\u00f1ade m\u00e1s vida y variedad a los edificios de tu mesa de juego <strong><a href=\"http:\/\/infinitythegame.com\/\" target=\"_blank\" rel=\"noopener\" data-mce-href=\"http:\/\/infinitythegame.com\/\">Infinity<\/a><\/strong>&nbsp;, Un pack de edificios modulares puede ser montado de una gran cantidad de formas diferentes.&nbsp;Adem\u00e1s todos los productos de la linea <a href=\"http:\/\/www.customeeple.com\/?s=neon+city&amp;post_type=product\" data-mce-href=\"http:\/\/www.customeeple.com\/?s=neon+city&amp;post_type=product\"><strong>NEON CITY<\/strong><\/a>&nbsp;son compatibles entre ellos.<\/p>\n<p style=\"color: #000000;\" data-mce-style=\"color: #000000;\">Cada&nbsp;pack contiene:<\/p>\n<ul style=\"color: #000000;\" data-mce-style=\"color: #000000;\">\n<li>2 casas con diferentes frontales: Licoreria y Clinica Veterinaria<\/li>\n<li>1 escalera exterior de la misma altura de los edificios<\/li>\n<li>1 entrada para Perros<\/li>\n<li>2 aires acondicionado (uno de ellos puede ser lateral)<\/li>\n<li>M\u00faltiples complementos de metacrilato fluorescente<\/li>\n<li>Peque\u00f1os cristales para las ventanas<\/li>\n<li>Generador de Energia.<\/li>\n<\/ul>\n<p style=\"color: #000000;\" data-mce-style=\"color: #000000;\">Los edificios han sido dise\u00f1ados por jugadores y para jugadores y tienen muchas posibilidades de juego: interior jugable, escaleras manuales desmontables, barandillas opcionales, &nbsp;y adem\u00e1s aseguramos que no generan l\u00edneas&nbsp;de vision extra\u00f1as<\/p>\n<p style=\"color: #000000;\" data-mce-style=\"color: #000000;\">Todas las piezas se han dise\u00f1ado en colaboraci\u00f3n con&nbsp;<strong><a href=\"http:\/\/www.corvusbelli.com\/\" data-mce-href=\"http:\/\/www.corvusbelli.com\/\">Corvus Belli<\/a><\/strong>&nbsp;para ser totalmente compatibles con&nbsp;<strong><a href=\"http:\/\/infinitythegame.com\/\" target=\"_blank\" rel=\"noopener\" data-mce-href=\"http:\/\/infinitythegame.com\/\">Infinity the game<\/a>.<\/strong><\/p>\n<p><\/p>\n<div class=\"moreinfo\">\n<p><strong style=\"font-size: 14px; line-height: 1.5em;\" data-mce-style=\"font-size: 14px; line-height: 1.5em;\">Material: <\/strong><span style=\"font-size: 14px; line-height: 1.5em;\" data-mce-style=\"font-size: 14px; line-height: 1.5em;\">Dm y metacrilato<\/span><\/p>\n<p dir=\"ltr\"><strong>Espesor:<\/strong>&nbsp;2,5 cm<\/p>\n<p dir=\"ltr\"><strong>Tama\u00f1o:&nbsp;<\/strong>10&#215;10 cm<strong><br \/><\/strong><\/p>\n<p dir=\"ltr\"><strong>Cantidad: <\/strong>2 edificios, 1 escalera y complementos<\/p>\n<p><strong>Uso:<\/strong> Edificios de escenograf\u00eda compatibles con&nbsp;<strong><a href=\"http:\/\/infinitythegame.com\/\" target=\"_blank\" rel=\"noopener\" data-mce-href=\"http:\/\/infinitythegame.com\/\">Infinity the game<\/a>&nbsp;<\/strong><\/p>\n<\/div>\n<div class=\"infopreorder\"><strong>Nota:<\/strong>&nbsp;Miniaturas y accesorios no incluidos. Este producto se vende sin montar. Necesitar\u00e1s pegamento para montar las piezas<\/div>\n","protected":false},"excerpt":{"rendered":"<p>Edificios modulares de escenograf\u00eda para <strong><a href=\"http:\/\/www.infinitythegame.com\/infinity\/en\" data-mce-href=\"http:\/\/www.infinitythegame.com\/infinity\/en\">Infinity the game&nbsp;<\/a><\/strong><\/p>\n","protected":false},"featured_media":38504,"template":"","meta":{"_acf_changed":false},"product_brand":[],"product_cat":[191,346,1399,291,1394,2360,1372],"product_tag":[646,306],"class_list":{"0":"post-38362","1":"product","2":"type-product","3":"status-publish","4":"has-post-thumbnail","6":"product_cat-accesorios","7":"product_cat-escenografia","8":"product_cat-escenografia-es","9":"product_cat-infinity-es-2","10":"product_cat-infinity-es","11":"product_cat-productos-oficiales","12":"product_cat-sci-fi-es","13":"product_tag-infinity-es-2","14":"product_tag-infinity-the-game-es-2","16":"first","17":"instock","18":"taxable","19":"shipping-taxable","20":"purchasable","21":"product-type-simple"},"exclude_global_add_ons":[],"addons":[],"acf":[],"_links":{"self":[{"href":"https:\/\/www.customeeple.com\/es\/wp-json\/wp\/v2\/product\/38362","targetHints":{"allow":["GET"]}}],"collection":[{"href":"https:\/\/www.customeeple.com\/es\/wp-json\/wp\/v2\/product"}],"about":[{"href":"https:\/\/www.customeeple.com\/es\/wp-json\/wp\/v2\/types\/product"}],"wp:featuredmedia":[{"embeddable":true,"href":"https:\/\/www.customeeple.com\/es\/wp-json\/wp\/v2\/media\/38504"}],"wp:attachment":[{"href":"https:\/\/www.customeeple.com\/es\/wp-json\/wp\/v2\/media?parent=38362"}],"wp:term":[{"taxonomy":"product_brand","embeddable":true,"href":"https:\/\/www.customeeple.com\/es\/wp-json\/wp\/v2\/product_brand?post=38362"},{"taxonomy":"product_cat","embeddable":true,"href":"https:\/\/www.customeeple.com\/es\/wp-json\/wp\/v2\/product_cat?post=38362"},{"taxonomy":"product_tag","embeddable":true,"href":"https:\/\/www.customeeple.com\/es\/wp-json\/wp\/v2\/product_tag?post=38362"}],"curies":[{"name":"wp","href":"https:\/\/api.w.org\/{rel}","templated":true}]}}