{"id":37957,"date":"2022-09-02T16:41:29","date_gmt":"2018-08-02T14:41:32","guid":{"rendered":"http:\/\/www.customeeple.com\/?post_type=product&#038;p=37957"},"modified":"2019-02-01T11:39:09","modified_gmt":"2019-02-01T09:39:09","slug":"peana-carta","status":"publish","type":"product","link":"https:\/\/www.customeeple.com\/es\/producto\/peana-carta\/","title":{"rendered":"Peana para cartas o miniaturas de papel (1 Ud)"},"content":{"rendered":"<p>Una herramienta basica para crear tus propias miniaturas de papel en tus prototipos o partidas de rol. Tan solo imprime lo que quieras y colocalo entre las dos planchas de metacrilato para crear una miniatura personalizada y exclusiva.<\/p>\n<p>La base es tambi\u00e9n \u00fatil para juegos que usen cartas para representar sus personajes como\u00a0<strong><a href=\"https:\/\/boardgamegeek.com\/boardgame\/205637\/arkham-horror-card-game\">Arkham horror Lcg<\/a><\/strong><\/p>\n<p>Puedes cambiar el color de la base de la peana para crear tus equipos o diferenciar personajes.<\/p>\n<div class=\"moreinfo\">\n<p><strong>Material:<\/strong>\u00a0Metacrilato<\/p>\n<p><strong>Espesor:<\/strong>\u00a03mm<\/p>\n<p><strong>Tama\u00f1o:<\/strong> base 4,2 cm \/superficie 4 x 6,5 cm<\/p>\n<p><strong>Cantidad: <\/strong>1\u00a0unidad<\/p>\n<p><strong>Uso:<\/strong>\u00a0Crea tus propias minis de papel<\/p>\n<\/div>\n<div class=\"infopreorder\"><strong>Nota:<\/strong>\u00a0Los colores de las piezas de metacrilato pueden variar ligeramente de las mostradas en la fotos. El producto se vende sin pintar ni montar, necesitar\u00e1s pegamento para el montaje.<\/div>\n<p><strong><a href=\"https:\/\/boardgamegeek.com\/boardgame\/205637\/arkham-horror-card-game\">Arkham horror Lcg<\/a> <\/strong>es un juego de\u00a0<strong>Nate French<\/strong> y <strong>Matthew Newman<\/strong>\u00a0publicado por\u00a0<strong><a href=\"https:\/\/www.fantasyflightgames.com\/en\/index\/\">Fantasy Flight Games<\/a>.<\/strong>\u00a0<strong>Customeeple<\/strong>\u00a0 no mantiene ninguna relaci\u00f3n con esa compa\u00f1\u00eda y este producto no est\u00e1 de ninguna manera patrocinado por ellos.<\/p>\n","protected":false},"excerpt":{"rendered":"<p>Marca tus pistas en cualquier juego<\/p>\n","protected":false},"featured_media":64715,"template":"","meta":{"_acf_changed":false},"product_brand":[],"product_cat":[1303,1370],"product_tag":[1310],"class_list":{"0":"post-37957","1":"product","2":"type-product","3":"status-publish","4":"has-post-thumbnail","6":"product_cat-ada","7":"product_cat-customeeple-es","8":"product_tag-arkham-horror-lcg-es","9":"pa_methacrylate-colors-amarill-fluor-mfye","10":"pa_methacrylate-colors-amarillo-moye","11":"pa_methacrylate-colors-mtye-es","12":"pa_methacrylate-colors-azul-mobl","13":"pa_methacrylate-colors-azul-fluor-mfbl-es","14":"pa_methacrylate-colors-azul-oscuro-mobd","15":"pa_methacrylate-colors-azul-trans-mtbl","16":"pa_methacrylate-colors-blancohielo-mtiw","17":"pa_methacrylate-colors-balnco-mowh","18":"pa_methacrylate-colors-dm","19":"pa_methacrylate-colors-humo-trans-mtsm","20":"pa_methacrylate-colors-gris-mogy","21":"pa_methacrylate-colors-naranja-fluor-mfor-es-2","22":"pa_methacrylate-colors-naranja-fluor-mfor-es","23":"pa_methacrylate-colors-naranja-trans-mtor","24":"pa_methacrylate-colors-negro-moba","25":"pa_methacrylate-colors-rojo-more","26":"pa_methacrylate-colors-rojotrans-mtre","27":"pa_methacrylate-colors-magenta-fluor-mfma-es","28":"pa_methacrylate-colors-rosa-helado-mspi","29":"pa_methacrylate-colors-transparente-mttr","30":"pa_methacrylate-colors-verde-trans-mtgr","31":"pa_methacrylate-colors-verde-fluor-mfgr","32":"pa_methacrylate-colors-verde-mogr","33":"pa_methacrylate-colors-violeta-movi","35":"first","36":"instock","37":"taxable","38":"shipping-taxable","39":"purchasable","40":"product-type-variable"},"exclude_global_add_ons":[],"addons":[],"acf":[],"_links":{"self":[{"href":"https:\/\/www.customeeple.com\/es\/wp-json\/wp\/v2\/product\/37957","targetHints":{"allow":["GET"]}}],"collection":[{"href":"https:\/\/www.customeeple.com\/es\/wp-json\/wp\/v2\/product"}],"about":[{"href":"https:\/\/www.customeeple.com\/es\/wp-json\/wp\/v2\/types\/product"}],"wp:featuredmedia":[{"embeddable":true,"href":"https:\/\/www.customeeple.com\/es\/wp-json\/wp\/v2\/media\/64715"}],"wp:attachment":[{"href":"https:\/\/www.customeeple.com\/es\/wp-json\/wp\/v2\/media?parent=37957"}],"wp:term":[{"taxonomy":"product_brand","embeddable":true,"href":"https:\/\/www.customeeple.com\/es\/wp-json\/wp\/v2\/product_brand?post=37957"},{"taxonomy":"product_cat","embeddable":true,"href":"https:\/\/www.customeeple.com\/es\/wp-json\/wp\/v2\/product_cat?post=37957"},{"taxonomy":"product_tag","embeddable":true,"href":"https:\/\/www.customeeple.com\/es\/wp-json\/wp\/v2\/product_tag?post=37957"}],"curies":[{"name":"wp","href":"https:\/\/api.w.org\/{rel}","templated":true}]}}