{"id":37953,"date":"2018-08-02T16:22:30","date_gmt":"2018-08-02T14:22:31","guid":{"rendered":"http:\/\/www.customeeple.com\/?post_type=product&#038;p=37953"},"modified":"2018-08-07T10:54:20","modified_gmt":"2018-08-07T08:54:20","slug":"separador-para-inserto-tdi","status":"publish","type":"product","link":"https:\/\/www.customeeple.com\/es\/producto\/separador-para-inserto-tdi\/","title":{"rendered":"Separador para Inserto Terminal directive (8 Uds)"},"content":{"rendered":"<p>Separador adicional para nuestro <strong>inserto TDI<\/strong>.\u00a0Si necesitas separadores extra o simplemente hacer m\u00e1s espacios en tu inserto para a\u00f1adir cartas o fichas de otros tipos, esto es lo que necesitas.<\/p>\n<p>Este producto trae 8 separadores simples. Los separadores son id\u00e9nticos a los que vienen con nuestro inserto.<\/p>\n<div class=\"moreinfo\">\n<p><strong>Material: <\/strong>DM<\/p>\n<p dir=\"ltr\"><strong>Espesor:<\/strong> 2,5 mm<\/p>\n<p dir=\"ltr\"><strong>Cantidad:<\/strong>\u00a08 simples<\/p>\n<p><strong>Uso:<\/strong> Separadores adicionales para nuestro inserto.<\/p>\n<\/div>\n<p><strong><a href=\"http:\/\/boardgamegeek.com\/boardgame\/124742\/android-netrunner\" target=\"_blank\" rel=\"noopener\">Android: Netrunner<\/a><\/strong>es un juego publicado por <strong><a href=\"http:\/\/www.fantasyflightgames.com\/\">Fantasy Flight Publishing Inc<\/a>.<\/strong>\u00a0<strong>Customeeple<\/strong>\u00a0no mantiene ninguna relaci\u00f3n con esta compa\u00f1\u00eda y este producto no esta apoyado por ellos de ninguna forma.<\/p>\n","protected":false},"excerpt":{"rendered":"<p>Divisores adicionales para nuestro inserto compatible con\u00a0<strong><a href=\"https:\/\/boardgamegeek.com\/boardgame\/205637\/arkham-horror-card-game\">Arkham Horror: The Card Game<\/a><\/strong><\/p>\n","protected":false},"featured_media":38018,"template":"","meta":{"_acf_changed":false},"product_brand":[],"product_cat":[191,1370,1395],"product_tag":[332,649],"class_list":{"0":"post-37953","1":"product","2":"type-product","3":"status-publish","4":"has-post-thumbnail","6":"product_cat-accesorios","7":"product_cat-customeeple-es","8":"product_cat-insertos","9":"product_tag-insert-es","10":"product_tag-netrunner-es-2","12":"first","13":"instock","14":"taxable","15":"shipping-taxable","16":"purchasable","17":"product-type-simple"},"exclude_global_add_ons":[],"addons":[],"acf":[],"_links":{"self":[{"href":"https:\/\/www.customeeple.com\/es\/wp-json\/wp\/v2\/product\/37953","targetHints":{"allow":["GET"]}}],"collection":[{"href":"https:\/\/www.customeeple.com\/es\/wp-json\/wp\/v2\/product"}],"about":[{"href":"https:\/\/www.customeeple.com\/es\/wp-json\/wp\/v2\/types\/product"}],"wp:featuredmedia":[{"embeddable":true,"href":"https:\/\/www.customeeple.com\/es\/wp-json\/wp\/v2\/media\/38018"}],"wp:attachment":[{"href":"https:\/\/www.customeeple.com\/es\/wp-json\/wp\/v2\/media?parent=37953"}],"wp:term":[{"taxonomy":"product_brand","embeddable":true,"href":"https:\/\/www.customeeple.com\/es\/wp-json\/wp\/v2\/product_brand?post=37953"},{"taxonomy":"product_cat","embeddable":true,"href":"https:\/\/www.customeeple.com\/es\/wp-json\/wp\/v2\/product_cat?post=37953"},{"taxonomy":"product_tag","embeddable":true,"href":"https:\/\/www.customeeple.com\/es\/wp-json\/wp\/v2\/product_tag?post=37953"}],"curies":[{"name":"wp","href":"https:\/\/api.w.org\/{rel}","templated":true}]}}