{"id":37919,"date":"2018-08-02T10:14:50","date_gmt":"2018-08-02T09:14:50","guid":{"rendered":"http:\/\/www.customeeple.com\/?post_type=product&#038;p=37919"},"modified":"2018-09-24T12:20:15","modified_gmt":"2018-09-24T10:20:15","slug":"inserto-tdi","status":"publish","type":"product","link":"https:\/\/www.customeeple.com\/es\/producto\/inserto-tdi\/","title":{"rendered":"Inserto compatible Terminal Directive (22,5 x 28,5 x 9,4 cm)"},"content":{"rendered":"<p>\u00bfEst\u00e1s cansado de los huecos de aire en las cajas de los juegos?\u00bfjuegos que vienen con insertos que molestan m\u00e1s que organizan? Esta es tu soluci\u00f3n, compra tu propio inserto a medida. Nunca m\u00e1s rodar\u00e1n las piezas por la caja y podr\u00e1s tener organizadas las cartas de un juego.<\/p>\n<p>El inserto separa la caja en 4 columnas de <strong>6,7 cm<\/strong> de ancho, para poder almacenar las cartas verticalmente.<\/p>\n<p>Incluimos 8 separadores perfectamente compatibles con el inserto para marcar las divisiones que quieras. Recuerda que puedes adem\u00e1s comprar <strong>separadores adiccionales<\/strong> para este inserto.<\/p>\n<p><strong>Nota<\/strong>: Calcula que tu caja encaja perfectamente con nuestro inserto, esta pensado para cajas con un interior de <strong>(22,5 x 28,5 x 9,4 cm) <\/strong>Este formato es compatible con muchas cajas en el mercado como por ejemplo\u00a0<strong><a href=\"https:\/\/www.fantasyflightgames.com\/en\/products\/android-netrunner-the-card-game\/products\/terminal-directive\/\">La expansi\u00f3n Terminal Directive para Netrunner<\/a><\/strong>.\u00a0\u00a0Podemos fabricar f\u00e1cilmente insertos en otros tama\u00f1os, solo<strong>\u00a0<\/strong><strong><a href=\"..\/contact-us\/\">contacta con nosotros<\/a>.<\/strong><\/p>\n<div class=\"moreinfo\">\n<p><strong>Material: <\/strong>DM<\/p>\n<p dir=\"ltr\"><strong>Espesor:<\/strong> 2,5 mm<\/p>\n<p dir=\"ltr\"><strong>Tama\u00f1o:<\/strong> 22,5 x 28,5 x 9,4 cm<\/p>\n<p dir=\"ltr\"><strong>Cantidad:<\/strong> 1 inserto y 8 separadores.<\/p>\n<p><strong>Uso:<\/strong> Divisiones interiores para cajas cuadradas de 22,5 x 28,5 x 9,4 cm<\/p>\n<\/div>\n<p><strong><a href=\"http:\/\/boardgamegeek.com\/boardgame\/124742\/android-netrunner\" target=\"_blank\" rel=\"noopener\">Android: Netrunner<\/a><\/strong>es un juego publicado por <strong><a href=\"http:\/\/www.fantasyflightgames.com\/\">Fantasy Flight Publishing Inc<\/a>.<\/strong>\u00a0<strong>Customeeple<\/strong>\u00a0no mantiene ninguna relaci\u00f3n con esta compa\u00f1\u00eda y este producto no esta apoyado por ellos de ninguna forma.<\/p>\n","protected":false},"excerpt":{"rendered":"<p>Un resistente inserto pensado para cajas de <strong>22,5 x 28,5 x 9,4 cm<\/strong><\/p>\n","protected":false},"featured_media":37892,"template":"","meta":{"_acf_changed":false},"product_brand":[],"product_cat":[1370,1395,1391],"product_tag":[332,649],"class_list":{"0":"post-37919","1":"product","2":"type-product","3":"status-publish","4":"has-post-thumbnail","6":"product_cat-customeeple-es","7":"product_cat-insertos","8":"product_cat-deck-holders-es","9":"product_tag-insert-es","10":"product_tag-netrunner-es-2","12":"first","13":"instock","14":"taxable","15":"shipping-taxable","16":"purchasable","17":"product-type-simple"},"exclude_global_add_ons":[],"addons":[],"acf":[],"_links":{"self":[{"href":"https:\/\/www.customeeple.com\/es\/wp-json\/wp\/v2\/product\/37919","targetHints":{"allow":["GET"]}}],"collection":[{"href":"https:\/\/www.customeeple.com\/es\/wp-json\/wp\/v2\/product"}],"about":[{"href":"https:\/\/www.customeeple.com\/es\/wp-json\/wp\/v2\/types\/product"}],"wp:featuredmedia":[{"embeddable":true,"href":"https:\/\/www.customeeple.com\/es\/wp-json\/wp\/v2\/media\/37892"}],"wp:attachment":[{"href":"https:\/\/www.customeeple.com\/es\/wp-json\/wp\/v2\/media?parent=37919"}],"wp:term":[{"taxonomy":"product_brand","embeddable":true,"href":"https:\/\/www.customeeple.com\/es\/wp-json\/wp\/v2\/product_brand?post=37919"},{"taxonomy":"product_cat","embeddable":true,"href":"https:\/\/www.customeeple.com\/es\/wp-json\/wp\/v2\/product_cat?post=37919"},{"taxonomy":"product_tag","embeddable":true,"href":"https:\/\/www.customeeple.com\/es\/wp-json\/wp\/v2\/product_tag?post=37919"}],"curies":[{"name":"wp","href":"https:\/\/api.w.org\/{rel}","templated":true}]}}