{"id":37915,"date":"2018-08-02T09:34:35","date_gmt":"2018-08-02T08:34:35","guid":{"rendered":"http:\/\/www.customeeple.com\/?post_type=product&#038;p=37915"},"modified":"2018-08-07T10:53:44","modified_gmt":"2018-08-07T08:53:44","slug":"inserto-len","status":"publish","type":"product","link":"https:\/\/www.customeeple.com\/es\/producto\/inserto-len\/","title":{"rendered":"Inserto compatible con Legendary Encounters (24,3 x 37 x 7 cm)"},"content":{"rendered":"<p>\u00bfEst\u00e1s cansado de los huecos de aire en las cajas de los juegos?\u00bfjuegos que vienen con insertos que molestan m\u00e1s que organizan? Esta es tu soluci\u00f3n, compra tu propio inserto a medida. Nunca m\u00e1s rodar\u00e1n las piezas por la caja y podr\u00e1s tener organizadas las cartas de un juego.<\/p>\n<p>Nuestro inserto <strong>LEN<\/strong> separa la caja en 2 columnas de <strong>9 cm<\/strong> de ancho, incluimos 8\u00a0separadores perfectamente compatibles con el inserto para marcar las divisiones que quieras. Recuerda que puedes adem\u00e1s comprar <strong><a href=\"..\/es\/producto\/\">separadores adiccionales<\/a><\/strong> para este inserto.<\/p>\n<p><strong>Nota<\/strong>: Calcula que tu caja encaja perfectamente con nuestro inserto, esta pensado para cajas con un interior de <strong>(24,3 x 37 x 7 cm) <\/strong>Este formato es compatible con muchas cajas en el mercado como por ejemplo <strong><a href=\"https:\/\/upperdeckstore.com\/games-collectibles\/alien\/legendary-encounters-an-alien-deck-building-game.html\">La serie Legendary encounter<\/a><\/strong>. Podemos fabricar f\u00e1cilmente insertos en otros tama\u00f1os, solo<strong>\u00a0<\/strong><strong><a href=\"..\/contact-us\/\">contacta con nosotros<\/a>.<\/strong><\/p>\n<div class=\"moreinfo\">\n<p><strong>Material: <\/strong>DM<\/p>\n<p dir=\"ltr\"><strong>Espesor:<\/strong> 2,5 mm<\/p>\n<p dir=\"ltr\"><strong>Tama\u00f1o:\u00a0<\/strong> 24,3 x 37 x 7 cm cm<\/p>\n<p dir=\"ltr\"><strong>Cantidad:<\/strong> 1 inserto y 8\u00a0separadores.<\/p>\n<p><strong>Uso:<\/strong> Divisiones interiores para cajas cuadradas de\u00a035,6 x 32 x 9,2cm \u00a0 <strong><a href=\"https:\/\/upperdeckstore.com\/games-collectibles\/alien\/legendary-encounters-an-alien-deck-building-game.html\">Legendary encounter <\/a><\/strong><strong>\u00a0<\/strong>es un juego publicado por <a href=\"https:\/\/upperdeckstore.com\/\"><strong>Upper Deck Entertainment<\/strong><\/a>. <strong>Customeeple<\/strong>\u00a0no mantiene ninguna relaci\u00f3n con esta compa\u00f1\u00eda y este producto no esta apoyado por ellos de ninguna forma.<\/p>\n<\/div>\n","protected":false},"excerpt":{"rendered":"<p>Un resistente inserto pensado para cajas de <strong>34,3 x 37 x 7 cm<\/strong><strong><span style=\"font-family: Arial, Verdana; font-size: 13.3333330154419px;\">\u00a0<\/span><\/strong><\/p>\n","protected":false},"featured_media":38067,"template":"","meta":{"_acf_changed":false},"product_brand":[],"product_cat":[1370,1395,1391],"product_tag":[332,832],"class_list":{"0":"post-37915","1":"product","2":"type-product","3":"status-publish","4":"has-post-thumbnail","6":"product_cat-customeeple-es","7":"product_cat-insertos","8":"product_cat-deck-holders-es","9":"product_tag-insert-es","10":"product_tag-legendary","12":"first","13":"instock","14":"taxable","15":"shipping-taxable","16":"purchasable","17":"product-type-simple"},"exclude_global_add_ons":[],"addons":[],"acf":[],"_links":{"self":[{"href":"https:\/\/www.customeeple.com\/es\/wp-json\/wp\/v2\/product\/37915","targetHints":{"allow":["GET"]}}],"collection":[{"href":"https:\/\/www.customeeple.com\/es\/wp-json\/wp\/v2\/product"}],"about":[{"href":"https:\/\/www.customeeple.com\/es\/wp-json\/wp\/v2\/types\/product"}],"wp:featuredmedia":[{"embeddable":true,"href":"https:\/\/www.customeeple.com\/es\/wp-json\/wp\/v2\/media\/38067"}],"wp:attachment":[{"href":"https:\/\/www.customeeple.com\/es\/wp-json\/wp\/v2\/media?parent=37915"}],"wp:term":[{"taxonomy":"product_brand","embeddable":true,"href":"https:\/\/www.customeeple.com\/es\/wp-json\/wp\/v2\/product_brand?post=37915"},{"taxonomy":"product_cat","embeddable":true,"href":"https:\/\/www.customeeple.com\/es\/wp-json\/wp\/v2\/product_cat?post=37915"},{"taxonomy":"product_tag","embeddable":true,"href":"https:\/\/www.customeeple.com\/es\/wp-json\/wp\/v2\/product_tag?post=37915"}],"curies":[{"name":"wp","href":"https:\/\/api.w.org\/{rel}","templated":true}]}}