{"id":37842,"date":"2024-01-07T14:48:30","date_gmt":"2024-01-07T13:48:30","guid":{"rendered":"http:\/\/www.customeeple.com\/?post_type=product&#038;p=37842"},"modified":"2018-08-21T14:52:00","modified_gmt":"2018-08-21T12:52:00","slug":"dado-jc","status":"publish","type":"product","link":"https:\/\/www.customeeple.com\/es\/producto\/dado-jc\/","title":{"rendered":"Dados personalizados para John Company (5 Uds)"},"content":{"rendered":"<p>Un set de dados personalizados para el juego de\u00a0<strong><a href=\"http:\/\/www.sierra-madre-games.com\/#!\/~\/category\/id=482250&amp;offset=0&amp;sort=normal\">Sierra Madre Games<\/a><\/strong>\u00a0<strong><a href=\"https:\/\/www.sierra-madre-games.com\/john-company.html\">John company<\/a><\/strong><\/p>\n<p>Cada set contiene 5 dados, cada dado esta gravado y pintado a mano e incluye dos caras con el logo de la compa\u00f1\u00eda para \u00e9xitos, dos caras para indicar fracaso y dos en blanco.<\/p>\n<p>Todas las piezas han sido dise\u00f1adas en colaboraci\u00f3n con <strong><a href=\"http:\/\/www.sierra-madre-games.com\/#!\/~\/category\/id=482250&amp;offset=0&amp;sort=normal\">Sierra Madre Games<\/a>\u00a0<\/strong>para ser completamente compatibles con el juego de<strong><a href=\"http:\/\/www.corvusbelli.com\" target=\"_blank\" rel=\"noopener\">\u00a0Cole wherle<\/a><\/strong>\u00a0<strong><a href=\"https:\/\/www.sierra-madre-games.com\/john-company.html\">John company<\/a>.<\/strong><\/p>\n<p>Recuerda que tenemos toda una linea de productos \u00a0para los juegos de\u00a0<strong><a href=\"\/?product_cat=sierra-madre-games\">Sierra Madre games<\/a><\/strong><\/p>\n<p>&nbsp;<\/p>\n<div class=\"moreinfo\">\n<p><strong>Material:<\/strong> Dado plastico grabado y pintado<\/p>\n<p><strong>Tama\u00f1o: <\/strong>lado de 1 cm<\/p>\n<p><strong>Cantidad:<\/strong>\u00a05 dados<\/p>\n<p><strong>Us0: <\/strong>Dados personalizados para\u00a0<strong>\u00a0<a href=\"https:\/\/www.sierra-madre-games.com\/john-company.html\">John company<\/a><\/strong><\/p>\n<\/div>\n<p>&nbsp;<\/p>\n","protected":false},"excerpt":{"rendered":"<p>Un set de marcadores deluxe para\u00a0\u00a0<strong><a href=\"https:\/\/boardgamegeek.com\/boardgame\/156501\/greenland\">Greenland<\/a>.<\/strong><\/p>\n","protected":false},"featured_media":71492,"template":"","meta":{"_acf_changed":false},"product_brand":[],"product_cat":[1370,1392],"product_tag":[861],"class_list":{"0":"post-37842","1":"product","2":"type-product","3":"status-publish","4":"has-post-thumbnail","6":"product_cat-customeeple-es","7":"product_cat-dados","8":"product_tag-sierra-madre-games-es","10":"first","11":"instock","12":"taxable","13":"shipping-taxable","14":"purchasable","15":"product-type-simple"},"exclude_global_add_ons":[],"addons":[],"acf":[],"_links":{"self":[{"href":"https:\/\/www.customeeple.com\/es\/wp-json\/wp\/v2\/product\/37842","targetHints":{"allow":["GET"]}}],"collection":[{"href":"https:\/\/www.customeeple.com\/es\/wp-json\/wp\/v2\/product"}],"about":[{"href":"https:\/\/www.customeeple.com\/es\/wp-json\/wp\/v2\/types\/product"}],"wp:featuredmedia":[{"embeddable":true,"href":"https:\/\/www.customeeple.com\/es\/wp-json\/wp\/v2\/media\/71492"}],"wp:attachment":[{"href":"https:\/\/www.customeeple.com\/es\/wp-json\/wp\/v2\/media?parent=37842"}],"wp:term":[{"taxonomy":"product_brand","embeddable":true,"href":"https:\/\/www.customeeple.com\/es\/wp-json\/wp\/v2\/product_brand?post=37842"},{"taxonomy":"product_cat","embeddable":true,"href":"https:\/\/www.customeeple.com\/es\/wp-json\/wp\/v2\/product_cat?post=37842"},{"taxonomy":"product_tag","embeddable":true,"href":"https:\/\/www.customeeple.com\/es\/wp-json\/wp\/v2\/product_tag?post=37842"}],"curies":[{"name":"wp","href":"https:\/\/api.w.org\/{rel}","templated":true}]}}