{"id":37776,"date":"2018-07-31T11:33:57","date_gmt":"2018-07-31T09:33:57","guid":{"rendered":"http:\/\/www.customeeple.com\/?post_type=product&#038;p=37776"},"modified":"2019-02-02T02:00:56","modified_gmt":"2019-02-02T00:00:56","slug":"sector-imperialis-ruins","status":"publish","type":"product","link":"https:\/\/www.customeeple.com\/es\/producto\/sector-imperialis-ruins\/","title":{"rendered":"Sector Imperialis Ruins"},"content":{"rendered":"<p>Un impactante conjunto de detallada y llamativa escenograf\u00eda, estas ruinas son un kit de pl\u00e1stico modular totalmente compatible con otros en las gamas Sector Imperialis y Sector Mechanicus. \u00a1Combina tantos kits como desees para crear entornos tan extensos como evocadores de m\u00faltiples niveles, ideales para partidas de Warhammer 40,000!<\/p>\n<p>Las Ruinas del Sector Imperialis son un conjunto de 4 secciones, dise\u00f1adas para evocar una ciudad destruida por una guerra sin cuartel. Son restos de la espl\u00e9ndida e imponente arquitectura g\u00f3tica: Altas ventanas que rematan en arco, columnas acanaladas y diversos cr\u00e1neos que adornan las paredes, con respiraderos, unidades de reciclaje de aire y tuber\u00edas que confieren al kit un aire a gastado entorno industrial. La secci\u00f3n de cada planta de las ruinas ha sido dise\u00f1ada para dejar el espacio necesario para jugar: Las miniaturas m\u00e1s corpulentas caben con desahogo. Todos los accesorios poseen las mismas dimensiones que los del Sector Mechanicus, lo que te facilitar\u00e1 incorporarlos al despliegue de tu escenario.<\/p>\n<p>Este kit consta de 24 piezas de pl\u00e1stico e incluye las reglas para su uso en partidas de Warhammer 40,000.<\/p>\n","protected":false},"excerpt":{"rendered":"<p>Games Workshop boardgame.<\/p>\n","protected":false},"featured_media":37780,"template":"","meta":{"_acf_changed":false},"product_brand":[],"product_cat":[1177,1180,1372,1229],"product_tag":[1422,1264,1179,785],"class_list":{"0":"post-37776","1":"product","2":"type-product","3":"status-publish","4":"has-post-thumbnail","6":"product_cat-games-workshop-es","7":"product_cat-retail-products-es","8":"product_cat-sci-fi-es","9":"product_cat-warhammer-40k-es","10":"product_tag-40000-es","11":"product_tag-boardgame-es","12":"product_tag-gamesworkshop-es","13":"product_tag-wargame-es-2","14":"pa_language-in","15":"pa_language-spanish","16":"pa_language-cas","18":"first","19":"onbackorder","20":"sale","21":"taxable","22":"shipping-taxable","23":"purchasable","24":"product-type-simple"},"exclude_global_add_ons":[],"addons":[],"acf":[],"_links":{"self":[{"href":"https:\/\/www.customeeple.com\/es\/wp-json\/wp\/v2\/product\/37776","targetHints":{"allow":["GET"]}}],"collection":[{"href":"https:\/\/www.customeeple.com\/es\/wp-json\/wp\/v2\/product"}],"about":[{"href":"https:\/\/www.customeeple.com\/es\/wp-json\/wp\/v2\/types\/product"}],"wp:featuredmedia":[{"embeddable":true,"href":"https:\/\/www.customeeple.com\/es\/wp-json\/wp\/v2\/media\/37780"}],"wp:attachment":[{"href":"https:\/\/www.customeeple.com\/es\/wp-json\/wp\/v2\/media?parent=37776"}],"wp:term":[{"taxonomy":"product_brand","embeddable":true,"href":"https:\/\/www.customeeple.com\/es\/wp-json\/wp\/v2\/product_brand?post=37776"},{"taxonomy":"product_cat","embeddable":true,"href":"https:\/\/www.customeeple.com\/es\/wp-json\/wp\/v2\/product_cat?post=37776"},{"taxonomy":"product_tag","embeddable":true,"href":"https:\/\/www.customeeple.com\/es\/wp-json\/wp\/v2\/product_tag?post=37776"}],"curies":[{"name":"wp","href":"https:\/\/api.w.org\/{rel}","templated":true}]}}