{"id":37480,"date":"2018-07-17T12:21:53","date_gmt":"2018-07-18T10:21:54","guid":{"rendered":"http:\/\/www.customeeple.com\/?post_type=product&#038;p=37480"},"modified":"2020-10-23T16:50:04","modified_gmt":"2020-10-23T15:50:04","slug":"aristeia-human-fate","status":"publish","type":"product","link":"https:\/\/www.customeeple.com\/es\/producto\/aristeia-human-fate\/","title":{"rendered":"Aristeia! Human Fate"},"content":{"rendered":"<div class=\"p_collection\">\n<div id=\"primary_block\" class=\"clearfix\">\n<div class=\"add-top p_collection\">Cuatro nuevos aristos llegan con fuerza para disputar el trono en el HexaDome. Una rica heredera en busca de emociones fuertes (Dart), una atleta de alto rendimiento (Pryms), una enigm\u00e1tica competidora (Eclypse) y un icono nacional (B\u00ecxi\u00e9) que llegan para reescribir la historia de Aristeia!.<\/div>\n<\/div>\n<\/div>\n<div class=\"product_components double-top add-border\">\n<p><strong>Box with<\/strong>:<\/p>\n<ul>\n<li class=\"ng-binding ng-scope\">4 miniaturas<\/li>\n<li class=\"ng-binding ng-scope\">16 Character Cards (4 per language)<\/li>\n<li class=\"ng-binding ng-scope\">4 Initiative Cards<\/li>\n<li class=\"ng-binding ng-scope\">12 Rules Cards (3 per language)<\/li>\n<li class=\"ng-binding ng-scope\">64 Tactics (16 per language)<\/li>\n<li class=\"ng-binding ng-scope\">21 Tokens<\/li>\n<\/ul>\n<\/div>\n","protected":false},"excerpt":{"rendered":"<p>Aristeia! Boardgame expansion.<\/p>\n","protected":false},"featured_media":37482,"template":"","meta":{"_acf_changed":false},"product_brand":[],"product_cat":[1323,1653,1555,1556,1180,1372],"product_tag":[1324,1264,1280],"class_list":{"0":"post-37480","1":"product","2":"type-product","3":"status-publish","4":"has-post-thumbnail","6":"product_cat-aristeia-es","7":"product_cat-boardgames","8":"product_cat-miniature-games-es","9":"product_cat-board-games-es","10":"product_cat-retail-products-es","11":"product_cat-sci-fi-es","12":"product_tag-aristeia-es","13":"product_tag-boardgame-es","14":"product_tag-juego-de-mesa-es","16":"first","17":"onbackorder","18":"sale","19":"taxable","20":"shipping-taxable","21":"purchasable","22":"product-type-simple"},"exclude_global_add_ons":[],"addons":[],"acf":[],"_links":{"self":[{"href":"https:\/\/www.customeeple.com\/es\/wp-json\/wp\/v2\/product\/37480","targetHints":{"allow":["GET"]}}],"collection":[{"href":"https:\/\/www.customeeple.com\/es\/wp-json\/wp\/v2\/product"}],"about":[{"href":"https:\/\/www.customeeple.com\/es\/wp-json\/wp\/v2\/types\/product"}],"wp:featuredmedia":[{"embeddable":true,"href":"https:\/\/www.customeeple.com\/es\/wp-json\/wp\/v2\/media\/37482"}],"wp:attachment":[{"href":"https:\/\/www.customeeple.com\/es\/wp-json\/wp\/v2\/media?parent=37480"}],"wp:term":[{"taxonomy":"product_brand","embeddable":true,"href":"https:\/\/www.customeeple.com\/es\/wp-json\/wp\/v2\/product_brand?post=37480"},{"taxonomy":"product_cat","embeddable":true,"href":"https:\/\/www.customeeple.com\/es\/wp-json\/wp\/v2\/product_cat?post=37480"},{"taxonomy":"product_tag","embeddable":true,"href":"https:\/\/www.customeeple.com\/es\/wp-json\/wp\/v2\/product_tag?post=37480"}],"curies":[{"name":"wp","href":"https:\/\/api.w.org\/{rel}","templated":true}]}}