{"id":36673,"date":"2018-06-18T11:58:37","date_gmt":"2018-06-15T09:58:37","guid":{"rendered":"http:\/\/www.customeeple.com\/?post_type=product&#038;p=36673"},"modified":"2019-07-24T15:47:26","modified_gmt":"2019-07-24T13:47:26","slug":"organizador-compatible-con-azul4","status":"publish","type":"product","link":"https:\/\/www.customeeple.com\/es\/producto\/organizador-compatible-con-azul4\/","title":{"rendered":"Organizador compatible con Azul (4 Ud)"},"content":{"rendered":"<p>Un pack de 4 bandejas organizadoras de metacrilato transparente para tener ordenadas las piezas de tus juegos. \u00a1Mant\u00e9n tus cubos a salvo de los ocasionales golpes en la mesa!<\/p>\n<p>Las bandejas encajan a la perfecci\u00f3n con los tableros de puntuaci\u00f3n de cada jugador del\u00a0juego \u00a0<a href=\"https:\/\/boardgamegeek.com\/boardgame\/230802\/azul\"><strong>Azul. <\/strong><\/a>Incluimos tambi\u00e9n 4 cubos de madera para llevar la cuenta de la puntuaci\u00f3n.<\/p>\n<div class=\"moreinfo\">\n<p><strong>Material:<\/strong>\u00a0Metacrilato transparente<\/p>\n<p><strong>Espesor:<\/strong> 2 mm<\/p>\n<p><strong>Cantidad:\u00a0<\/strong>4 unidades<\/p>\n<\/div>\n<p><strong><a href=\"https:\/\/boardgamegeek.com\/boardgame\/230802\/azul\">Azul<\/a><a href=\"http:\/\/www.arcanewonders.com\/game\/mage-wars-arena\/\">\u00a0<\/a><\/strong>es un juego dise\u00f1ado por <strong>Michael Kiesling<\/strong>\u00a0publicado por <a href=\"https:\/\/www.nextmovegames.com\/en\/\"><strong>Next move games<\/strong><\/a>\u00a0<strong>.<\/strong>\u00a0<strong>Customeeple<\/strong> no mantiene ninguna relaci\u00f3n con esa compa\u00f1\u00eda y este producto no est\u00e1 de ninguna manera patrocinado por ellos.<\/p>\n<p>&nbsp;<\/p>\n","protected":false},"excerpt":{"rendered":"<p>Bandejas organizadoras compatibles con <strong><a href=\"https:\/\/boardgamegeek.com\/boardgame\/230802\/azul\">Azul<\/a><\/strong><\/p>\n","protected":false},"featured_media":36697,"template":"","meta":{"_acf_changed":false},"product_brand":[],"product_cat":[1370,1397],"product_tag":[1442],"class_list":{"0":"post-36673","1":"product","2":"type-product","3":"status-publish","4":"has-post-thumbnail","6":"product_cat-customeeple-es","7":"product_cat-overlay-es","8":"product_tag-overlay-es","10":"first","11":"instock","12":"taxable","13":"shipping-taxable","14":"purchasable","15":"product-type-simple"},"exclude_global_add_ons":[],"addons":[],"acf":[],"_links":{"self":[{"href":"https:\/\/www.customeeple.com\/es\/wp-json\/wp\/v2\/product\/36673","targetHints":{"allow":["GET"]}}],"collection":[{"href":"https:\/\/www.customeeple.com\/es\/wp-json\/wp\/v2\/product"}],"about":[{"href":"https:\/\/www.customeeple.com\/es\/wp-json\/wp\/v2\/types\/product"}],"wp:featuredmedia":[{"embeddable":true,"href":"https:\/\/www.customeeple.com\/es\/wp-json\/wp\/v2\/media\/36697"}],"wp:attachment":[{"href":"https:\/\/www.customeeple.com\/es\/wp-json\/wp\/v2\/media?parent=36673"}],"wp:term":[{"taxonomy":"product_brand","embeddable":true,"href":"https:\/\/www.customeeple.com\/es\/wp-json\/wp\/v2\/product_brand?post=36673"},{"taxonomy":"product_cat","embeddable":true,"href":"https:\/\/www.customeeple.com\/es\/wp-json\/wp\/v2\/product_cat?post=36673"},{"taxonomy":"product_tag","embeddable":true,"href":"https:\/\/www.customeeple.com\/es\/wp-json\/wp\/v2\/product_tag?post=36673"}],"curies":[{"name":"wp","href":"https:\/\/api.w.org\/{rel}","templated":true}]}}