{"id":36671,"date":"2018-06-18T11:40:37","date_gmt":"2018-06-15T09:40:38","guid":{"rendered":"http:\/\/www.customeeple.com\/?post_type=product&#038;p=36671"},"modified":"2019-07-24T15:47:39","modified_gmt":"2019-07-24T13:47:39","slug":"organizador-compatible-con-magewars","status":"publish","type":"product","link":"https:\/\/www.customeeple.com\/es\/producto\/organizador-compatible-con-magewars\/","title":{"rendered":"Organizador compatible con Mage Wars (2 Ud)"},"content":{"rendered":"<p>Una\u00a0bandeja organizadora de metacrilato transparente para tener ordenadas las piezas de tus juegos.<\/p>\n<p>\u00a1Mant\u00e9n tus cubos a salvo de los ocasionales golpes en la mesa!<\/p>\n<p>Las bandejas encajan a la perfecci\u00f3n con los tableros de jugador del\u00a0juego \u00a0<a href=\"http:\/\/www.arcanewonders.com\/game\/mage-wars-arena\/\"><strong>Mage War Arena<\/strong><\/a><\/p>\n<div class=\"moreinfo\">\n<p><strong>Material:<\/strong>\u00a0Metacrilato transparente<\/p>\n<p><strong>Espesor:<\/strong> 2 mm<\/p>\n<p><strong>Cantidad: <\/strong>2 unidades<\/p>\n<\/div>\n<div class=\"infopreorder\"><strong><a href=\"http:\/\/www.fryxgames.se\/games\/terraforming-mars\/\">\u00a0<\/a><a href=\"http:\/\/www.arcanewonders.com\/game\/mage-wars-arena\/\">Mage War Arena\u00a0<\/a><\/strong>es un juego dise\u00f1ado por <strong>Brian Pope<\/strong>\u00a0publicado por\u00a0<a href=\"http:\/\/www.arcanewonders.com\/\"><strong>Arcane Wonders<\/strong><\/a><strong>.<\/strong>\u00a0<strong>Customeeple<\/strong> no mantiene ninguna relaci\u00f3n con esa compa\u00f1\u00eda y este producto no est\u00e1 de ninguna manera patrocinado por ellos.<\/div>\n<p>&nbsp;<\/p>\n","protected":false},"excerpt":{"rendered":"<p>Bandejas organizadoras compatibles con<a href=\"http:\/\/www.fryxgames.se\/games\/terraforming-mars\/\"><strong> \u00a0<\/strong><\/a><strong><a href=\"http:\/\/www.arcanewonders.com\/game\/mage-wars-arena\/\">Mage Wars<\/a><\/strong><\/p>\n","protected":false},"featured_media":36829,"template":"","meta":{"_acf_changed":false},"product_brand":[],"product_cat":[1370,1397],"product_tag":[946,1442],"class_list":{"0":"post-36671","1":"product","2":"type-product","3":"status-publish","4":"has-post-thumbnail","6":"product_cat-customeeple-es","7":"product_cat-overlay-es","8":"product_tag-mage-wars-es","9":"product_tag-overlay-es","11":"first","12":"instock","13":"taxable","14":"shipping-taxable","15":"purchasable","16":"product-type-simple"},"exclude_global_add_ons":[],"addons":[],"acf":[],"_links":{"self":[{"href":"https:\/\/www.customeeple.com\/es\/wp-json\/wp\/v2\/product\/36671","targetHints":{"allow":["GET"]}}],"collection":[{"href":"https:\/\/www.customeeple.com\/es\/wp-json\/wp\/v2\/product"}],"about":[{"href":"https:\/\/www.customeeple.com\/es\/wp-json\/wp\/v2\/types\/product"}],"wp:featuredmedia":[{"embeddable":true,"href":"https:\/\/www.customeeple.com\/es\/wp-json\/wp\/v2\/media\/36829"}],"wp:attachment":[{"href":"https:\/\/www.customeeple.com\/es\/wp-json\/wp\/v2\/media?parent=36671"}],"wp:term":[{"taxonomy":"product_brand","embeddable":true,"href":"https:\/\/www.customeeple.com\/es\/wp-json\/wp\/v2\/product_brand?post=36671"},{"taxonomy":"product_cat","embeddable":true,"href":"https:\/\/www.customeeple.com\/es\/wp-json\/wp\/v2\/product_cat?post=36671"},{"taxonomy":"product_tag","embeddable":true,"href":"https:\/\/www.customeeple.com\/es\/wp-json\/wp\/v2\/product_tag?post=36671"}],"curies":[{"name":"wp","href":"https:\/\/api.w.org\/{rel}","templated":true}]}}