{"id":36656,"date":"2018-06-18T10:39:40","date_gmt":"2018-06-18T09:39:40","guid":{"rendered":"http:\/\/www.customeeple.com\/?post_type=product&#038;p=36656"},"modified":"2019-07-10T11:23:16","modified_gmt":"2019-07-10T09:23:16","slug":"dados-compatible-whu-spire","status":"publish","type":"product","link":"https:\/\/www.customeeple.com\/es\/producto\/dados-compatible-whu-spire\/","title":{"rendered":"Dados de ataque Orcos compatible WHU: Spire (5 Uds)"},"content":{"rendered":"<p>Un pack de dados para \u00a0<strong><a href=\"https:\/\/www.games-workshop.com\/en-GB\/Warhammer-Underworlds-Shadespire-2017-eng\">Warhammer\u00ae Underworlds: Shadespire&#x2122;<\/a>\u00a0<\/strong>El pack contiene 5 dados con tem\u00e1tica orca.<\/p>\n<p>Puedes escoger el color de los dados entre nuestros diferentes colores transparentes. Los dados est\u00e1n gravados y pintados a mano, aunque tambi\u00e9n puedes comprarlos solamente grabados y pintarlos tu mismo. Recuerda que tambi\u00e9n ofrecemos otros sets con dise\u00f1os diferentes.<\/p>\n<p>Este producto es compatible con el juego\u00a0<a href=\"https:\/\/www.games-workshop.com\/en-GB\/Warhammer-Underworlds-Shadespire-2017-eng\"><strong>Warhammer\u00ae Underworlds: Shadespire&#x2122;<\/strong><\/a><\/p>\n<div class=\"moreinfo\">\n<p><strong>Material:<\/strong> Dados pl\u00e1sticos, grabados y pintados<\/p>\n<p dir=\"ltr\"><strong>Tama\u00f1o: <\/strong>1,4 cm<strong><br \/>\n<\/strong><\/p>\n<p dir=\"ltr\"><strong>Cantidad: <\/strong>5 dados<\/p>\n<\/div>\n<div class=\"moreinfo\">* Compatible con \u00a0<strong><a href=\"https:\/\/www.games-workshop.com\/en-GB\/Warhammer-Underworlds-Shadespire-2017-eng\">Warhammer\u00ae Underworlds: Shadespire&#x2122;<\/a><\/strong>. Warhammer Underworlds: Shadespire es una marca registrada de <a href=\"https:\/\/www.games-workshop.com\/en-GB\/Home\"><strong>Games Workshop<\/strong><\/a>. Customeeple no est\u00e1 afiliado a Games Workshop Limited y estos productos no est\u00e1n respaldados por ellos.<\/div>\n","protected":false},"excerpt":{"rendered":"<p>Dados personalizados Orcos<\/p>\n","protected":false},"featured_media":36677,"template":"","meta":{"_acf_changed":false},"product_brand":[],"product_cat":[1370,1392,1400,1426,1349],"product_tag":[1264,1280,1595,786],"class_list":{"0":"post-36656","1":"product","2":"type-product","3":"status-publish","4":"has-post-thumbnail","6":"product_cat-customeeple-es","7":"product_cat-dados","8":"product_cat-fantasia","9":"product_cat-whu-spire-es","10":"product_cat-warhammer-shadespire-es","11":"product_tag-boardgame-es","12":"product_tag-juego-de-mesa-es","13":"product_tag-shadespire-es","14":"product_tag-warhammer-es-2","16":"first","17":"instock","18":"taxable","19":"shipping-taxable","20":"purchasable","21":"product-type-variable"},"exclude_global_add_ons":[],"addons":[],"acf":[],"_links":{"self":[{"href":"https:\/\/www.customeeple.com\/es\/wp-json\/wp\/v2\/product\/36656","targetHints":{"allow":["GET"]}}],"collection":[{"href":"https:\/\/www.customeeple.com\/es\/wp-json\/wp\/v2\/product"}],"about":[{"href":"https:\/\/www.customeeple.com\/es\/wp-json\/wp\/v2\/types\/product"}],"wp:featuredmedia":[{"embeddable":true,"href":"https:\/\/www.customeeple.com\/es\/wp-json\/wp\/v2\/media\/36677"}],"wp:attachment":[{"href":"https:\/\/www.customeeple.com\/es\/wp-json\/wp\/v2\/media?parent=36656"}],"wp:term":[{"taxonomy":"product_brand","embeddable":true,"href":"https:\/\/www.customeeple.com\/es\/wp-json\/wp\/v2\/product_brand?post=36656"},{"taxonomy":"product_cat","embeddable":true,"href":"https:\/\/www.customeeple.com\/es\/wp-json\/wp\/v2\/product_cat?post=36656"},{"taxonomy":"product_tag","embeddable":true,"href":"https:\/\/www.customeeple.com\/es\/wp-json\/wp\/v2\/product_tag?post=36656"}],"curies":[{"name":"wp","href":"https:\/\/api.w.org\/{rel}","templated":true}]}}