{"id":36355,"date":"2018-05-29T16:25:33","date_gmt":"2018-05-29T15:25:33","guid":{"rendered":"http:\/\/www.customeeple.com\/?post_type=product&#038;p=36355"},"modified":"2019-07-07T00:42:14","modified_gmt":"2019-07-06T22:42:14","slug":"gaslands-bases","status":"publish","type":"product","link":"https:\/\/www.customeeple.com\/es\/producto\/gaslands-bases\/","title":{"rendered":"Bases para Gaslands"},"content":{"rendered":"<div class=\"add-top p_collection\">\n<p>Bases personalizadas para\u00a0<a href=\"https:\/\/gaslands.com\/about\/\"><strong>Gaslands.<\/strong><\/a>\u00a0Colocaselas a tus veh\u00edculos para tener el m\u00e1ximo control sobre su movimiento.<\/p>\n<p>Puedes comprar las bases en diferentes tama\u00f1os que encajan con las categor\u00edas de los veh\u00edculos del juego. Adem\u00e1s tambi\u00e9n puedes elegir el material de las bases. DM que puedes personalizar a tu gusto o metacrilato transparente para que se funda con el ambiente.<\/p>\n<p>Nuestra linea de productos para\u00a0<strong><a href=\"https:\/\/gaslands.com\/about\/\">Gaslands\u00a0<\/a><\/strong>est\u00e1 dise\u00f1ada siguiendo las directrices del manual y del acuerdo \u00ab<a href=\"https:\/\/gaslands.com\/friends-of-gaslands\/\"><strong>Friends of Gaslands\u00bb <\/strong><\/a>Para ser totalmente compatible con\u00a0<strong><a href=\"https:\/\/gaslands.com\/about\/\">Gaslands<\/a><\/strong>el juego de combate de vehiculos post apocal\u00edptico.<\/p>\n<\/div>\n<div class=\"moreinfo\">\n<p><strong>Material:<\/strong>\u00a0Metacrilato o DM<\/p>\n<p dir=\"ltr\"><strong>Cantidad: <\/strong>1 Base<\/p>\n<\/div>\n<div class=\"infopreorder\">\u00a0\u00a0<strong>Nota:<\/strong>\u00a0Este producto se vende bajo las normas del acuerdo\u00a0\u00ab<a href=\"https:\/\/gaslands.com\/friends-of-gaslands\/\"><strong>Friends of Gaslands\u00bb <\/strong><\/a><\/div>\n","protected":false},"excerpt":{"rendered":"<p>Bases compatibles con\u00a0<a href=\"https:\/\/gaslands.com\/about\/\"><strong>Gaslands<\/strong><\/a><\/p>\n","protected":false},"featured_media":36305,"template":"","meta":{"_acf_changed":false},"product_brand":[],"product_cat":[304,1370,1393,1406,1372],"product_tag":[685,2197],"class_list":{"0":"post-36355","1":"product","2":"type-product","3":"status-publish","4":"has-post-thumbnail","6":"product_cat-bases-es","7":"product_cat-customeeple-es","8":"product_cat-gaslands-es","9":"product_cat-gaslands-es-2","10":"product_cat-sci-fi-es","11":"product_tag-bases-es","12":"product_tag-gaslands-es","13":"pa_methacrylate-colors-dm","14":"pa_methacrylate-colors-transparente-mttr","16":"first","17":"instock","18":"taxable","19":"shipping-taxable","20":"purchasable","21":"product-type-variable"},"exclude_global_add_ons":[],"addons":[],"acf":[],"_links":{"self":[{"href":"https:\/\/www.customeeple.com\/es\/wp-json\/wp\/v2\/product\/36355","targetHints":{"allow":["GET"]}}],"collection":[{"href":"https:\/\/www.customeeple.com\/es\/wp-json\/wp\/v2\/product"}],"about":[{"href":"https:\/\/www.customeeple.com\/es\/wp-json\/wp\/v2\/types\/product"}],"wp:featuredmedia":[{"embeddable":true,"href":"https:\/\/www.customeeple.com\/es\/wp-json\/wp\/v2\/media\/36305"}],"wp:attachment":[{"href":"https:\/\/www.customeeple.com\/es\/wp-json\/wp\/v2\/media?parent=36355"}],"wp:term":[{"taxonomy":"product_brand","embeddable":true,"href":"https:\/\/www.customeeple.com\/es\/wp-json\/wp\/v2\/product_brand?post=36355"},{"taxonomy":"product_cat","embeddable":true,"href":"https:\/\/www.customeeple.com\/es\/wp-json\/wp\/v2\/product_cat?post=36355"},{"taxonomy":"product_tag","embeddable":true,"href":"https:\/\/www.customeeple.com\/es\/wp-json\/wp\/v2\/product_tag?post=36355"}],"curies":[{"name":"wp","href":"https:\/\/api.w.org\/{rel}","templated":true}]}}