{"id":36343,"date":"2018-05-29T15:40:06","date_gmt":"2018-05-29T13:40:08","guid":{"rendered":"http:\/\/www.customeeple.com\/?post_type=product&#038;p=36343"},"modified":"2018-06-04T11:50:02","modified_gmt":"2018-06-04T09:50:02","slug":"gaslands-salida-control","status":"publish","type":"product","link":"https:\/\/www.customeeple.com\/es\/producto\/gaslands-salida-control\/","title":{"rendered":"Gaslands Salida y controles (4 Uds)"},"content":{"rendered":"<div class=\"add-top p_collection\">\n<p>Un pack con una puerta de salida y controles para configurar un circuito de\u00a0<a href=\"https:\/\/gaslands.com\/about\/\"><strong>Gaslands.<\/strong><\/a> El set contiene 1 puerta para ser usada como punto de salida y 3 controles numerados para que f\u00e1cilmente puedas identificarlas y saber cual es el siguiente. Adem\u00e1s se incluyen ruedas de que pegadas juntas pueden ser utilizadas para la escenograf\u00eda del circuito.<\/p>\n<p>Puedes elegir el color de la piezas de metacrilato. Si no estas seguro de que color te encaja mejor puedes revisar nuestra p\u00e1gina de <a href=\"\/?page_id=8154\"><strong>materiales<\/strong><\/a><\/p>\n<p>Nuestra linea de productos para\u00a0<strong><a href=\"https:\/\/gaslands.com\/about\/\">Gaslands\u00a0<\/a><\/strong>est\u00e1 dise\u00f1ada siguiendo las directrices del manual y del acuerdo \u00ab<a href=\"https:\/\/gaslands.com\/friends-of-gaslands\/\"><strong>Friends of Gaslands\u00bb <\/strong><\/a>Para ser totalmente compatible con\u00a0<strong><a href=\"https:\/\/gaslands.com\/about\/\">Gaslands\u00a0<\/a><\/strong>el juego de combate de vehiculos post apocal\u00edptico.<\/p>\n<\/div>\n<div class=\"moreinfo\">\n<p><strong>Material:<\/strong>\u00a0DM y metacrilato<\/p>\n<p><strong>Tama\u00f1o:<\/strong> 24 x 9 x 6,8 cm<\/p>\n<p dir=\"ltr\"><strong>Cantidad: <\/strong>1 Puerta de salida y tres controles<\/p>\n<\/div>\n<div class=\"infopreorder\">\u00a0\u00a0<strong>Nota:<\/strong>\u00a0Este producto se vende bajo las normas del acuerdo\u00a0\u00ab<strong><a href=\"https:\/\/gaslands.com\/friends-of-gaslands\/\">Friends of Gaslands\u00bb<\/a>. <\/strong>Este producto se vende sin pintar ni montar, necesitar\u00e1s pegamento para ensamblarlo.<\/div>\n","protected":false},"excerpt":{"rendered":"<p>Controles para circuitos de\u00a0<a href=\"https:\/\/gaslands.com\/about\/\"><strong>Gaslands<\/strong><\/a><\/p>\n","protected":false},"featured_media":36281,"template":"","meta":{"_acf_changed":false},"product_brand":[],"product_cat":[1370,1393],"product_tag":[],"class_list":{"0":"post-36343","1":"product","2":"type-product","3":"status-publish","4":"has-post-thumbnail","6":"product_cat-customeeple-es","7":"product_cat-gaslands-es","8":"pa_methacrylate-colors-amarill-fluor-mfye","9":"pa_methacrylate-colors-azul-fluor-mfbl-es","10":"pa_methacrylate-colors-naranja-fluor-mfor","11":"pa_methacrylate-colors-magenta-fluor-mfma-es","12":"pa_methacrylate-colors-smoke-grey-mtsm","13":"pa_methacrylate-colors-verde-fluor-mfgr","15":"first","16":"instock","17":"taxable","18":"shipping-taxable","19":"purchasable","20":"product-type-variable"},"exclude_global_add_ons":[],"addons":[],"acf":[],"_links":{"self":[{"href":"https:\/\/www.customeeple.com\/es\/wp-json\/wp\/v2\/product\/36343","targetHints":{"allow":["GET"]}}],"collection":[{"href":"https:\/\/www.customeeple.com\/es\/wp-json\/wp\/v2\/product"}],"about":[{"href":"https:\/\/www.customeeple.com\/es\/wp-json\/wp\/v2\/types\/product"}],"wp:featuredmedia":[{"embeddable":true,"href":"https:\/\/www.customeeple.com\/es\/wp-json\/wp\/v2\/media\/36281"}],"wp:attachment":[{"href":"https:\/\/www.customeeple.com\/es\/wp-json\/wp\/v2\/media?parent=36343"}],"wp:term":[{"taxonomy":"product_brand","embeddable":true,"href":"https:\/\/www.customeeple.com\/es\/wp-json\/wp\/v2\/product_brand?post=36343"},{"taxonomy":"product_cat","embeddable":true,"href":"https:\/\/www.customeeple.com\/es\/wp-json\/wp\/v2\/product_cat?post=36343"},{"taxonomy":"product_tag","embeddable":true,"href":"https:\/\/www.customeeple.com\/es\/wp-json\/wp\/v2\/product_tag?post=36343"}],"curies":[{"name":"wp","href":"https:\/\/api.w.org\/{rel}","templated":true}]}}