{"id":36232,"date":"2018-05-29T11:44:45","date_gmt":"2018-05-29T09:44:47","guid":{"rendered":"http:\/\/www.customeeple.com\/?post_type=product&#038;p=36232"},"modified":"2018-06-04T11:56:02","modified_gmt":"2018-06-04T09:56:02","slug":"gaslands-quitamiedos","status":"publish","type":"product","link":"https:\/\/www.customeeple.com\/es\/producto\/gaslands-quitamiedos\/","title":{"rendered":"Gaslands Qutamiedos(6 Uds)"},"content":{"rendered":"<div class=\"add-top p_collection\">\n<p>Un pack de Quitamiedos para\u00a0<a href=\"https:\/\/gaslands.com\/about\/\"><strong>Gaslands.<\/strong><\/a> El pack contiene 6 quitamiedos y 2 se\u00f1ales de aviso. Configura tu zona de juego y cubre todas tus necesidades de escenograf\u00eda. Las piezas est\u00e1n fabricadas en DM y metacrilato.<\/p>\n<p>Nuestra linea de productos para\u00a0<strong><a href=\"https:\/\/gaslands.com\/about\/\">Gaslands\u00a0<\/a><\/strong>est\u00e1 dise\u00f1ada siguiendo las directrices del manual y del acuerdo \u00ab<a href=\"https:\/\/gaslands.com\/friends-of-gaslands\/\"><strong>Friends of Gaslands\u00bb <\/strong><\/a>Para ser totalmente compatible con\u00a0<strong><a href=\"https:\/\/gaslands.com\/about\/\">Gaslands\u00a0<\/a><\/strong>el juego de combate de vehiculos post apocal\u00edptico.<\/p>\n<\/div>\n<div class=\"moreinfo\">\n<p><strong>Material:<\/strong>\u00a0DM y metacrilato<\/p>\n<p><strong>Tama\u00f1o: <\/strong>4 x 2,3 x 2,5 cm<\/p>\n<p dir=\"ltr\"><strong>Cantidad: <\/strong>6 quitamiedos y 2 se\u00f1ales<\/p>\n<\/div>\n<div class=\"infopreorder\">\u00a0\u00a0<strong>Nota:<\/strong>\u00a0Este producto se vende bajo las normas del acuerdo\u00a0\u00ab<strong><a href=\"https:\/\/gaslands.com\/friends-of-gaslands\/\">Friends of Gaslands\u00bb<\/a>. <\/strong>Este producto se vende sin pintar ni montar, necesitar\u00e1s pegamento para ensamblarlo.<\/div>\n","protected":false},"excerpt":{"rendered":"<p>Pack de Quitamiedos para\u00a0<a href=\"https:\/\/gaslands.com\/about\/\"><strong>Gaslands<\/strong><\/a><\/p>\n","protected":false},"featured_media":36287,"template":"","meta":{"_acf_changed":false},"product_brand":[],"product_cat":[1370,1393],"product_tag":[],"class_list":{"0":"post-36232","1":"product","2":"type-product","3":"status-publish","4":"has-post-thumbnail","6":"product_cat-customeeple-es","7":"product_cat-gaslands-es","9":"first","10":"instock","11":"taxable","12":"shipping-taxable","13":"purchasable","14":"product-type-simple"},"exclude_global_add_ons":[],"addons":[],"acf":[],"_links":{"self":[{"href":"https:\/\/www.customeeple.com\/es\/wp-json\/wp\/v2\/product\/36232","targetHints":{"allow":["GET"]}}],"collection":[{"href":"https:\/\/www.customeeple.com\/es\/wp-json\/wp\/v2\/product"}],"about":[{"href":"https:\/\/www.customeeple.com\/es\/wp-json\/wp\/v2\/types\/product"}],"wp:featuredmedia":[{"embeddable":true,"href":"https:\/\/www.customeeple.com\/es\/wp-json\/wp\/v2\/media\/36287"}],"wp:attachment":[{"href":"https:\/\/www.customeeple.com\/es\/wp-json\/wp\/v2\/media?parent=36232"}],"wp:term":[{"taxonomy":"product_brand","embeddable":true,"href":"https:\/\/www.customeeple.com\/es\/wp-json\/wp\/v2\/product_brand?post=36232"},{"taxonomy":"product_cat","embeddable":true,"href":"https:\/\/www.customeeple.com\/es\/wp-json\/wp\/v2\/product_cat?post=36232"},{"taxonomy":"product_tag","embeddable":true,"href":"https:\/\/www.customeeple.com\/es\/wp-json\/wp\/v2\/product_tag?post=36232"}],"curies":[{"name":"wp","href":"https:\/\/api.w.org\/{rel}","templated":true}]}}