{"id":36230,"date":"2018-05-29T11:26:50","date_gmt":"2018-05-29T09:26:51","guid":{"rendered":"http:\/\/www.customeeple.com\/?post_type=product&#038;p=36230"},"modified":"2018-06-13T14:37:20","modified_gmt":"2018-06-13T12:37:20","slug":"gaslands-obstaculos","status":"publish","type":"product","link":"https:\/\/www.customeeple.com\/es\/producto\/gaslands-obstaculos\/","title":{"rendered":"Gaslands Guardarailes (6 Uds)"},"content":{"rendered":"<div class=\"add-top p_collection\">\n<p>Un pack de Guardarailes para\u00a0<a href=\"https:\/\/gaslands.com\/about\/\"><strong>Gaslands.<\/strong><\/a> El pack contiene 4 barreras peque\u00f1\u00e1s y 2 dobles. Las piezas est\u00e1n fabricadas en DM y metacrilato y pueden ser colocadas en dos posiciones para cubrir todas tus necesidades escenogr\u00e1ficas.<\/p>\n<p>Puedes elegir el color de las piezas de metacrilato. Si tienes alguna duda de cual color es el ideal puedes consultar nuestra p\u00e1gina de <a href=\"\/?page_id=8154\"><strong>materiales<\/strong><\/a>.<\/p>\n<p>Nuestra linea de productos para\u00a0<strong><a href=\"https:\/\/gaslands.com\/about\/\">Gaslands\u00a0<\/a><\/strong>est\u00e1 dise\u00f1ada siguiendo las directrices del manual y del acuerdo \u00ab<a href=\"https:\/\/gaslands.com\/friends-of-gaslands\/\"><strong>Friends of Gaslands\u00bb <\/strong><\/a>Para ser totalmente compatible con\u00a0<strong><a href=\"https:\/\/gaslands.com\/about\/\">Gaslands\u00a0<\/a><\/strong>el juego de combate de vehiculos post apocal\u00edptico.<\/p>\n<\/div>\n<div class=\"moreinfo\">\n<p><strong>Material:<\/strong>\u00a0DM y metacrilato<\/p>\n<p><strong>Tama\u00f1o:<\/strong> 4,9\/8,9 x 2,2 x 3,7 cm<\/p>\n<p dir=\"ltr\"><strong>Cantidad: <\/strong>6 Guardarailes<\/p>\n<\/div>\n<div class=\"infopreorder\">\u00a0\u00a0<strong>Nota:<\/strong>\u00a0Este producto se vende bajo las normas del acuerdo\u00a0\u00ab<strong><a href=\"https:\/\/gaslands.com\/friends-of-gaslands\/\">Friends of Gaslands\u00bb<\/a>. <\/strong>Este producto se vende sin pintar ni montar, necesitar\u00e1s pegamento para ensamblarlo. El color de las piezas de metacrilato puede variar ligeramente del de las fotos.<\/div>\n","protected":false},"excerpt":{"rendered":"<p>Pack de Guardarailes para\u00a0<a href=\"https:\/\/gaslands.com\/about\/\"><strong>Gaslands<\/strong><\/a><\/p>\n","protected":false},"featured_media":36259,"template":"","meta":{"_acf_changed":false},"product_brand":[],"product_cat":[1370,1393],"product_tag":[],"class_list":{"0":"post-36230","1":"product","2":"type-product","3":"status-publish","4":"has-post-thumbnail","6":"product_cat-customeeple-es","7":"product_cat-gaslands-es","8":"pa_methacrylate-colors-azul-fluor-mfbl-es","9":"pa_methacrylate-colors-smoke-grey-mtsm","10":"pa_methacrylate-colors-verde-fluor-mfgr","11":"pa_methacrylate-colors-amarill-fluor-mfye","12":"pa_methacrylate-colors-magenta-fluor-mfma-es","13":"pa_methacrylate-colors-naranja-fluor-mfor","15":"first","16":"instock","17":"taxable","18":"shipping-taxable","19":"purchasable","20":"product-type-variable"},"exclude_global_add_ons":[],"addons":[],"acf":[],"_links":{"self":[{"href":"https:\/\/www.customeeple.com\/es\/wp-json\/wp\/v2\/product\/36230","targetHints":{"allow":["GET"]}}],"collection":[{"href":"https:\/\/www.customeeple.com\/es\/wp-json\/wp\/v2\/product"}],"about":[{"href":"https:\/\/www.customeeple.com\/es\/wp-json\/wp\/v2\/types\/product"}],"wp:featuredmedia":[{"embeddable":true,"href":"https:\/\/www.customeeple.com\/es\/wp-json\/wp\/v2\/media\/36259"}],"wp:attachment":[{"href":"https:\/\/www.customeeple.com\/es\/wp-json\/wp\/v2\/media?parent=36230"}],"wp:term":[{"taxonomy":"product_brand","embeddable":true,"href":"https:\/\/www.customeeple.com\/es\/wp-json\/wp\/v2\/product_brand?post=36230"},{"taxonomy":"product_cat","embeddable":true,"href":"https:\/\/www.customeeple.com\/es\/wp-json\/wp\/v2\/product_cat?post=36230"},{"taxonomy":"product_tag","embeddable":true,"href":"https:\/\/www.customeeple.com\/es\/wp-json\/wp\/v2\/product_tag?post=36230"}],"curies":[{"name":"wp","href":"https:\/\/api.w.org\/{rel}","templated":true}]}}