{"id":35317,"date":"2018-05-03T12:07:06","date_gmt":"2018-05-03T10:07:08","guid":{"rendered":"http:\/\/www.customeeple.com\/?post_type=product&#038;p=35317"},"modified":"2019-05-07T09:34:16","modified_gmt":"2019-05-07T07:34:16","slug":"star-wars-legion-esp","status":"publish","type":"product","link":"https:\/\/www.customeeple.com\/es\/producto\/star-wars-legion-esp\/","title":{"rendered":"Star Wars Legi\u00f3n (ESP)"},"content":{"rendered":"<div class=\"p_collection\">\n<div id=\"primary_block\" class=\"clearfix\">\n<div class=\"add-top p_collection\">\n<div>\n<div>\n<h2 class=\"claim_collection_big\">\u00a1General! Prepare sus tropas para un ataque de superficie<\/h2>\n<\/div>\n<div class=\"add-top p_collection\">\n<p><em>Star Wars: Legi\u00f3n<\/em>\u00a0es un juego competitivo en el que cada jugador controla un contingente de soldados, veh\u00edculos y h\u00e9roes que libran trepidantes escaramuzas en una galaxia desolada por la guerra. Las tropas maniobran a trav\u00e9s de campos de batalla bombardeados, disparan andanadas de rayos bl\u00e1ster, se enfrentan en letales duelos con sables de luz y tratan de hacerse con la ventaja en un esfuerzo por capturar objetivos cruciales para la causa de sus respectivas facciones.<\/p>\n<p>Los gritos resuenan a tu alrededor, es el estruendo de la guerra sin tregua. Hay un olor acre de los disparos de los bl\u00e1ster mientras los l\u00e1seres sisean sobre tu escuadra. Un explorador pasa a toda velocidad en su 74-Z, esquivando los \u00e1rboles y disparando contra algo que no puedes distinguir entre los arbustos. Levantas tu bl\u00e1ster y disparas en la misma direcci\u00f3n, con la esperanza de evitar cualquier metralla. Delante, ves a Darth Vader sobre un grupo de rebeldes ca\u00eddos en el terreno. Mueve su sable l\u00e1ser hacia delante, y tu pelot\u00f3n carga.<\/p>\n<p>Nos alegra anunciar\u00a0<em>Star Wars&#x2122;: Legi\u00f3n<\/em>, un nuevo juego de miniaturas de batallas de infanter\u00eda que te invita a unirte a conocidos personajes, comandar a tus tropas en batalla y combatir por el destino de la galaxia de Star Wars.\u00a0<em>Star Wars&#x2122;: Legi\u00f3n<\/em>\u00a0te permitir\u00e1 construir y pintar un ej\u00e9rcito \u00fanico de miniaturas. Podr\u00e1s estar al mando de tus tropas en la batalla y desarrollar t\u00e1cticas brillantes. Y podr\u00e1s derrotar al ej\u00e9rcito de tu adversario para conseguir la victoria para el lado oscuro o el luminoso.<\/p>\n<p><em>Star Wars&#x2122;: Legi\u00f3n<\/em>\u00a0es perfecto para llevar las batallas de Star Wars a tu mesa de juego, gracias a sus treinta y tres miniaturas sin pintar y muy f\u00e1ciles de montar, todas las cartas, plantillas de movimiento, marcadores y piezas de terreno que necesitas para el combate.<\/p>\n<\/div>\n<\/div>\n<p><strong>Cantidad de jugadores<\/strong>: 2 jugadores<\/p>\n<\/div>\n<\/div>\n<\/div>\n<div class=\"product_components double-top add-border\">\n<div>\n<p><strong>Duraci\u00f3n<\/strong>: 2-3 horas<\/p>\n<p><strong>Edad<\/strong>: +14 a\u00f1os<\/p>\n<p><strong>Idioma<\/strong>: Espa\u00f1ol<\/p>\n<\/div>\n<div><\/div>\n<\/div>\n","protected":false},"excerpt":{"rendered":"<p>Boardgame.<\/p>\n","protected":false},"featured_media":35319,"template":"","meta":{"_acf_changed":false},"product_brand":[],"product_cat":[1653,1180,1372,1410],"product_tag":[1264,1280,1351],"class_list":{"0":"post-35317","1":"product","2":"type-product","3":"status-publish","4":"has-post-thumbnail","6":"product_cat-boardgames","7":"product_cat-retail-products-es","8":"product_cat-sci-fi-es","9":"product_cat-star-wars-legion-es","10":"product_tag-boardgame-es","11":"product_tag-juego-de-mesa-es","12":"product_tag-star-wars-es","14":"first","15":"onbackorder","16":"sale","17":"taxable","18":"shipping-taxable","19":"purchasable","20":"product-type-simple"},"exclude_global_add_ons":[],"addons":[],"acf":[],"_links":{"self":[{"href":"https:\/\/www.customeeple.com\/es\/wp-json\/wp\/v2\/product\/35317","targetHints":{"allow":["GET"]}}],"collection":[{"href":"https:\/\/www.customeeple.com\/es\/wp-json\/wp\/v2\/product"}],"about":[{"href":"https:\/\/www.customeeple.com\/es\/wp-json\/wp\/v2\/types\/product"}],"wp:featuredmedia":[{"embeddable":true,"href":"https:\/\/www.customeeple.com\/es\/wp-json\/wp\/v2\/media\/35319"}],"wp:attachment":[{"href":"https:\/\/www.customeeple.com\/es\/wp-json\/wp\/v2\/media?parent=35317"}],"wp:term":[{"taxonomy":"product_brand","embeddable":true,"href":"https:\/\/www.customeeple.com\/es\/wp-json\/wp\/v2\/product_brand?post=35317"},{"taxonomy":"product_cat","embeddable":true,"href":"https:\/\/www.customeeple.com\/es\/wp-json\/wp\/v2\/product_cat?post=35317"},{"taxonomy":"product_tag","embeddable":true,"href":"https:\/\/www.customeeple.com\/es\/wp-json\/wp\/v2\/product_tag?post=35317"}],"curies":[{"name":"wp","href":"https:\/\/api.w.org\/{rel}","templated":true}]}}