{"id":34710,"date":"2018-04-03T17:43:26","date_gmt":"2018-04-03T15:43:29","guid":{"rendered":"http:\/\/www.customeeple.com\/?post_type=product&#038;p=34710"},"modified":"2019-07-24T15:49:13","modified_gmt":"2019-07-24T13:49:13","slug":"organizador-compatible-con-terramis","status":"publish","type":"product","link":"https:\/\/www.customeeple.com\/es\/producto\/organizador-compatible-con-terramis\/","title":{"rendered":"Organizador compatible con Terra Mystica  (4 Uds)"},"content":{"rendered":"<p>Un set de bandejas de metacrilato transparente para tener ordenadas las piezas de tus juegos.\u00a0\u00a1Mant\u00e9n tus cubos a salvo de los ocasionales golpes en la mesa!<\/p>\n<p>Con este lote tendras suficientes organizadores para todos tableros de una partida a 4 jugadores. Dale un tratamiento deluxe a tus juegos.<\/p>\n<p>Recuerda que estos overlays tambi\u00e9n se venden indivualmente para aquellos que quieran una bandeja extra para un quinto jugador o bandejas especiales para algunas de las razas de juego<\/p>\n<p>Este producto encajar\u00e1\u00a0a la perfecci\u00f3n con los tableros y piezas de cada jugador del juego\u00a0<a href=\"https:\/\/boardgamegeek.com\/boardgame\/120677\/terra-mystica\"><strong>Terra Mystica<\/strong><\/a><\/p>\n<div class=\"moreinfo\">\n<p><strong>Material:<\/strong>\u00a0Metacrilato transparente\/DM<\/p>\n<p><strong>Espesor:<\/strong> 2 mm<\/p>\n<p><strong>Cantidad:\u00a0<\/strong>4\u00a0unidades<\/p>\n<\/div>\n<p><strong><a href=\"https:\/\/boardgamegeek.com\/boardgame\/120677\/terra-mystica\">Terra Mystica<\/a>\u00a0<\/strong>es un juego dise\u00f1ado por <strong>Jens Dr\u00f6gem\u00fcller<\/strong>\u00a0and\u00a0\u00a0<strong>Helge Ostertag<\/strong>\u00a0publicado por <strong><a title=\"Feuerland Spiele\" href=\"https:\/\/boardgamegeek.com\/boardgamepublisher\/22380\/feuerland-spiele\">Feuerland Spiele<\/a>.<\/strong>\u00a0<strong>Customeeple<\/strong> no mantiene ninguna relaci\u00f3n con esa compa\u00f1\u00eda y este producto no est\u00e1 de ninguna manera patrocinado por ellos.<\/p>\n<p>&nbsp;<\/p>\n","protected":false},"excerpt":{"rendered":"<p>Un set completo de 4 bandejas para <a href=\"https:\/\/boardgamegeek.com\/boardgame\/120677\/terra-mystica\"><strong>Terra Mystica<\/strong><\/a><\/p>\n","protected":false},"featured_media":34794,"template":"","meta":{"_acf_changed":false},"product_brand":[],"product_cat":[1370,1397],"product_tag":[],"class_list":{"0":"post-34710","1":"product","2":"type-product","3":"status-publish","4":"has-post-thumbnail","6":"product_cat-customeeple-es","7":"product_cat-overlay-es","9":"first","10":"instock","11":"taxable","12":"shipping-taxable","13":"purchasable","14":"product-type-simple"},"exclude_global_add_ons":[],"addons":[],"acf":[],"_links":{"self":[{"href":"https:\/\/www.customeeple.com\/es\/wp-json\/wp\/v2\/product\/34710","targetHints":{"allow":["GET"]}}],"collection":[{"href":"https:\/\/www.customeeple.com\/es\/wp-json\/wp\/v2\/product"}],"about":[{"href":"https:\/\/www.customeeple.com\/es\/wp-json\/wp\/v2\/types\/product"}],"wp:featuredmedia":[{"embeddable":true,"href":"https:\/\/www.customeeple.com\/es\/wp-json\/wp\/v2\/media\/34794"}],"wp:attachment":[{"href":"https:\/\/www.customeeple.com\/es\/wp-json\/wp\/v2\/media?parent=34710"}],"wp:term":[{"taxonomy":"product_brand","embeddable":true,"href":"https:\/\/www.customeeple.com\/es\/wp-json\/wp\/v2\/product_brand?post=34710"},{"taxonomy":"product_cat","embeddable":true,"href":"https:\/\/www.customeeple.com\/es\/wp-json\/wp\/v2\/product_cat?post=34710"},{"taxonomy":"product_tag","embeddable":true,"href":"https:\/\/www.customeeple.com\/es\/wp-json\/wp\/v2\/product_tag?post=34710"}],"curies":[{"name":"wp","href":"https:\/\/api.w.org\/{rel}","templated":true}]}}