{"id":34102,"date":"2018-02-15T12:08:49","date_gmt":"2018-02-15T10:08:51","guid":{"rendered":"http:\/\/www.customeeple.com\/?post_type=product&#038;p=34102"},"modified":"2019-07-24T15:49:19","modified_gmt":"2019-07-24T13:49:19","slug":"pack-de-organizadores-compatible-con-rising-sun","status":"publish","type":"product","link":"https:\/\/www.customeeple.com\/es\/producto\/pack-de-organizadores-compatible-con-rising-sun\/","title":{"rendered":"Pack de organizadores compatible con  Rising Sun (6 Uds)"},"content":{"rendered":"<p>Un pack de 6 bandejas organizadoras acrilicas con bases de DM\u00a0para llevar gestionar f\u00e1cilmente tu <strong>war tile<\/strong> de <strong><a href=\"https:\/\/boardgamegeek.com\/boardgame\/205896\/rising-sun\">Rising Sun<\/a>.<\/strong> Con este pack tendr\u00e1s suficiente para todos los jugadores.<\/p>\n<p>Simplemente monta las dos piezas de MDF sobre la plancha de DM para crear una estructura robusta que utilizar como base para nuestra tapa de metacrilato. Puedes insertar la <strong>War Tile<\/strong> entre el metacrilato y la base de MDF (sin pegar).<\/p>\n<p>La bandeja encaja perfectamente con los tableros de jugador del juego\u00a0 \u00a0<strong><a href=\"https:\/\/boardgamegeek.com\/boardgame\/205896\/rising-sun\">Rising Sun<\/a><\/strong><\/p>\n<div class=\"moreinfo\">\n<p><strong>Material:<\/strong>\u00a0Metacrilato transparente<\/p>\n<p><strong>Espesor:<\/strong> 2 mm<\/p>\n<p><strong>Cantidad: <\/strong>6\u00a0Unidades (6 bandejas de metacrilato y 6 bases de DM)<\/p>\n<\/div>\n<p><strong>\u00a0<a href=\"https:\/\/boardgamegeek.com\/boardgame\/205896\/rising-sun\">Rising Sun<\/a> <\/strong>es un juego dise\u00f1ado por <strong>Eric M Lang<\/strong>\u00a0\u00a0publicado por <strong><a href=\"https:\/\/cmon.com\">CMON Limited<\/a><\/strong><strong>.<\/strong>\u00a0<strong>Customeeple<\/strong> no mantiene ninguna relaci\u00f3n con esa compa\u00f1\u00eda y este producto no est\u00e1 de ninguna manera patrocinado por ellos.<\/p>\n<p>&nbsp;<\/p>\n","protected":false},"excerpt":{"rendered":"<p>Bandejas organizadoras compatibles con \u00a0<strong><a href=\"https:\/\/boardgamegeek.com\/boardgame\/205896\/rising-sun\">Rising Sun<\/a>.<\/strong><\/p>\n","protected":false},"featured_media":34106,"template":"","meta":{"_acf_changed":false},"product_brand":[],"product_cat":[1370,1397],"product_tag":[1442],"class_list":{"0":"post-34102","1":"product","2":"type-product","3":"status-publish","4":"has-post-thumbnail","6":"product_cat-customeeple-es","7":"product_cat-overlay-es","8":"product_tag-overlay-es","10":"first","11":"instock","12":"taxable","13":"shipping-taxable","14":"purchasable","15":"product-type-simple"},"exclude_global_add_ons":[],"addons":[],"acf":[],"_links":{"self":[{"href":"https:\/\/www.customeeple.com\/es\/wp-json\/wp\/v2\/product\/34102","targetHints":{"allow":["GET"]}}],"collection":[{"href":"https:\/\/www.customeeple.com\/es\/wp-json\/wp\/v2\/product"}],"about":[{"href":"https:\/\/www.customeeple.com\/es\/wp-json\/wp\/v2\/types\/product"}],"wp:featuredmedia":[{"embeddable":true,"href":"https:\/\/www.customeeple.com\/es\/wp-json\/wp\/v2\/media\/34106"}],"wp:attachment":[{"href":"https:\/\/www.customeeple.com\/es\/wp-json\/wp\/v2\/media?parent=34102"}],"wp:term":[{"taxonomy":"product_brand","embeddable":true,"href":"https:\/\/www.customeeple.com\/es\/wp-json\/wp\/v2\/product_brand?post=34102"},{"taxonomy":"product_cat","embeddable":true,"href":"https:\/\/www.customeeple.com\/es\/wp-json\/wp\/v2\/product_cat?post=34102"},{"taxonomy":"product_tag","embeddable":true,"href":"https:\/\/www.customeeple.com\/es\/wp-json\/wp\/v2\/product_tag?post=34102"}],"curies":[{"name":"wp","href":"https:\/\/api.w.org\/{rel}","templated":true}]}}