{"id":3360,"date":"2013-10-01T15:22:29","date_gmt":"2013-10-03T21:13:49","guid":{"rendered":"http:\/\/www.customeeple.com\/?post_type=product&#038;p=3360"},"modified":"2014-02-19T11:42:32","modified_gmt":"2014-02-19T10:42:32","slug":"custocuadricula","status":"publish","type":"product","link":"https:\/\/www.customeeple.com\/es\/producto\/custocuadricula\/","title":{"rendered":"Custocuadr\u00edcula"},"content":{"rendered":"<p>Con nuestra <strong>Custocuadr\u00edcula<\/strong> puedes llevar la cuenta de cualquier caracter\u00edstica o medida de un juego: puntos de vida, pociones restantes, energ\u00eda m\u00e1gica&#8230; simplifica las cosa y en lugar de usar un mont\u00f3n de piezas, usa nuestra <strong>Custocuadr\u00edcula<\/strong> con toda la informaci\u00f3n que necesitas. Perfecta para todos aquellos que quieren tener toda la informaci\u00f3n con un simple vistazo, f\u00e1cil de usar y adem\u00e1s visualmente preciosa.<\/p>\n<p>Puedes emplearla con muchos juegos de mesa para llevar la cuenta de tus puntos de victoria, pero esta especialmente pensada para ser usada con juegos de rol o juegos de mesa de Aventuras con muchas caracter\u00edsticas de las que llevar cuenta, como por ejemplo: <a href=\"http:\/\/boardgamegeek.com\/boardgameexpansion\/129423\/descent-journeys-in-the-dark-second-edition-lair\"><strong>Descent<\/strong><\/a>, <a href=\"http:\/\/boardgamegeek.com\/boardgame\/127398\/legends-of-andor\"><strong>Leyendas de Andor<\/strong><\/a> o <a href=\"http:\/\/boardgamegeek.com\/boardgame\/131646\/merchant-of-venus-second-edition\"><strong>Merchant of Venus<\/strong><\/a><\/p>\n<p>Si necesitas alg\u00fan tama\u00f1o o color personalizado, no dudes en <a href=\"mailto: hello@customeeple.com\">contactar con nosotros<\/a>.<\/p>\n<div class=\"moreinfo\">\n<p><strong>Material:<\/strong> Metacrilato de colores.<\/p>\n<p><strong>Espesor:<\/strong>\u00a03mm<\/p>\n<p><strong>Tama\u00f1o: <\/strong>Varia seg\u00fan el tama\u00f1o deseado, existen varios modelos:<\/p>\n<p>&#8211; 5&#215;2 huecos (59&#215;24 mm)<\/p>\n<p>&#8211; 7&#215;4 huecos (84&#215;48 mm)<\/p>\n<p>&#8211; 7&#215;3 huecos (83&#215;35 mm)<\/p>\n<p>&#8211; 10&#215;2 huecos (110&#215;23 mm)<span style=\"color: #ff0000;\"><br \/> <\/span><\/p>\n<p><strong>Uso:<\/strong> Lleva de forma f\u00e1cil anotadas las caracter\u00edsticas de cualquier personaje.<strong><br \/> <\/strong><\/p>\n<p><strong>Cantidad: <\/strong>1 unidad. Ten en cuenta que este producto es solo la base, <strong>las fichas de la foto NO est\u00e1n incluidas<\/strong>.<\/p>\n<\/div>\n<p><strong>Nota: <\/strong>Este producto no esta pensado para ser usado solo<strong>, <\/strong>deber\u00edas combinarlo con nuestros<a href=\"\/?p=3503\"><span style=\"color: #000000;\"><strong>marcadores para custocuadr\u00edcula<\/strong><\/span><\/a>para crear tus opciones personalizadas para el juego que quieras.<\/p>\n<p>\u00a0<\/p>\n<p><a href=\"http:\/\/boardgamegeek.com\/boardgame\/17226\/descent-journeys-in-the-dark\"><strong>Descent<\/strong><\/a> es un juego de <strong>Kevin Wilson,<\/strong> <a href=\"http:\/\/boardgamegeek.com\/boardgame\/131646\/merchant-of-venus-second-edition\"><strong>Merchant of venus<\/strong><\/a> es un juego de <strong>Richard Hamblen<\/strong> ambos publicados por <a href=\"http:\/\/www.fantasyflightgames.com\/\"><strong>Fantasy Flight games,<\/strong><\/a> <a href=\"http:\/\/boardgamegeek.com\/boardgame\/127398\/legends-of-andor\"><strong>Legends of Andor<\/strong><\/a> es un juego de\u00a0 <strong>Michael Menzel<\/strong> publicado por <a href=\"http:\/\/www.kosmos.de\/\"><strong>KOSMOS<\/strong><\/a><strong>. <\/strong><strong>Customeeple<\/strong> no tiene ninguna relaci\u00f3n con estas compa\u00f1\u00edas y este producto no esta de ninguna manera apoyado por ellas.<\/p>\n<p>\u00a0<\/p>\n","protected":false},"excerpt":{"rendered":"<p>Una sencilla ayuda de juego pensada para usar nuestros marcadores y llevar la cuenta de caracter\u00edsticas de juego f\u00e1cilmente.<\/p>\n<p>&nbsp;<\/p>\n","protected":false},"featured_media":3784,"template":"","meta":{"_acf_changed":false},"product_brand":[],"product_cat":[191,78],"product_tag":[654,334,775,782],"class_list":{"0":"post-3360","1":"product","2":"type-product","3":"status-publish","4":"has-post-thumbnail","6":"product_cat-accesorios","7":"product_cat-meeple-2","8":"product_tag-descent-es-2","9":"product_tag-leyendas-de-andor","10":"product_tag-merchants-of-venus-es","11":"product_tag-super-dungeon-explore-es","13":"first","14":"instock","15":"taxable","16":"shipping-taxable","17":"purchasable","18":"product-type-variable"},"exclude_global_add_ons":[],"addons":[],"acf":[],"_links":{"self":[{"href":"https:\/\/www.customeeple.com\/es\/wp-json\/wp\/v2\/product\/3360","targetHints":{"allow":["GET"]}}],"collection":[{"href":"https:\/\/www.customeeple.com\/es\/wp-json\/wp\/v2\/product"}],"about":[{"href":"https:\/\/www.customeeple.com\/es\/wp-json\/wp\/v2\/types\/product"}],"wp:featuredmedia":[{"embeddable":true,"href":"https:\/\/www.customeeple.com\/es\/wp-json\/wp\/v2\/media\/3784"}],"wp:attachment":[{"href":"https:\/\/www.customeeple.com\/es\/wp-json\/wp\/v2\/media?parent=3360"}],"wp:term":[{"taxonomy":"product_brand","embeddable":true,"href":"https:\/\/www.customeeple.com\/es\/wp-json\/wp\/v2\/product_brand?post=3360"},{"taxonomy":"product_cat","embeddable":true,"href":"https:\/\/www.customeeple.com\/es\/wp-json\/wp\/v2\/product_cat?post=3360"},{"taxonomy":"product_tag","embeddable":true,"href":"https:\/\/www.customeeple.com\/es\/wp-json\/wp\/v2\/product_tag?post=3360"}],"curies":[{"name":"wp","href":"https:\/\/api.w.org\/{rel}","templated":true}]}}