{"id":33487,"date":"2018-02-13T12:51:51","date_gmt":"2018-02-13T11:51:51","guid":{"rendered":"http:\/\/www.customeeple.com\/?post_type=product&#038;p=33487"},"modified":"2021-08-06T10:28:04","modified_gmt":"2021-08-06T09:28:04","slug":"malifaux-cubiertas-de-base-bayou","status":"publish","type":"product","link":"https:\/\/www.customeeple.com\/es\/producto\/malifaux-cubiertas-de-base-bayou\/","title":{"rendered":"Malifaux Bases Bayou"},"content":{"rendered":"<div class=\"infopreorder\">Por lo general, el tama\u00f1o de la base de una miniatura es diferente al tama\u00f1o de la parte superior de la base, por ejemplo, una base de 30 mm de M2E Malifaux tiene 25 mm dentro del hueco, por lo que si no est\u00e1 seguro de lo que necesita, puedes verificar el tama\u00f1o de correlaci\u00f3n de base con la parte superior de la base<a href=\"http:\/\/www.customeeple.com\/base-top-size-guide\/\">\u00a0aqu\u00ed.<\/a><\/div>\n<p>Nuestras cubiertas de base son perfectas para mejorar\u00a0las bases de tus miniaturas de\u00a0<strong><a href=\"http:\/\/www.wyrd-games.net\/malifaux\">Malifaux<\/a>. <\/strong>Son finas cubiertas grabadas con un dise\u00f1o tem\u00e1tico, pensadas para ser pegadas encima de una base est\u00e1ndar de\u00a0<strong><a href=\"http:\/\/www.wyrd-games.net\/malifaux\">Malifaux<\/a>\u00a0<\/strong>y ser una decoraci\u00f3n perfecta para tus mejores trabajos de pintura.<\/p>\n<p>Estas cubiertas de base est\u00e1n dise\u00f1adas imitando pasarelas de pantano. Lo que las hace perfectas para cualquier banda\u00a0 <strong>Gremlin<\/strong> de\u00a0<strong><a href=\"http:\/\/www.wyrd-games.net\/malifaux\">Malifaux<\/a>\u00a0\u00a0<\/strong>. Las cubiertas encajan perfectamente en bases de <strong><a href=\"http:\/\/www.wyrd-games.net\/malifaux\">Malifaux<\/a>\u00a0<\/strong>de\u00a030, 40 y 50 mm y puedes comprar el producto para cada uno de los tama\u00f1os.<\/p>\n<p>Todas las piezas han sido dise\u00f1adas en colaboraci\u00f3n con <strong><a href=\"http:\/\/www.wyrd-games.net\/\">Wyrd games<\/a>\u00a0<\/strong>para ser totalmente compatibles con <strong><a href=\"http:\/\/www.wyrd-games.net\/malifaux\">Malifaux<\/a>.<\/strong><\/p>\n<div class=\"moreinfo\">\n<p><strong>Material:<\/strong>\u00a0MDF<\/p>\n<p dir=\"ltr\"><strong>Espesor:<\/strong>\u00a02,5 mm<\/p>\n<p dir=\"ltr\"><strong>Tama\u00f1o: <\/strong>23\/31,5\/40\u00a0mm para encajar perfectamente en cada base<strong><br \/>\n<\/strong><\/p>\n<p dir=\"ltr\"><strong>Cantidad: <\/strong>2 o 5 cubiertas de base<\/p>\n<p><strong>Uso:<\/strong> Cubiertas de base decorativas para<strong>\u00a0<\/strong><strong><a href=\"http:\/\/www.wyrd-games.net\/malifaux\">Malifaux<\/a>.<\/strong><\/p>\n<\/div>\n<div class=\"infopreorder\"><strong>Nota:<\/strong>\u00a0Este producto se vende sin pintar ni montar, necesitar\u00e1s pegamento para ensamblarlo.\u00a0El producto no incluye las miniaturas ni las bases standar de\u00a0<strong><a href=\"http:\/\/www.wyrd-games.net\/malifaux\">Malifaux<\/a>.<\/strong><\/div>\n","protected":false},"excerpt":{"rendered":"<p>Cubiertas de base decorativas para\u00a0<strong><a href=\"http:\/\/www.wyrd-games.net\/malifaux\">Malifaux<\/a>.<\/strong><\/p>\n","protected":false},"featured_media":31001,"template":"","meta":{"_acf_changed":false},"product_brand":[],"product_cat":[304,1672,1370,1400,1425,1671,2360],"product_tag":[1652],"class_list":{"0":"post-33487","1":"product","2":"type-product","3":"status-publish","4":"has-post-thumbnail","6":"product_cat-bases-es","7":"product_cat-bases-es-4","8":"product_cat-customeeple-es","9":"product_cat-fantasia","10":"product_cat-malifaux-es-2","11":"product_cat-malifaux-es-3","12":"product_cat-productos-oficiales","13":"product_tag-malifaux-es-2","14":"pa_bsize-23mm-5-uds","15":"pa_bsize-25mm","16":"pa_bsize-40s","17":"pa_bsize-50s","19":"first","20":"instock","21":"taxable","22":"shipping-taxable","23":"purchasable","24":"product-type-variable"},"exclude_global_add_ons":[],"addons":[],"acf":[],"_links":{"self":[{"href":"https:\/\/www.customeeple.com\/es\/wp-json\/wp\/v2\/product\/33487","targetHints":{"allow":["GET"]}}],"collection":[{"href":"https:\/\/www.customeeple.com\/es\/wp-json\/wp\/v2\/product"}],"about":[{"href":"https:\/\/www.customeeple.com\/es\/wp-json\/wp\/v2\/types\/product"}],"wp:featuredmedia":[{"embeddable":true,"href":"https:\/\/www.customeeple.com\/es\/wp-json\/wp\/v2\/media\/31001"}],"wp:attachment":[{"href":"https:\/\/www.customeeple.com\/es\/wp-json\/wp\/v2\/media?parent=33487"}],"wp:term":[{"taxonomy":"product_brand","embeddable":true,"href":"https:\/\/www.customeeple.com\/es\/wp-json\/wp\/v2\/product_brand?post=33487"},{"taxonomy":"product_cat","embeddable":true,"href":"https:\/\/www.customeeple.com\/es\/wp-json\/wp\/v2\/product_cat?post=33487"},{"taxonomy":"product_tag","embeddable":true,"href":"https:\/\/www.customeeple.com\/es\/wp-json\/wp\/v2\/product_tag?post=33487"}],"curies":[{"name":"wp","href":"https:\/\/api.w.org\/{rel}","templated":true}]}}