{"id":33334,"date":"2018-02-02T12:00:34","date_gmt":"2018-02-02T10:00:35","guid":{"rendered":"http:\/\/www.customeeple.com\/?post_type=product&#038;p=33334"},"modified":"2018-02-14T09:33:09","modified_gmt":"2018-02-14T07:33:09","slug":"marcador-compatible-star-wars-destiny","status":"publish","type":"product","link":"https:\/\/www.customeeple.com\/es\/producto\/marcador-compatible-star-wars-destiny\/","title":{"rendered":"Ficha compatible Star Wars Destiny (1 Ud)"},"content":{"rendered":"<div class=\"p_collection\">\n<div id=\"primary_block\" class=\"clearfix\">\n<div class=\"add-top p_collection\">\n<div class=\"p_collection\">\n<div id=\"primary_block\" class=\"clearfix\">\n<div class=\"add-top p_collection\">\n<div><\/div>\n<\/div>\n<\/div>\n<\/div>\n<div class=\"product_components double-top add-border\">\n<div>\n<div class=\"moreinfo\">\n<p>\u00a1Puedes usar estos marcadores en tus juegos de Star Wars: Destiny como da\u00f1o, escudo y suministros! Puedes elegir el color y el dise\u00f1o para personalizar tu set<\/p>\n<p><strong>Material:<\/strong>\u00a0Methacrilato<\/p>\n<p dir=\"ltr\"><strong>Grosor:<\/strong>\u00a03 mm<\/p>\n<p dir=\"ltr\"><strong>Tama\u00f1o:\u00a0<\/strong>20 x 20 mm\u00a0<strong><br \/>\n<\/strong><\/p>\n<p dir=\"ltr\"><strong>Quantity:\u00a0<\/strong>1 unidad<\/p>\n<\/div>\n<div class=\"infopreorder\"><strong>Nota:<\/strong> Los colores de las piezas de metacrilato pueden variar ligeramente de las fotos.<br \/>\n<a href=\"https:\/\/www.fantasyflightgames.com\/en\/products\/star-wars-destiny\/\"><strong>Star Wars: Destiny<\/strong><\/a> es un juego publicado por \u00a0<strong><a href=\"https:\/\/www.fantasyflightgames.com\/en\/index\/\">Fantasy Flight Games<\/a><\/strong>. Customeeple no est\u00e1 afiliado a esta compa\u00f1\u00eda y este producto no est\u00e1 respaldado por ellos.<\/div>\n<\/div>\n<\/div>\n<\/div>\n<\/div>\n<\/div>\n","protected":false},"excerpt":{"rendered":"<p>Una pieza personalizada compatible con Star Wars: Destiny<\/p>\n","protected":false},"featured_media":33315,"template":"","meta":{"_acf_changed":false},"product_brand":[],"product_cat":[191,1370,1372,1408],"product_tag":[1286,1264,1280],"class_list":{"0":"post-33334","1":"product","2":"type-product","3":"status-publish","4":"has-post-thumbnail","6":"product_cat-accesorios","7":"product_cat-customeeple-es","8":"product_cat-sci-fi-es","9":"product_cat-star-wars-destiny-es","10":"product_tag-asmodee-es","11":"product_tag-boardgame-es","12":"product_tag-juego-de-mesa-es","13":"pa_methacrylate-colors-amarill-fluor-mfye","14":"pa_methacrylate-colors-azul-fluor-mfbl-es","15":"pa_methacrylate-colors-blancohielo-mtiw","16":"pa_methacrylate-colors-dm","17":"pa_methacrylate-colors-humo-trans-mtsm","18":"pa_methacrylate-colors-naranja-fluor-mfor","19":"pa_methacrylate-colors-naranja-trans-mtor","20":"pa_methacrylate-colors-magenta-fluor-mfma-es","21":"pa_methacrylate-colors-smoke-grey-mtsm","22":"pa_methacrylate-colors-verde-trans-mtgr","23":"pa_methacrylate-colors-transparente-mttr","24":"pa_methacrylate-colors-verde-fluor-mfgr","26":"first","27":"instock","28":"taxable","29":"shipping-taxable","30":"purchasable","31":"product-type-variable"},"exclude_global_add_ons":[],"addons":[],"acf":[],"_links":{"self":[{"href":"https:\/\/www.customeeple.com\/es\/wp-json\/wp\/v2\/product\/33334","targetHints":{"allow":["GET"]}}],"collection":[{"href":"https:\/\/www.customeeple.com\/es\/wp-json\/wp\/v2\/product"}],"about":[{"href":"https:\/\/www.customeeple.com\/es\/wp-json\/wp\/v2\/types\/product"}],"wp:featuredmedia":[{"embeddable":true,"href":"https:\/\/www.customeeple.com\/es\/wp-json\/wp\/v2\/media\/33315"}],"wp:attachment":[{"href":"https:\/\/www.customeeple.com\/es\/wp-json\/wp\/v2\/media?parent=33334"}],"wp:term":[{"taxonomy":"product_brand","embeddable":true,"href":"https:\/\/www.customeeple.com\/es\/wp-json\/wp\/v2\/product_brand?post=33334"},{"taxonomy":"product_cat","embeddable":true,"href":"https:\/\/www.customeeple.com\/es\/wp-json\/wp\/v2\/product_cat?post=33334"},{"taxonomy":"product_tag","embeddable":true,"href":"https:\/\/www.customeeple.com\/es\/wp-json\/wp\/v2\/product_tag?post=33334"}],"curies":[{"name":"wp","href":"https:\/\/api.w.org\/{rel}","templated":true}]}}