{"id":33291,"date":"2018-01-30T12:06:54","date_gmt":"2018-01-30T10:06:55","guid":{"rendered":"http:\/\/www.customeeple.com\/?post_type=product&#038;p=33291"},"modified":"2018-02-09T15:00:45","modified_gmt":"2018-02-09T13:00:45","slug":"marcadores-compatibles-star-wars-destiny-35uds","status":"publish","type":"product","link":"https:\/\/www.customeeple.com\/es\/producto\/marcadores-compatibles-star-wars-destiny-35uds\/","title":{"rendered":"Marcadores Compatibles Star Wars Destiny (35uds)"},"content":{"rendered":"<p>\u00a1Puedes usar estos marcadores en tus juegos de Star Wars: Destiny como da\u00f1o, escudo y suministros!<\/p>\n<p>10 &#8211; Fichas de Da\u00f1o 1<br \/>\n5 &#8211; Fichas de Da\u00f1o 3<br \/>\n3 &#8211; 5 fichas de Da\u00f1o<br \/>\n9 &#8211; Shields \/ Armor Tokens<br \/>\n8 &#8211; Fichas de \u00fatiles \/ papeleras<\/p>\n<div class=\"moreinfo\">\n<p><strong>Material:<\/strong>\u00a0Methacrylate<\/p>\n<p dir=\"ltr\"><strong>Grosor:<\/strong>\u00a03 mm<\/p>\n<p dir=\"ltr\"><strong>tama\u00f1o: <\/strong>20 x 20mm\u00a0 aprox<strong><br \/>\n<\/strong><\/p>\n<p dir=\"ltr\"><strong>Cantidad:\u00a0<\/strong>\u00a035 pieces<\/p>\n<\/div>\n<div class=\"infopreorder\"><strong>Note:<\/strong> <a href=\"https:\/\/www.fantasyflightgames.com\/en\/products\/star-wars-destiny\/\"><strong>Star Wars: Destiny<\/strong><\/a>\u00a0 es un juego publicado por <strong><a href=\"https:\/\/www.fantasyflightgames.com\/en\/index\/\">Fantasy Flight Games<\/a><\/strong>. Customeeple no est\u00e1 afiliado a esta compa\u00f1\u00eda y este producto no est\u00e1 respaldado por ellos.<\/div>\n<div><\/div>\n","protected":false},"excerpt":{"rendered":"<p>Marcadores para\u00a0<a href=\"https:\/\/www.fantasyflightgames.com\/en\/products\/star-wars-destiny\/\"><strong>Star Wars: Destiny<\/strong><\/a><\/p>\n","protected":false},"featured_media":33306,"template":"","meta":{"_acf_changed":false},"product_brand":[],"product_cat":[191,1370,1372,816,1408],"product_tag":[1286,1264,1280],"class_list":{"0":"post-33291","1":"product","2":"type-product","3":"status-publish","4":"has-post-thumbnail","6":"product_cat-accesorios","7":"product_cat-customeeple-es","8":"product_cat-sci-fi-es","9":"product_cat-space-fight-es","10":"product_cat-star-wars-destiny-es","11":"product_tag-asmodee-es","12":"product_tag-boardgame-es","13":"product_tag-juego-de-mesa-es","15":"first","16":"instock","17":"taxable","18":"shipping-taxable","19":"purchasable","20":"product-type-simple"},"exclude_global_add_ons":[],"addons":[],"acf":[],"_links":{"self":[{"href":"https:\/\/www.customeeple.com\/es\/wp-json\/wp\/v2\/product\/33291","targetHints":{"allow":["GET"]}}],"collection":[{"href":"https:\/\/www.customeeple.com\/es\/wp-json\/wp\/v2\/product"}],"about":[{"href":"https:\/\/www.customeeple.com\/es\/wp-json\/wp\/v2\/types\/product"}],"wp:featuredmedia":[{"embeddable":true,"href":"https:\/\/www.customeeple.com\/es\/wp-json\/wp\/v2\/media\/33306"}],"wp:attachment":[{"href":"https:\/\/www.customeeple.com\/es\/wp-json\/wp\/v2\/media?parent=33291"}],"wp:term":[{"taxonomy":"product_brand","embeddable":true,"href":"https:\/\/www.customeeple.com\/es\/wp-json\/wp\/v2\/product_brand?post=33291"},{"taxonomy":"product_cat","embeddable":true,"href":"https:\/\/www.customeeple.com\/es\/wp-json\/wp\/v2\/product_cat?post=33291"},{"taxonomy":"product_tag","embeddable":true,"href":"https:\/\/www.customeeple.com\/es\/wp-json\/wp\/v2\/product_tag?post=33291"}],"curies":[{"name":"wp","href":"https:\/\/api.w.org\/{rel}","templated":true}]}}