{"id":33246,"date":"2018-01-25T14:39:44","date_gmt":"2018-01-25T13:39:44","guid":{"rendered":"http:\/\/www.customeeple.com\/?post_type=product&#038;p=33246"},"modified":"2026-02-02T11:47:55","modified_gmt":"2026-02-02T10:47:55","slug":"dial-dano-redondo","status":"publish","type":"product","link":"https:\/\/www.customeeple.com\/es\/producto\/dial-dano-redondo\/","title":{"rendered":"DIal de da\u00f1o base redonda"},"content":{"rendered":"<p>Un dial para marcar da\u00f1o. Puedes utilizarlos al lado de una unidad, o incluso emplearlos como base de la miniatura.<\/p>\n<p>Nuestros diales usan imanes para asegurar que gire perfectamente sin rozamientos pero que tambien se quede fijo en la posisici\u00f3n deseada.<\/p>\n<p>Este producto es compatible con\u00a0\u00a0<a href=\"https:\/\/boardgamegeek.com\/boardgame\/227888\/warhammer-40000-dark-imperium\"><strong>Warhammer 40,000<\/strong>\u00a0<\/a>o <strong><a href=\"https:\/\/boardgamegeek.com\/boardgame\/180241\/warhammer-age-sigmar\">Warhammer: Age of Sigmar<\/a><\/strong><\/p>\n<p><strong style=\"font-size: 14px; line-height: 1.5em;\">Material: <\/strong>DM e imanes de neodimio<\/p>\n<div class=\"moreinfo\">\n<p dir=\"ltr\"><strong>Espesor:<\/strong>\u00a02,5 mm<\/p>\n<p dir=\"ltr\"><strong>Tama\u00f1o:\u00a0<\/strong>var\u00eda<\/p>\n<div class=\"moreinfo\">\n<p><strong>Uso: <\/strong>Marca\u00a0da\u00f1o de tus unidades<\/p>\n<\/div>\n<div class=\"infopreorder\"><strong>Nota:<\/strong>\u00a0Este producto se vende sin montar<\/div>\n<div><\/div>\n<div><strong><a href=\"https:\/\/boardgamegeek.com\/boardgame\/227888\/warhammer-40000-dark-imperium\">Warhammer 40,000<\/a>\u00a0<\/strong>y <strong><a href=\"https:\/\/boardgamegeek.com\/boardgame\/180241\/warhammer-age-sigmar\">Warhammer: Age of Sigmar<\/a>\u00a0<\/strong> son juegos publicados por <a href=\"https:\/\/www.games-workshop.com\/es-ES\/Inicio\"><strong>\u00a0Games Workshop<\/strong><\/a>. Customeeple no est\u00e1 afiliado a esta compa\u00f1\u00eda y este producto no est\u00e1 respaldado por ellos<\/div>\n<\/div>\n","protected":false},"excerpt":{"rendered":"<p>Diales para marcar el da\u00f1o en las unidades<\/p>\n","protected":false},"featured_media":31007,"template":"","meta":{"_acf_changed":false},"product_brand":[],"product_cat":[191,304,1370,2353,917],"product_tag":[],"class_list":{"0":"post-33246","1":"product","2":"type-product","3":"status-publish","4":"has-post-thumbnail","6":"product_cat-accesorios","7":"product_cat-bases-es","8":"product_cat-customeeple-es","9":"product_cat-dials-es","10":"product_cat-kings-of-war-es","12":"first","13":"instock","14":"taxable","15":"shipping-taxable","16":"purchasable","17":"product-type-variable"},"exclude_global_add_ons":[],"addons":[],"acf":[],"_links":{"self":[{"href":"https:\/\/www.customeeple.com\/es\/wp-json\/wp\/v2\/product\/33246","targetHints":{"allow":["GET"]}}],"collection":[{"href":"https:\/\/www.customeeple.com\/es\/wp-json\/wp\/v2\/product"}],"about":[{"href":"https:\/\/www.customeeple.com\/es\/wp-json\/wp\/v2\/types\/product"}],"wp:featuredmedia":[{"embeddable":true,"href":"https:\/\/www.customeeple.com\/es\/wp-json\/wp\/v2\/media\/31007"}],"wp:attachment":[{"href":"https:\/\/www.customeeple.com\/es\/wp-json\/wp\/v2\/media?parent=33246"}],"wp:term":[{"taxonomy":"product_brand","embeddable":true,"href":"https:\/\/www.customeeple.com\/es\/wp-json\/wp\/v2\/product_brand?post=33246"},{"taxonomy":"product_cat","embeddable":true,"href":"https:\/\/www.customeeple.com\/es\/wp-json\/wp\/v2\/product_cat?post=33246"},{"taxonomy":"product_tag","embeddable":true,"href":"https:\/\/www.customeeple.com\/es\/wp-json\/wp\/v2\/product_tag?post=33246"}],"curies":[{"name":"wp","href":"https:\/\/api.w.org\/{rel}","templated":true}]}}