{"id":33244,"date":"2018-01-25T14:22:50","date_gmt":"2018-01-25T13:22:50","guid":{"rendered":"http:\/\/www.customeeple.com\/?post_type=product&#038;p=33244"},"modified":"2018-04-04T13:36:14","modified_gmt":"2018-04-04T11:36:14","slug":"inserto-ipf-356-x32-x-92","status":"publish","type":"product","link":"https:\/\/www.customeeple.com\/es\/producto\/inserto-ipf-356-x32-x-92\/","title":{"rendered":"Inserto IARK (24,6 x 24,6 x 6,5 cm)"},"content":{"rendered":"<p>\u00bfEst\u00e1s cansado de los huecos de aire en las cajas de los juegos?\u00bfjuegos que vienen con insertos que molestan m\u00e1s que organizan? Esta es tu soluci\u00f3n, compra tu propio inserto a medida. Nunca m\u00e1s rodar\u00e1n las piezas por la caja y podr\u00e1s tener organizadas las cartas de un juego.<\/p>\n<p>El inserto separa la caja en 2 columnas de <strong>6,4 cm<\/strong> de ancho, dejando un peque\u00f1o espacio central. Incluimos 10 separadores para los espacios de cartas y 2 para el espacio central para fichas. Recuerda que puedes adem\u00e1s comprar <strong>separadores adiccionales<\/strong> para este inserto.<\/p>\n<p><strong>Nota<\/strong>: Calcula que tu caja encaja perfectamente con nuestro inserto, esta pensado para cajas con un interior de <strong>(\u00a024,9 x 24,9 x 4,6 cm cm) y pensado para cajas de (25,4 x 25,4 x 4,8 cm).\u00a0<\/strong>Este formato es compatible con muchas cajas en el mercado como por ejemplo <strong><a href=\"https:\/\/boardgamegeek.com\/boardgame\/205637\/arkham-horror-card-game\">Arkham Horror: The Card Game<\/a><\/strong>\u00a0 pero\u00a0aumentando un poco la altura de la caja para poder guardar las cartas horizontalmente.<\/p>\n<p>Podemos fabricar f\u00e1cilmente insertos en otros tama\u00f1os, solo<strong>\u00a0<\/strong><strong><a href=\"..\/contact-us\/\">contacta con nosotros<\/a>.<\/strong><\/p>\n<div class=\"moreinfo\">\n<p><strong>Material: <\/strong>DM<\/p>\n<p dir=\"ltr\"><strong>Espesor:<\/strong> 2,5 mm<\/p>\n<p dir=\"ltr\"><strong>Tama\u00f1o:<\/strong> 24,9 x 24,9 x 4,6 cm cm<\/p>\n<p dir=\"ltr\"><strong>Cantidad:<\/strong> 1 inserto y 10+2 separadores.<\/p>\n<p><strong><a href=\"https:\/\/boardgamegeek.com\/boardgame\/205637\/arkham-horror-card-game\">Arkham Horror: The Card Game<\/a><\/strong>\u00a0es un juego publicado por <strong><a title=\"Fantasy Flight Games\" href=\"https:\/\/boardgamegeek.com\/boardgamepublisher\/17\/fantasy-flight-games\">Fantasy Flight Games<\/a>\u00a0<\/strong>. <strong>Customeeple<\/strong>\u00a0no mantiene ninguna relaci\u00f3n con esta compa\u00f1\u00eda y este producto no esta apoyado por ellos de ninguna forma.<\/p>\n<\/div>\n","protected":false},"excerpt":{"rendered":"<p>Un resistente inserto pensado para cajas de <strong>24,9 x 24,9 x 4,6 cm\u00a0<\/strong><\/p>\n","protected":false},"featured_media":33252,"template":"","meta":{"_acf_changed":false},"product_brand":[],"product_cat":[191,1303,1370,1395,1653,1391],"product_tag":[656,332,1455,1652],"class_list":{"0":"post-33244","1":"product","2":"type-product","3":"status-publish","4":"has-post-thumbnail","6":"product_cat-accesorios","7":"product_cat-ada","8":"product_cat-customeeple-es","9":"product_cat-insertos","10":"product_cat-boardgames","11":"product_cat-deck-holders-es","12":"product_tag-arkham-horror-es-2","13":"product_tag-insert-es","14":"product_tag-lgc-es","15":"product_tag-malifaux-es-2","17":"first","18":"instock","19":"taxable","20":"shipping-taxable","21":"purchasable","22":"product-type-simple"},"exclude_global_add_ons":[],"addons":[],"acf":[],"_links":{"self":[{"href":"https:\/\/www.customeeple.com\/es\/wp-json\/wp\/v2\/product\/33244","targetHints":{"allow":["GET"]}}],"collection":[{"href":"https:\/\/www.customeeple.com\/es\/wp-json\/wp\/v2\/product"}],"about":[{"href":"https:\/\/www.customeeple.com\/es\/wp-json\/wp\/v2\/types\/product"}],"wp:featuredmedia":[{"embeddable":true,"href":"https:\/\/www.customeeple.com\/es\/wp-json\/wp\/v2\/media\/33252"}],"wp:attachment":[{"href":"https:\/\/www.customeeple.com\/es\/wp-json\/wp\/v2\/media?parent=33244"}],"wp:term":[{"taxonomy":"product_brand","embeddable":true,"href":"https:\/\/www.customeeple.com\/es\/wp-json\/wp\/v2\/product_brand?post=33244"},{"taxonomy":"product_cat","embeddable":true,"href":"https:\/\/www.customeeple.com\/es\/wp-json\/wp\/v2\/product_cat?post=33244"},{"taxonomy":"product_tag","embeddable":true,"href":"https:\/\/www.customeeple.com\/es\/wp-json\/wp\/v2\/product_tag?post=33244"}],"curies":[{"name":"wp","href":"https:\/\/api.w.org\/{rel}","templated":true}]}}