{"id":33242,"date":"2018-01-25T14:10:35","date_gmt":"2018-01-25T13:10:35","guid":{"rendered":"http:\/\/www.customeeple.com\/?post_type=product&#038;p=33242"},"modified":"2020-04-14T13:55:04","modified_gmt":"2020-04-14T12:55:04","slug":"inserto-ipf-356-x32-x-92-cm-2","status":"publish","type":"product","link":"https:\/\/www.customeeple.com\/es\/producto\/inserto-ipf-356-x32-x-92-cm-2\/","title":{"rendered":"Inserto IXENO (300 x 300 x 105 mm)"},"content":{"rendered":"<p>\u00bfEst\u00e1s cansado de los huecos de aire en las cajas de los juegos?\u00bfjuegos que vienen con insertos que molestan m\u00e1s que organizan? Esta es tu soluci\u00f3n, compra tu propio inserto a medida. Nunca m\u00e1s rodar\u00e1n las piezas por la caja y podr\u00e1s tener organizadas las cartas de un juego. El inserto separa la caja en 4 columnas de <strong>6,8 cm<\/strong> de ancho, incluimos 8\u00a0separadores ( 2 cu\u00e1druples, 2 triples, 2 dobles y 2 sencillos) perfectamente compatibles con el inserto para marcar las divisiones que quieras. Recuerda que puedes adem\u00e1s comprar <strong>separadores adiccionales<\/strong> para este inserto.<\/p>\n<p><strong>Nota<\/strong>: Calcula que tu caja encaja perfectamente con nuestro inserto, esta pensado para cajas con un interior de <strong>(300 x 300 x 105 mm) <\/strong>Este formato es compatible con muchas cajas en el mercado como por ejemplo \u00a0<strong><a href=\"https:\/\/boardgamegeek.com\/boardgame\/159109\/xenoshyft-onslaught\">XenoShyft: Onslaught<\/a><\/strong>\u00a0Podemos fabricar f\u00e1cilmente insertos en otros tama\u00f1os, solo<strong>\u00a0<\/strong><strong><a href=\"..\/contact-us\/\">contacta con nosotros<\/a>.<\/strong><\/p>\n<div class=\"moreinfo\">\n<p><strong>Material: <\/strong>DM<\/p>\n<p dir=\"ltr\"><strong>Espesor:<\/strong> 2,5 mm<\/p>\n<p dir=\"ltr\"><strong>Tama\u00f1o:<\/strong> 300 x 300 x 105 mm<\/p>\n<p dir=\"ltr\"><strong>Cantidad:<\/strong> 1 inserto y 8\u00a0separadores.<\/p>\n<p><strong>Uso:<\/strong> Inserto para cajas 300 x 300 x 105 mm<\/p>\n<p><strong><a href=\"https:\/\/boardgamegeek.com\/boardgame\/159109\/xenoshyft-onslaught\">XenoShyft: Onslaught<\/a>\u00a0<\/strong>es un juego publicado por <strong><a href=\"https:\/\/boardgamegeek.com\/boardgamepublisher\/21608\/cmon-limited\">CMON Limited<\/a><\/strong>.\u00a0<strong>Customeeple<\/strong>\u00a0no mantiene ninguna relaci\u00f3n con esta compa\u00f1\u00eda y este producto no esta apoyado por ellos de ninguna forma.<\/p>\n<\/div>\n","protected":false},"excerpt":{"rendered":"<p>Un resistente inserto pensado para cajas de <strong>300 x 300 x 105 mm<\/strong><\/p>\n","protected":false},"featured_media":33250,"template":"","meta":{"_acf_changed":false},"product_brand":[],"product_cat":[191,1370,1395,1391],"product_tag":[332,776],"class_list":{"0":"post-33242","1":"product","2":"type-product","3":"status-publish","4":"has-post-thumbnail","6":"product_cat-accesorios","7":"product_cat-customeeple-es","8":"product_cat-insertos","9":"product_cat-deck-holders-es","10":"product_tag-insert-es","11":"product_tag-pathfinder","13":"first","14":"instock","15":"taxable","16":"shipping-taxable","17":"purchasable","18":"product-type-simple"},"exclude_global_add_ons":[],"addons":[],"acf":[],"_links":{"self":[{"href":"https:\/\/www.customeeple.com\/es\/wp-json\/wp\/v2\/product\/33242","targetHints":{"allow":["GET"]}}],"collection":[{"href":"https:\/\/www.customeeple.com\/es\/wp-json\/wp\/v2\/product"}],"about":[{"href":"https:\/\/www.customeeple.com\/es\/wp-json\/wp\/v2\/types\/product"}],"wp:featuredmedia":[{"embeddable":true,"href":"https:\/\/www.customeeple.com\/es\/wp-json\/wp\/v2\/media\/33250"}],"wp:attachment":[{"href":"https:\/\/www.customeeple.com\/es\/wp-json\/wp\/v2\/media?parent=33242"}],"wp:term":[{"taxonomy":"product_brand","embeddable":true,"href":"https:\/\/www.customeeple.com\/es\/wp-json\/wp\/v2\/product_brand?post=33242"},{"taxonomy":"product_cat","embeddable":true,"href":"https:\/\/www.customeeple.com\/es\/wp-json\/wp\/v2\/product_cat?post=33242"},{"taxonomy":"product_tag","embeddable":true,"href":"https:\/\/www.customeeple.com\/es\/wp-json\/wp\/v2\/product_tag?post=33242"}],"curies":[{"name":"wp","href":"https:\/\/api.w.org\/{rel}","templated":true}]}}