{"id":32770,"date":"2017-11-12T11:50:20","date_gmt":"2017-12-12T09:50:21","guid":{"rendered":"http:\/\/www.customeeple.com\/?post_type=product&#038;p=32770\/"},"modified":"2017-12-12T11:55:25","modified_gmt":"2017-12-12T09:55:25","slug":"nmbr9-esp","status":"publish","type":"product","link":"https:\/\/www.customeeple.com\/es\/producto\/nmbr9-esp\/","title":{"rendered":"NMBR9 (ESP)"},"content":{"rendered":"<div class=\"p_collection\">\n<div id=\"primary_block\" class=\"clearfix\">\n<div class=\"add-top p_collection\">\n<div><strong>Nmbr9\u00a0es un juego de colocaci\u00f3n de losetas con mec\u00e1nica de puzzle,<\/strong>\u00a0que cuenta con 20 cartas numeradas del 0 al 9 y 28 losetas tambi\u00e9n numeradas con lo mismo.\u00a0<strong>Cada loseta est\u00e1 compuesta por cuadrados con una alineaci\u00f3n diferente.<\/strong>\u00a0Despu\u00e9s de barajar el mazo de cartas, robar\u00e1s y revelar\u00e1s la primera carta. Cada jugador coger\u00e1 un n\u00famero de loseta que coincida con la carta y la colocar\u00e1 en la mesa, as\u00ed hasta que los jugadores vayan colocando unas cuantas losetas dentro de su zona de juego.<\/div>\n<div><\/div>\n<div><strong>Las losetas que va colocando, deben de estar adyacentes con las anteriores y al menos conectar con uno de sus cuadrados<\/strong>, a modo que vaya formando por ejemplo un laberinto, de esta manera ir\u00e1n formando un entramado de losetas que a la postre servir\u00e1n para calcular al final sus puntos de victoria.<\/div>\n<div><\/div>\n<div>El objetivo ser\u00e1 conseguir la mayor cantidad posible de puntos de victoria y mientras m\u00e1s larga sea nuestra secuencia, m\u00e1s puntos nos dar\u00e1.\u00a0<strong>Un juego original que implementa bien la mec\u00e1nica de puzzles.<\/strong><\/div>\n<\/div>\n<\/div>\n<\/div>\n<div class=\"product_components double-top add-border\">\n<div>\n<p><strong>Cantidad de jugadores<\/strong>: 1 a 4 jugadores<\/p>\n<p><strong>Duraci\u00f3n<\/strong>: 20 minutos<\/p>\n<p><strong>Edad<\/strong>: +8 a\u00f1os<\/p>\n<p><strong>Idioma<\/strong>: Espa\u00f1ol<\/p>\n<\/div>\n<div><\/div>\n<\/div>\n","protected":false},"excerpt":{"rendered":"<p>Boardgame.<\/p>\n","protected":false},"featured_media":32772,"template":"","meta":{"_acf_changed":false},"product_brand":[],"product_cat":[1561,1653,1180],"product_tag":[1264,1280],"class_list":{"0":"post-32770","1":"product","2":"type-product","3":"status-publish","4":"has-post-thumbnail","6":"product_cat-familiar-es","7":"product_cat-boardgames","8":"product_cat-retail-products-es","9":"product_tag-boardgame-es","10":"product_tag-juego-de-mesa-es","12":"first","13":"onbackorder","14":"sale","15":"taxable","16":"shipping-taxable","17":"purchasable","18":"product-type-simple"},"exclude_global_add_ons":[],"addons":[],"acf":[],"_links":{"self":[{"href":"https:\/\/www.customeeple.com\/es\/wp-json\/wp\/v2\/product\/32770","targetHints":{"allow":["GET"]}}],"collection":[{"href":"https:\/\/www.customeeple.com\/es\/wp-json\/wp\/v2\/product"}],"about":[{"href":"https:\/\/www.customeeple.com\/es\/wp-json\/wp\/v2\/types\/product"}],"wp:featuredmedia":[{"embeddable":true,"href":"https:\/\/www.customeeple.com\/es\/wp-json\/wp\/v2\/media\/32772"}],"wp:attachment":[{"href":"https:\/\/www.customeeple.com\/es\/wp-json\/wp\/v2\/media?parent=32770"}],"wp:term":[{"taxonomy":"product_brand","embeddable":true,"href":"https:\/\/www.customeeple.com\/es\/wp-json\/wp\/v2\/product_brand?post=32770"},{"taxonomy":"product_cat","embeddable":true,"href":"https:\/\/www.customeeple.com\/es\/wp-json\/wp\/v2\/product_cat?post=32770"},{"taxonomy":"product_tag","embeddable":true,"href":"https:\/\/www.customeeple.com\/es\/wp-json\/wp\/v2\/product_tag?post=32770"}],"curies":[{"name":"wp","href":"https:\/\/api.w.org\/{rel}","templated":true}]}}