{"id":32766,"date":"2017-11-12T11:42:22","date_gmt":"2017-12-12T09:42:23","guid":{"rendered":"http:\/\/www.customeeple.com\/?post_type=product&#038;p=32766\/"},"modified":"2019-09-06T10:36:47","modified_gmt":"2019-09-06T08:36:47","slug":"rapid-croco-esp","status":"publish","type":"product","link":"https:\/\/www.customeeple.com\/es\/producto\/rapid-croco-esp\/","title":{"rendered":"Rapid Croco (ESP)"},"content":{"rendered":"<div class=\"p_collection\">\n<div id=\"primary_block\" class=\"clearfix\">\n<div class=\"add-top p_collection\">\n<p>Se ha cometido un robo y nada m\u00e1s y nada menos que 32 cocodrilos son sospechosos.El ordenador central de la polic\u00eda va a daros pistas para encontrar lo antes posible al culpable. Pero cuidado, porque no s\u00f3lo hay que seguir la direcci\u00f3n que se\u00f1alan los brazos de los cocodrilos, sino hay que tener en cuenta las cartas \u00abmienten todos\u00bb que muestran los 3 hipop\u00f3tamos. Un extraordinario juego de observaci\u00f3n y rapidez.<\/p>\n<p><strong>Componentes<\/strong>: 32 cartas \u00abcocodrilos\u00bb 4 cartas \u00abhipo\u00bb 10 cartas \u00abcriterio\u00bb Instrucciones.<\/p>\n<\/div>\n<\/div>\n<\/div>\n<div class=\"product_components double-top add-border\">\n<div>\n<p><strong>Cantidad de jugadores<\/strong>: 2 a 5 jugadores<\/p>\n<p><strong>Duraci\u00f3n<\/strong>: 10 minutos<\/p>\n<p><strong>Edad<\/strong>: +6 a\u00f1os<\/p>\n<p><strong>Idioma<\/strong>: Espa\u00f1ol<\/p>\n<\/div>\n<div><\/div>\n<\/div>\n","protected":false},"excerpt":{"rendered":"<p>Boardgame.<\/p>\n","protected":false},"featured_media":32768,"template":"","meta":{"_acf_changed":false},"product_brand":[],"product_cat":[1561,1564,1557,1653,1180],"product_tag":[1264,1280],"class_list":{"0":"post-32766","1":"product","2":"type-product","3":"status-publish","4":"has-post-thumbnail","6":"product_cat-familiar-es","7":"product_cat-childrens-es","8":"product_cat-card-game-es","9":"product_cat-boardgames","10":"product_cat-retail-products-es","11":"product_tag-boardgame-es","12":"product_tag-juego-de-mesa-es","14":"first","15":"onbackorder","16":"taxable","17":"shipping-taxable","18":"purchasable","19":"product-type-simple"},"exclude_global_add_ons":[],"addons":[],"acf":[],"_links":{"self":[{"href":"https:\/\/www.customeeple.com\/es\/wp-json\/wp\/v2\/product\/32766","targetHints":{"allow":["GET"]}}],"collection":[{"href":"https:\/\/www.customeeple.com\/es\/wp-json\/wp\/v2\/product"}],"about":[{"href":"https:\/\/www.customeeple.com\/es\/wp-json\/wp\/v2\/types\/product"}],"wp:featuredmedia":[{"embeddable":true,"href":"https:\/\/www.customeeple.com\/es\/wp-json\/wp\/v2\/media\/32768"}],"wp:attachment":[{"href":"https:\/\/www.customeeple.com\/es\/wp-json\/wp\/v2\/media?parent=32766"}],"wp:term":[{"taxonomy":"product_brand","embeddable":true,"href":"https:\/\/www.customeeple.com\/es\/wp-json\/wp\/v2\/product_brand?post=32766"},{"taxonomy":"product_cat","embeddable":true,"href":"https:\/\/www.customeeple.com\/es\/wp-json\/wp\/v2\/product_cat?post=32766"},{"taxonomy":"product_tag","embeddable":true,"href":"https:\/\/www.customeeple.com\/es\/wp-json\/wp\/v2\/product_tag?post=32766"}],"curies":[{"name":"wp","href":"https:\/\/api.w.org\/{rel}","templated":true}]}}