{"id":3232,"date":"2013-09-29T11:50:30","date_gmt":"2013-09-29T10:50:30","guid":{"rendered":"http:\/\/www.customeeple.com\/?post_type=product&#038;p=3232"},"modified":"2016-09-21T21:01:04","modified_gmt":"2016-09-21T19:01:04","slug":"3232","status":"publish","type":"product","link":"https:\/\/www.customeeple.com\/es\/producto\/3232\/","title":{"rendered":"Marcadores de estado personalizados"},"content":{"rendered":"<p>Crea tus propias fichas para marcar estados de tus miniaturas.<\/p>\n<p>Nuestros Marcadores de estado circulares puede tener m\u00faltiples usos en <strong><strong> <strong><a href=\"http:\/\/boardgamegeek.com\/boardgame\/21133\/infinity-a-skirmish-game\"><strong>Infinity<\/strong><\/a><\/strong>,<\/strong> <strong><strong><a href=\"http:\/\/boardgamegeek.com\/boardgame\/14403\/warhammer-40000-battle-for-macragge\" target=\"_blank\"><strong>Warhammer 40k<\/strong><\/a><\/strong>, <a href=\"http:\/\/boardgamegeek.com\/boardgame\/113924\/zombicide\">Zombicide<\/a>, <a href=\"http:\/\/boardgamegeek.com\/boardgame\/92190\/super-dungeon-explore\">Super Dungeon Explore<\/a><\/strong>,\u00a0<\/strong> u otros juegos de miniaturas con base circular.<\/p>\n<p>Est\u00e1n pensados\u00a0especialmente para ser usados en juegos de miniaturas de 28mm ya que pueden ser f\u00e1cilmente a\u00f1adidos al lado de cualquier base circular de 25mm de di\u00e1metro para llevar la cuenta de su estado actual, si est\u00e1: envenenado, a cubierto, sangrando, escondido, aturdido&#8230; las posibilidades son ilimitadas porque te dejamos a\u00f1adir las palabras que quieras a los marcadores.<\/p>\n<p>El proceso es simple, a\u00f1ade a tu carro de compra el n\u00famero de bases que deseas, escogiendo sus colores y palabras, pero tambi\u00e9n puedes elegir en cada base tu propia palabra personalizada escogiendo \u00aba\u00f1adir texto personalizado\u00bb y\u00a0 a\u00f1adiendo el texto que desees (m\u00e1ximo 10 caracteres). Si no estas seguro de cual es el color id\u00f3neo para tus piezas puedes consultar nuestra p\u00e1gina de <em><a href=\"http:\/\/www.customeeple.com\/materials\/\"><strong>materiales<\/strong> <\/a><\/em><\/p>\n<div class=\"moreinfo\"><strong>Material:<\/strong> Metacrilato en el color que elijas<\/p>\n<p><strong>Espesor:<\/strong>\u00a03mm<\/p>\n<p><strong>Tama\u00f1o:\u00a0<\/strong>35 mm de ancho (ideal para una base de miniatura de 25 mm)<\/p>\n<p><strong>Uso:<\/strong> A\u00f1\u00e1delos a cualquier base circular de di\u00e1metro 25 mm para marcar m\u00faltiples estados de la miniatura.<strong><br \/>\n<\/strong><\/p>\n<p><strong>Cantidad: <\/strong>Una unidad, pudiendo elegir individualmente el color y palabra de cada base.<strong><br \/>\n<\/strong><\/div>\n<p>&nbsp;<\/p>\n<p><strong><a href=\"http:\/\/boardgamegeek.com\/boardgame\/21133\/infinity-a-skirmish-game\">Infinity the game<\/a>\u00a0<\/strong>es un juego de\u00a0<a href=\"http:\/\/boardgamegeek.com\/boardgamedesigner\/10643\/gutier-lusquinos-rodriguez\">Gutier Lusqui\u00f1os Rodr\u00edguez<\/a>\u00a0propiedad de\u00a0<strong><a href=\"http:\/\/boardgamegeek.com\/boardgamepublisher\/4855\/corvus-belli\" target=\"_blank\">Corvus Belli<\/a>.<\/strong>\u00a0<a href=\"http:\/\/boardgamegeek.com\/boardgame\/4192\/warhammer\" target=\"_blank\"><strong>Warhammer<\/strong><\/a>\u00a0y\u00a0<a href=\"http:\/\/boardgamegeek.com\/boardgame\/14403\/warhammer-40000-battle-for-macragge\" target=\"_blank\"><strong>Warhammer 40k<\/strong><\/a>\u00a0son productos de\u00a0<strong><a href=\"http:\/\/boardgamegeek.com\/boardgamepublisher\/26\/games-workshop-ltd\" target=\"_blank\">Games Workshop<\/a>, <strong><strong><strong><a href=\"http:\/\/boardgamegeek.com\/boardgame\/113924\/zombicide\">Zombicide <\/a><\/strong><\/strong><\/strong><\/strong>es un juego propiedad de<strong><strong> <a href=\"http:\/\/sodapopminiatures.com\/\">Soda Pop miniatures<\/a><\/strong><br \/>\n<\/strong><\/p>\n<p><strong>Customeeple\u00a0<\/strong>no mantiene ninguna relaci\u00f3n con estas compa\u00f1\u00edas y este producto no esta patrocinado por ellas de ninguna manera.<\/p>\n<p>La miniatura mostrada en las im\u00e1genes solamente sirve para tener una relaci\u00f3n de escala. No est\u00e1 incluida en el producto final.<\/p>\n","protected":false},"excerpt":{"rendered":"<p>Marcadores de estado en Arco \u00a0Personalizables para bases de miniaturas de \u00a0Wargames<\/p>\n","protected":false},"featured_media":4057,"template":"","meta":{"_acf_changed":false},"product_brand":[],"product_cat":[78],"product_tag":[782,785,786,787,789],"class_list":{"0":"post-3232","1":"product","2":"type-product","3":"status-publish","4":"has-post-thumbnail","6":"product_cat-meeple-2","7":"product_tag-super-dungeon-explore-es","8":"product_tag-wargame-es-2","9":"product_tag-warhammer-es-2","10":"product_tag-warhammer-40k-es-2","11":"product_tag-zombicide-es","12":"pa_methacrylate-colors-azul-fluor-mfbl-es","13":"pa_methacrylate-colors-smoke-grey-mtsm","14":"pa_methacrylate-colors-verde-fluor-mfgr","15":"pa_methacrylate-colors-amarill-fluor-mfye","16":"pa_methacrylate-colors-rojotrans-mtre","17":"pa_methacrylate-colors-azul-trans-mtbl","18":"pa_methacrylate-colors-magenta-fluor-mfma-es","19":"pa_methacrylate-colors-naranja-fluor-mfor","20":"pa_methacrylate-colors-naranja-trans-mtor","21":"pa_methacrylate-colors-rojo-more","22":"pa_methacrylate-colors-transparente-mttr","23":"pa_methacrylate-colors-verde-trans-mtgr","24":"pa_methacrylate-colors-dorado-mogo","25":"pa_methacrylate-colors-humo-trans-mtsm","26":"pa_methacrylate-colors-azul-mobl","27":"pa_methacrylate-colors-verde-mogr","28":"pa_methacrylate-colors-gris-mogy","29":"pa_methacrylate-colors-plata-mosi","30":"pa_methacrylate-colors-violeta-movi","31":"pa_methacrylate-colors-amarillo-moye","32":"pa_methacrylate-colors-negro-moba","33":"pa_methacrylate-colors-balnco-mowh","35":"first","36":"instock","37":"taxable","38":"shipping-taxable","39":"purchasable","40":"product-type-variable"},"exclude_global_add_ons":false,"addons":[{"name":"Custom Text","type":"heading","position":0,"required":false,"title_format":"label","default":"","description_enable":true,"description":"Choose a message to be engraved. Max length 10 chars.","placeholder_enable":false,"placeholder":"","display":"select","restrictions_type":"any_text","adjust_price":false,"price":"","price_type":"","restrictions":false,"min":"0","max":"0","options":[]},{"name":"Custom Text","type":"custom_text","position":0,"required":true,"title_format":"label","default":"","description_enable":false,"description":"","placeholder_enable":false,"placeholder":"","display":"select","restrictions_type":"any_text","adjust_price":false,"price":"","price_type":"quantity_based","restrictions":true,"min":"1","max":"10","options":[]}],"acf":[],"_links":{"self":[{"href":"https:\/\/www.customeeple.com\/es\/wp-json\/wp\/v2\/product\/3232","targetHints":{"allow":["GET"]}}],"collection":[{"href":"https:\/\/www.customeeple.com\/es\/wp-json\/wp\/v2\/product"}],"about":[{"href":"https:\/\/www.customeeple.com\/es\/wp-json\/wp\/v2\/types\/product"}],"wp:featuredmedia":[{"embeddable":true,"href":"https:\/\/www.customeeple.com\/es\/wp-json\/wp\/v2\/media\/4057"}],"wp:attachment":[{"href":"https:\/\/www.customeeple.com\/es\/wp-json\/wp\/v2\/media?parent=3232"}],"wp:term":[{"taxonomy":"product_brand","embeddable":true,"href":"https:\/\/www.customeeple.com\/es\/wp-json\/wp\/v2\/product_brand?post=3232"},{"taxonomy":"product_cat","embeddable":true,"href":"https:\/\/www.customeeple.com\/es\/wp-json\/wp\/v2\/product_cat?post=3232"},{"taxonomy":"product_tag","embeddable":true,"href":"https:\/\/www.customeeple.com\/es\/wp-json\/wp\/v2\/product_tag?post=3232"}],"curies":[{"name":"wp","href":"https:\/\/api.w.org\/{rel}","templated":true}]}}