{"id":32298,"date":"2017-11-17T10:10:38","date_gmt":"2017-11-17T08:10:38","guid":{"rendered":"http:\/\/www.customeeple.com\/?post_type=product&#038;p=32298\/"},"modified":"2017-11-20T12:48:26","modified_gmt":"2017-11-20T10:48:26","slug":"marcadores-compatibles-con-terraforming-venus","status":"publish","type":"product","link":"https:\/\/www.customeeple.com\/es\/producto\/marcadores-compatibles-con-terraforming-venus\/","title":{"rendered":"Ficha compatible con Terraforming Mars \u00abVenus Next\u00bb"},"content":{"rendered":"<p>Una ficha de metacrilato para marcar el factor de terraformaci\u00f3n<\/p>\n<p>Este producto encaja perfectamente con el track del tablero de la expansi\u00f3n\u00a0<a href=\"http:\/\/www.fryxgames.se\/venus-next-expansion\/\"><strong>Terraforming Mars\u00a0Venus Next\u00a0<\/strong><\/a><\/p>\n<div class=\"moreinfo\">\n<p><strong>Material:<\/strong>\u00a0Metacrilato\u00a0fluorescente<\/p>\n<p><strong>Espesor:<\/strong>\u00a03mm<\/p>\n<p><strong>Cantidad: <\/strong>1\u00a0unidad<\/p>\n<\/div>\n<p><strong><a href=\"http:\/\/www.fryxgames.se\/venus-next-expansion\/\">Terraforming Mars\u00a0Venus Next\u00a0<\/a>\u00a0<\/strong>es un juego dise\u00f1ado por\u00a0<strong>Jacob Fryxelius<\/strong>\u00a0publicado por\u00a0<strong><a href=\"http:\/\/www.fryxgames.se\/games\/terraforming-mars\/\">Fryx Games<\/a>.<\/strong>\u00a0<strong>Customeeple<\/strong> no mantiene ninguna relaci\u00f3n con esa compa\u00f1\u00eda y este producto no est\u00e1 de ninguna manera patrocinado por ellos.<\/p>\n<p>&nbsp;<\/p>\n","protected":false},"excerpt":{"rendered":"<p>Ficha de metacrilato compatible con\u00a0<a href=\"http:\/\/www.fryxgames.se\/venus-next-expansion\/\"><strong>Terraforming Mars\u00a0Venus Next\u00a0<\/strong><\/a><\/p>\n","protected":false},"featured_media":32311,"template":"","meta":{"_acf_changed":false},"product_brand":[],"product_cat":[191],"product_tag":[1099],"class_list":{"0":"post-32298","1":"product","2":"type-product","3":"status-publish","4":"has-post-thumbnail","6":"product_cat-accesorios","7":"product_tag-terraforming-mars-es","9":"first","10":"instock","11":"taxable","12":"shipping-taxable","13":"purchasable","14":"product-type-simple"},"exclude_global_add_ons":[],"addons":[],"acf":[],"_links":{"self":[{"href":"https:\/\/www.customeeple.com\/es\/wp-json\/wp\/v2\/product\/32298","targetHints":{"allow":["GET"]}}],"collection":[{"href":"https:\/\/www.customeeple.com\/es\/wp-json\/wp\/v2\/product"}],"about":[{"href":"https:\/\/www.customeeple.com\/es\/wp-json\/wp\/v2\/types\/product"}],"wp:featuredmedia":[{"embeddable":true,"href":"https:\/\/www.customeeple.com\/es\/wp-json\/wp\/v2\/media\/32311"}],"wp:attachment":[{"href":"https:\/\/www.customeeple.com\/es\/wp-json\/wp\/v2\/media?parent=32298"}],"wp:term":[{"taxonomy":"product_brand","embeddable":true,"href":"https:\/\/www.customeeple.com\/es\/wp-json\/wp\/v2\/product_brand?post=32298"},{"taxonomy":"product_cat","embeddable":true,"href":"https:\/\/www.customeeple.com\/es\/wp-json\/wp\/v2\/product_cat?post=32298"},{"taxonomy":"product_tag","embeddable":true,"href":"https:\/\/www.customeeple.com\/es\/wp-json\/wp\/v2\/product_tag?post=32298"}],"curies":[{"name":"wp","href":"https:\/\/api.w.org\/{rel}","templated":true}]}}