{"id":32252,"date":"2017-10-14T12:09:09","date_gmt":"2017-11-15T10:09:10","guid":{"rendered":"http:\/\/www.customeeple.com\/?post_type=product&#038;p=32252\/"},"modified":"2019-09-06T10:40:43","modified_gmt":"2019-09-06T08:40:43","slug":"x-wing-el-juego-de-miniaturas-esp","status":"publish","type":"product","link":"https:\/\/www.customeeple.com\/es\/producto\/x-wing-el-juego-de-miniaturas-esp\/","title":{"rendered":"X-Wing: el juego de miniaturas (ESP)"},"content":{"rendered":"<div class=\"p_collection\">\n<div id=\"primary_block\" class=\"clearfix\">\n<div class=\"add-top p_collection\">\n<div>\n<div class=\"premium_subtitle_step_1 color_grey_medium\">Combate t\u00e1ctico espacial en el universo de Star Wars<\/div>\n<div class=\"premium_text_step_1 color_grey_medium\">\n<p class=\"text-left\">Hace Mucho tiempo, en una galaxia muy, muy lejana&#8230;<\/p>\n<p>La guerra civil ha estallado. Pese a hallarse en desventaja, la Alianza Rebelde se enfrenta a la tiran\u00eda del maligno Imperio Gal\u00e1ctico. Aunque los efectivos de la Armada Imperial superan ampliamente en n\u00famero a la flota rebelde, la Alianza conf\u00eda en la habilidad de un pu\u00f1ado de intr\u00e9pidos pilotos para cambiar el destino de la galaxia&#8230;<\/p>\n<p>\u00a1Planea tu estrategia! \u00a1Mueve tus naves! \u00a1Destruye a tu rival!<\/p>\n<p>X-wing es un vertiginoso juego de combate espacial t\u00e1ctico ambientado en el universo de Star Wars. Los jugadores controlan cazas estelares de la Alianza Rebelde o el Imperio Gal\u00e1ctico, asign\u00e1ndoles pilotos y equip\u00e1ndolos con armamento especial y mejoras, para vencer a sus rivales con h\u00e1biles maniobras. Esta caja b\u00e1sica contiene todo lo necesario para que dos jugadores puedan empezar a jugar a X-wing: miniaturas de naves pintadas a mano, dados especiales, cartas, fichas y reglas de inicio r\u00e1pido. Tambi\u00e9n se incluye un manual de reglas avanzadas con misiones especiales que llevan la experiencia de juego a un nuevo nivel<\/p>\n<p>\u00a1Pilotos, a vuestras naves! \u00a1Y que la Fuerza os acompa\u00f1e!<\/p>\n<\/div>\n<\/div>\n<\/div>\n<\/div>\n<\/div>\n<div class=\"product_components double-top add-border\">\n<div>\n<p><strong>Cantidad de jugadores<\/strong>: 2 jugadores<\/p>\n<p><strong>Duraci\u00f3n<\/strong>: 30 minutos<\/p>\n<p><strong>Edad<\/strong>: +14 a\u00f1os<\/p>\n<p><strong>Idioma<\/strong>: Espa\u00f1ol<\/p>\n<\/div>\n<div><\/div>\n<\/div>\n","protected":false},"excerpt":{"rendered":"<p>Boardgame.<\/p>\n","protected":false},"featured_media":32255,"template":"","meta":{"_acf_changed":false},"product_brand":[],"product_cat":[1180,1372,1411],"product_tag":[1264,1280,1326],"class_list":{"0":"post-32252","1":"product","2":"type-product","3":"status-publish","4":"has-post-thumbnail","6":"product_cat-retail-products-es","7":"product_cat-sci-fi-es","8":"product_cat-star-wars-x-wing-es","9":"product_tag-boardgame-es","10":"product_tag-juego-de-mesa-es","11":"product_tag-starwars-es","13":"first","14":"outofstock","15":"taxable","16":"shipping-taxable","17":"purchasable","18":"product-type-simple"},"exclude_global_add_ons":[],"addons":[],"acf":[],"_links":{"self":[{"href":"https:\/\/www.customeeple.com\/es\/wp-json\/wp\/v2\/product\/32252","targetHints":{"allow":["GET"]}}],"collection":[{"href":"https:\/\/www.customeeple.com\/es\/wp-json\/wp\/v2\/product"}],"about":[{"href":"https:\/\/www.customeeple.com\/es\/wp-json\/wp\/v2\/types\/product"}],"wp:featuredmedia":[{"embeddable":true,"href":"https:\/\/www.customeeple.com\/es\/wp-json\/wp\/v2\/media\/32255"}],"wp:attachment":[{"href":"https:\/\/www.customeeple.com\/es\/wp-json\/wp\/v2\/media?parent=32252"}],"wp:term":[{"taxonomy":"product_brand","embeddable":true,"href":"https:\/\/www.customeeple.com\/es\/wp-json\/wp\/v2\/product_brand?post=32252"},{"taxonomy":"product_cat","embeddable":true,"href":"https:\/\/www.customeeple.com\/es\/wp-json\/wp\/v2\/product_cat?post=32252"},{"taxonomy":"product_tag","embeddable":true,"href":"https:\/\/www.customeeple.com\/es\/wp-json\/wp\/v2\/product_tag?post=32252"}],"curies":[{"name":"wp","href":"https:\/\/api.w.org\/{rel}","templated":true}]}}