{"id":32184,"date":"2017-10-14T14:23:49","date_gmt":"2017-10-14T12:23:49","guid":{"rendered":"http:\/\/www.customeeple.com\/?post_type=product&#038;p=32184\/"},"modified":"2025-12-06T18:33:29","modified_gmt":"2025-12-06T17:33:29","slug":"xcom-el-juego-de-tablero-esp","status":"publish","type":"product","link":"https:\/\/www.customeeple.com\/es\/producto\/xcom-el-juego-de-tablero-esp\/","title":{"rendered":"XCOM: El Juego de Tablero (ESP)"},"content":{"rendered":"<div class=\"p_collection\">\n<div id=\"primary_block\" class=\"clearfix\">\n<div class=\"add-top p_collection\">\n<div>\n<p class=\"claim_collection_big\">XCOM: el juego de tablero es un juego de mesa cooperativo de defensa global para 1\u20134 jugadores. Mientras unos invasores alien\u00edgenas desconocidos redoblan sus ataques contra la Tierra, hasta tres amigos y t\u00fa har\u00e9is de jefes de departamento de XCOM, una organizaci\u00f3n internacional militar de \u00e9lite. Debes destruir OVNIs, investigar tecnolog\u00edas alien\u00edgenas, completar misiones cruciales y encontrar alg\u00fan modo de evitar el colapso de la civilizaci\u00f3n humana. Eres la \u00faltima esperanza de la humanidad.<\/p>\n<\/div>\n<div class=\"add-top p_collection\">\n<p>Al mando de la organizaci\u00f3n militar de \u00e9lite conocida como XCOM, tus amigos y t\u00fa deb\u00e9is encontrar alg\u00fan modo de repeler una invasi\u00f3n alien\u00edgena en aumento. Mientras aparecen OVNIs en \u00f3rbita y el p\u00e1nico mundial amenaza con socavar los gobiernos de cada pa\u00eds, la aplicaci\u00f3n complementaria gratuita del juego y las mec\u00e1nicas de dados de tentar a la suerte te sumergen en la tensi\u00f3n y la incertidumbre de una desesperada guerra contra un enemigo desconocido.<\/p>\n<p>El aspecto m\u00e1s notable de\u00a0<em>XCOM: el juego de tablero<\/em>\u00a0es c\u00f3mo incorpora una aplicaci\u00f3n complementaria gratuita en su sistema de juego. Es f\u00e1cil acceder a ella, ya que est\u00e1 disponible como herramienta online y como aplicaci\u00f3n descargable.<\/p>\n<p>Durante tus partidas, la aplicaci\u00f3n aumenta el suspense, ya que coordina la invasi\u00f3n alien\u00edgena y permite una estructura de turnos din\u00e1mica, algo que ser\u00eda imposible sin ella.<\/p>\n<\/div>\n<p><strong>Componentes<\/strong>: 1 Tablero de juego, 12 Soldados XCOM, 8 interceptores, 24 OVNIS, 5 dados especiales y m\u00e1s de 200 cartas y fichas.<\/p>\n<\/div>\n<\/div>\n<\/div>\n<div class=\"product_components double-top add-border\">\n<div>\n<p><strong>Cantidad de jugadores<\/strong>: 1 a 4 jugadores<\/p>\n<p><strong>Duraci\u00f3n<\/strong>: 1-2 horas<\/p>\n<p><strong>Edad<\/strong>: +14 a\u00f1os<\/p>\n<p><strong>Idioma<\/strong>: Espa\u00f1ol<\/p>\n<\/div>\n<div><\/div>\n<\/div>\n","protected":false},"excerpt":{"rendered":"<p>Boardgame.<\/p>\n","protected":false},"featured_media":32186,"template":"","meta":{"_acf_changed":false},"product_brand":[],"product_cat":[1653,1556,1180],"product_tag":[1264,1280],"class_list":{"0":"post-32184","1":"product","2":"type-product","3":"status-publish","4":"has-post-thumbnail","6":"product_cat-boardgames","7":"product_cat-board-games-es","8":"product_cat-retail-products-es","9":"product_tag-boardgame-es","10":"product_tag-juego-de-mesa-es","12":"first","13":"outofstock","14":"sale","15":"taxable","16":"shipping-taxable","17":"purchasable","18":"product-type-simple"},"exclude_global_add_ons":[],"addons":[],"acf":[],"_links":{"self":[{"href":"https:\/\/www.customeeple.com\/es\/wp-json\/wp\/v2\/product\/32184","targetHints":{"allow":["GET"]}}],"collection":[{"href":"https:\/\/www.customeeple.com\/es\/wp-json\/wp\/v2\/product"}],"about":[{"href":"https:\/\/www.customeeple.com\/es\/wp-json\/wp\/v2\/types\/product"}],"wp:featuredmedia":[{"embeddable":true,"href":"https:\/\/www.customeeple.com\/es\/wp-json\/wp\/v2\/media\/32186"}],"wp:attachment":[{"href":"https:\/\/www.customeeple.com\/es\/wp-json\/wp\/v2\/media?parent=32184"}],"wp:term":[{"taxonomy":"product_brand","embeddable":true,"href":"https:\/\/www.customeeple.com\/es\/wp-json\/wp\/v2\/product_brand?post=32184"},{"taxonomy":"product_cat","embeddable":true,"href":"https:\/\/www.customeeple.com\/es\/wp-json\/wp\/v2\/product_cat?post=32184"},{"taxonomy":"product_tag","embeddable":true,"href":"https:\/\/www.customeeple.com\/es\/wp-json\/wp\/v2\/product_tag?post=32184"}],"curies":[{"name":"wp","href":"https:\/\/api.w.org\/{rel}","templated":true}]}}