{"id":32108,"date":"2017-10-14T14:50:03","date_gmt":"2017-11-13T12:50:04","guid":{"rendered":"http:\/\/www.customeeple.com\/?post_type=product&#038;p=32108\/"},"modified":"2019-09-06T10:38:51","modified_gmt":"2019-09-06T08:38:51","slug":"danza-del-huevo-esp","status":"publish","type":"product","link":"https:\/\/www.customeeple.com\/es\/producto\/danza-del-huevo-esp\/","title":{"rendered":"Danza del Huevo (ESP)"},"content":{"rendered":"<div class=\"p_collection\">\n<div id=\"primary_block\" class=\"clearfix\">\n<div class=\"add-top p_collection\">\n<p><span class=\"br\">\u00bfQui\u00e9n conseguir\u00e1 atrapar la mayor\u00eda de los huevos y reunir por tanto muchos puntos? S\u00f3lo tendr\u00e1 la oportunidad de ganar la partida el jugador que al final mantenga el mayor n\u00famero de huevos en las partes del cuerpo m\u00e1s disparatadas. Pero esa no es tarea nada sencilla porque los huevos van dando saltos a lo loco y van cambiando continuamente de propietario&#8230; Y la partida se acaba tambi\u00e9n en el momento en que un jugador deja caer uno de sus huevos.<\/span><\/p>\n<p><strong>Componentes<\/strong>: 1 huevo de madera, 9 huevos \u201csaltarines\u201d de goma, 1 dado de acci\u00f3n rojo, 1 dado \u201c\u00bfd\u00f3nde colocar el huevo?\u201d, instrucciones.<\/p>\n<\/div>\n<\/div>\n<\/div>\n<div class=\"product_components double-top add-border\">\n<div>\n<p><strong>Cantidad de jugadores<\/strong>: 2 a 4 jugadores<\/p>\n<p><strong>Duraci\u00f3n<\/strong>: 10 minutos<\/p>\n<p><strong>Edad<\/strong>: +5 a\u00f1os<\/p>\n<p><strong>Idioma<\/strong>: Espa\u00f1ol<\/p>\n<\/div>\n<div><\/div>\n<\/div>\n","protected":false},"excerpt":{"rendered":"<p>Boardgame.<\/p>\n","protected":false},"featured_media":32110,"template":"","meta":{"_acf_changed":false},"product_brand":[],"product_cat":[1561,1564,1653,1180],"product_tag":[1264,1280],"class_list":{"0":"post-32108","1":"product","2":"type-product","3":"status-publish","4":"has-post-thumbnail","6":"product_cat-familiar-es","7":"product_cat-childrens-es","8":"product_cat-boardgames","9":"product_cat-retail-products-es","10":"product_tag-boardgame-es","11":"product_tag-juego-de-mesa-es","13":"first","14":"outofstock","15":"sale","16":"taxable","17":"shipping-taxable","18":"purchasable","19":"product-type-simple"},"exclude_global_add_ons":[],"addons":[],"acf":[],"_links":{"self":[{"href":"https:\/\/www.customeeple.com\/es\/wp-json\/wp\/v2\/product\/32108","targetHints":{"allow":["GET"]}}],"collection":[{"href":"https:\/\/www.customeeple.com\/es\/wp-json\/wp\/v2\/product"}],"about":[{"href":"https:\/\/www.customeeple.com\/es\/wp-json\/wp\/v2\/types\/product"}],"wp:featuredmedia":[{"embeddable":true,"href":"https:\/\/www.customeeple.com\/es\/wp-json\/wp\/v2\/media\/32110"}],"wp:attachment":[{"href":"https:\/\/www.customeeple.com\/es\/wp-json\/wp\/v2\/media?parent=32108"}],"wp:term":[{"taxonomy":"product_brand","embeddable":true,"href":"https:\/\/www.customeeple.com\/es\/wp-json\/wp\/v2\/product_brand?post=32108"},{"taxonomy":"product_cat","embeddable":true,"href":"https:\/\/www.customeeple.com\/es\/wp-json\/wp\/v2\/product_cat?post=32108"},{"taxonomy":"product_tag","embeddable":true,"href":"https:\/\/www.customeeple.com\/es\/wp-json\/wp\/v2\/product_tag?post=32108"}],"curies":[{"name":"wp","href":"https:\/\/api.w.org\/{rel}","templated":true}]}}