{"id":32102,"date":"2017-10-14T14:45:09","date_gmt":"2017-10-14T13:45:09","guid":{"rendered":"http:\/\/www.customeeple.com\/?post_type=product&#038;p=32102\/"},"modified":"2017-11-13T14:49:13","modified_gmt":"2017-11-13T12:49:13","slug":"el-frutal-esp","status":"publish","type":"product","link":"https:\/\/www.customeeple.com\/es\/producto\/el-frutal-esp\/","title":{"rendered":"El Frutal (ESP)"},"content":{"rendered":"<div class=\"p_collection\">\n<div id=\"primary_block\" class=\"clearfix\">\n<div class=\"add-top p_collection\">\n<p><span class=\"br\">Cerezas crujientes, manzanas jugosas, peras dulces y deliciosas ciruelas cuelgan de los \u00e1rboles. El cuervo lo sabe y procurar\u00e1 ser m\u00e1s r\u00e1pido que vosotros.<\/span><\/p>\n<p><strong>Componentes<\/strong>: 10 manzanas, 10 peras, 10 pares de cerezas, 10 ciruelas, 4 cestas para recolectar la fruta, 1 puzzle del cuervo (9 piezas), 1 dado de colores y s\u00edmbolos, 1 tablero.<\/p>\n<\/div>\n<\/div>\n<\/div>\n<div class=\"product_components double-top add-border\">\n<div>\n<p><strong>Cantidad de jugadores<\/strong>: hasta 8 jugadores<\/p>\n<p><strong>Duraci\u00f3n<\/strong>: 10\/15 minutos<\/p>\n<p><strong>Edad<\/strong>: 3\/6 a\u00f1os<\/p>\n<p><strong>Idioma<\/strong>: Espa\u00f1ol<\/p>\n<\/div>\n<div><\/div>\n<\/div>\n","protected":false},"excerpt":{"rendered":"<p>Boardgame.<\/p>\n","protected":false},"featured_media":32104,"template":"","meta":{"_acf_changed":false},"product_brand":[],"product_cat":[1991,1564,1653,1556,1180],"product_tag":[1264,1280],"class_list":{"0":"post-32102","1":"product","2":"type-product","3":"status-publish","4":"has-post-thumbnail","6":"product_cat-ha-es","7":"product_cat-childrens-es","8":"product_cat-boardgames","9":"product_cat-board-games-es","10":"product_cat-retail-products-es","11":"product_tag-boardgame-es","12":"product_tag-juego-de-mesa-es","14":"first","15":"onbackorder","16":"sale","17":"taxable","18":"shipping-taxable","19":"purchasable","20":"product-type-simple"},"exclude_global_add_ons":[],"addons":[],"acf":[],"_links":{"self":[{"href":"https:\/\/www.customeeple.com\/es\/wp-json\/wp\/v2\/product\/32102","targetHints":{"allow":["GET"]}}],"collection":[{"href":"https:\/\/www.customeeple.com\/es\/wp-json\/wp\/v2\/product"}],"about":[{"href":"https:\/\/www.customeeple.com\/es\/wp-json\/wp\/v2\/types\/product"}],"wp:featuredmedia":[{"embeddable":true,"href":"https:\/\/www.customeeple.com\/es\/wp-json\/wp\/v2\/media\/32104"}],"wp:attachment":[{"href":"https:\/\/www.customeeple.com\/es\/wp-json\/wp\/v2\/media?parent=32102"}],"wp:term":[{"taxonomy":"product_brand","embeddable":true,"href":"https:\/\/www.customeeple.com\/es\/wp-json\/wp\/v2\/product_brand?post=32102"},{"taxonomy":"product_cat","embeddable":true,"href":"https:\/\/www.customeeple.com\/es\/wp-json\/wp\/v2\/product_cat?post=32102"},{"taxonomy":"product_tag","embeddable":true,"href":"https:\/\/www.customeeple.com\/es\/wp-json\/wp\/v2\/product_tag?post=32102"}],"curies":[{"name":"wp","href":"https:\/\/api.w.org\/{rel}","templated":true}]}}